{"id":7948,"date":"2024-04-04T16:34:04","date_gmt":"2024-04-04T16:34:04","guid":{"rendered":"https:\/\/mycoland.ee\/%d0%be-%d0%bd%d0%b0%d1%81-2\/"},"modified":"2024-04-04T16:34:05","modified_gmt":"2024-04-04T16:34:05","slug":"%d0%be-%d0%bd%d0%b0%d1%81-2","status":"publish","type":"page","link":"https:\/\/mycoland.ee\/ru\/%d0%be-%d0%bd%d0%b0%d1%81-2\/","title":{"rendered":"\u041e \u043d\u0430\u0441"},"content":{"rendered":"\t\t<div data-elementor-type=\"wp-page\" data-elementor-id=\"7948\" class=\"elementor elementor-7948 elementor-6850\">\n\t\t\t\t<div class=\"elementor-element elementor-element-124d1a5 e-con-full e-flex e-con e-parent\" data-id=\"124d1a5\" data-element_type=\"container\" data-e-type=\"container\" data-settings=\"{&quot;background_background&quot;:&quot;classic&quot;}\">\n\t\t<div class=\"elementor-element elementor-element-05db6ae e-con-full e-flex e-con e-child\" data-id=\"05db6ae\" data-element_type=\"container\" data-e-type=\"container\">\n\t\t\t\t<div class=\"elementor-element elementor-element-f64c59c elementor-widget elementor-widget-heading\" data-id=\"f64c59c\" data-element_type=\"widget\" data-e-type=\"widget\" data-widget_type=\"heading.default\">\n\t\t\t\t<div class=\"elementor-widget-container\">\n\t\t\t\t\t<h1 class=\"elementor-heading-title elementor-size-default\">\u041e \u043d\u0430\u0441<\/h1>\t\t\t\t<\/div>\n\t\t\t\t<\/div>\n\t\t\t\t<\/div>\n\t\t\t\t<\/div>\n\t\t<div class=\"elementor-element elementor-element-d361be3 e-con-full e-flex e-con e-parent\" data-id=\"d361be3\" data-element_type=\"container\" data-e-type=\"container\" data-settings=\"{&quot;background_background&quot;:&quot;classic&quot;}\">\n\t\t<div class=\"elementor-element elementor-element-079ac3d e-con-full e-flex e-con e-child\" data-id=\"079ac3d\" data-element_type=\"container\" data-e-type=\"container\">\n\t\t<div class=\"elementor-element elementor-element-812ae0a e-con-full e-flex e-con e-child\" data-id=\"812ae0a\" data-element_type=\"container\" data-e-type=\"container\">\n\t\t<div class=\"elementor-element elementor-element-ae9bec5 e-con-full e-flex e-con e-child\" data-id=\"ae9bec5\" data-element_type=\"container\" data-e-type=\"container\" data-settings=\"{&quot;background_background&quot;:&quot;classic&quot;}\">\n\t\t\t\t<div class=\"elementor-element elementor-element-c6b45fd elementor-widget-divider--view-line elementor-widget elementor-widget-divider\" data-id=\"c6b45fd\" data-element_type=\"widget\" data-e-type=\"widget\" data-widget_type=\"divider.default\">\n\t\t\t\t<div class=\"elementor-widget-container\">\n\t\t\t\t\t\t\t<div class=\"elementor-divider\">\n\t\t\t<span class=\"elementor-divider-separator\">\n\t\t\t\t\t\t<\/span>\n\t\t<\/div>\n\t\t\t\t\t\t<\/div>\n\t\t\t\t<\/div>\n\t\t\t\t<div class=\"elementor-element elementor-element-85b9add elementor-widget elementor-widget-image-box\" data-id=\"85b9add\" data-element_type=\"widget\" data-e-type=\"widget\" data-widget_type=\"image-box.default\">\n\t\t\t\t<div class=\"elementor-widget-container\">\n\t\t\t\t\t<div class=\"elementor-image-box-wrapper\"><div class=\"elementor-image-box-content\"><h2 class=\"elementor-image-box-title\">\u0427\u0442\u043e \u043c\u044b \u0434\u0435\u043b\u0430\u0435\u043c?<\/h2><p class=\"elementor-image-box-description\">Mycoland on seenepakkude kasvatusega tegelenud juba 8 aastat. See on v\u00f5tnud omajagu aega, et tutvustada inimestele seente kasvatamist kodus. Aga enam ei k\u00fcsita laatadel, mis see on, vaid, kuidas seda istutada \ud83d\ude42 Ka \u00fcle\u00fcldine teadlikkus seentest kasvab iga aastaga. Mis on eluliselt t\u00e4htis, sest sellest s\u00f5na otseses m\u00f5ttes s\u00f5ltub elu. Seened on p\u00f5nev valdkond ning t\u00e4htis osa looduse ringist. Lisav\u00e4\u00e4rtuseks, et neid saab ka suhu pista \ud83d\ude42<\/p><\/div><\/div>\t\t\t\t<\/div>\n\t\t\t\t<\/div>\n\t\t\t\t<\/div>\n\t\t<div class=\"elementor-element elementor-element-cf26a31 e-con-full e-flex e-con e-child\" data-id=\"cf26a31\" data-element_type=\"container\" data-e-type=\"container\" data-settings=\"{&quot;background_background&quot;:&quot;classic&quot;}\">\n\t\t\t\t<div class=\"elementor-element elementor-element-24a50ad elementor-widget elementor-widget-image\" data-id=\"24a50ad\" data-element_type=\"widget\" data-e-type=\"widget\" data-widget_type=\"image.default\">\n\t\t\t\t<div class=\"elementor-widget-container\">\n\t\t\t\t\t\t\t\t\t\t\t\t\t\t\t<img fetchpriority=\"high\" decoding=\"async\" width=\"720\" height=\"960\" src=\"https:\/\/www.mycoland.ee\/wp-content\/uploads\/2020\/10\/seenepakkude-tegemine.jpg\" class=\"attachment-full size-full wp-image-5989\" alt=\"\" srcset=\"https:\/\/www.mycoland.ee\/wp-content\/uploads\/2020\/10\/seenepakkude-tegemine.jpg 720w, https:\/\/www.mycoland.ee\/wp-content\/uploads\/2020\/10\/seenepakkude-tegemine-225x300.jpg 225w, https:\/\/www.mycoland.ee\/wp-content\/uploads\/2020\/10\/seenepakkude-tegemine-600x800.jpg 600w\" sizes=\"(max-width: 720px) 100vw, 720px\" \/>\t\t\t\t\t\t\t\t\t\t\t\t\t\t\t<\/div>\n\t\t\t\t<\/div>\n\t\t\t\t<\/div>\n\t\t\t\t<\/div>\n\t\t\t\t<\/div>\n\t\t\t\t<\/div>\n\t\t<div class=\"elementor-element elementor-element-11537e0 e-con-full e-flex e-con e-parent\" data-id=\"11537e0\" data-element_type=\"container\" data-e-type=\"container\" data-settings=\"{&quot;background_background&quot;:&quot;classic&quot;}\">\n\t\t<div class=\"elementor-element elementor-element-a847031 e-con-full e-flex e-con e-child\" data-id=\"a847031\" data-element_type=\"container\" data-e-type=\"container\">\n\t\t<div class=\"elementor-element elementor-element-f4b4fc9 e-con-full e-flex e-con e-child\" data-id=\"f4b4fc9\" data-element_type=\"container\" data-e-type=\"container\">\n\t\t<div class=\"elementor-element elementor-element-56d4221 e-con-full e-flex e-con e-child\" data-id=\"56d4221\" data-element_type=\"container\" data-e-type=\"container\" data-settings=\"{&quot;background_background&quot;:&quot;classic&quot;}\">\n\t\t\t\t<div class=\"elementor-element elementor-element-7221cfa elementor-widget elementor-widget-image\" data-id=\"7221cfa\" data-element_type=\"widget\" data-e-type=\"widget\" data-widget_type=\"image.default\">\n\t\t\t\t<div class=\"elementor-widget-container\">\n\t\t\t\t\t\t\t\t\t\t\t\t\t\t\t<img decoding=\"async\" width=\"1920\" height=\"2560\" src=\"https:\/\/www.mycoland.ee\/wp-content\/uploads\/2020\/10\/20200613_184614-scaled.jpg\" class=\"attachment-full size-full wp-image-5990\" alt=\"\" srcset=\"https:\/\/www.mycoland.ee\/wp-content\/uploads\/2020\/10\/20200613_184614-scaled.jpg 1920w, https:\/\/www.mycoland.ee\/wp-content\/uploads\/2020\/10\/20200613_184614-225x300.jpg 225w, https:\/\/www.mycoland.ee\/wp-content\/uploads\/2020\/10\/20200613_184614-768x1024.jpg 768w, https:\/\/www.mycoland.ee\/wp-content\/uploads\/2020\/10\/20200613_184614-1152x1536.jpg 1152w, https:\/\/www.mycoland.ee\/wp-content\/uploads\/2020\/10\/20200613_184614-1536x2048.jpg 1536w, https:\/\/www.mycoland.ee\/wp-content\/uploads\/2020\/10\/20200613_184614-600x800.jpg 600w\" sizes=\"(max-width: 1920px) 100vw, 1920px\" \/>\t\t\t\t\t\t\t\t\t\t\t\t\t\t\t<\/div>\n\t\t\t\t<\/div>\n\t\t\t\t<\/div>\n\t\t<div class=\"elementor-element elementor-element-8f69815 e-con-full e-flex e-con e-child\" data-id=\"8f69815\" data-element_type=\"container\" data-e-type=\"container\" data-settings=\"{&quot;background_background&quot;:&quot;classic&quot;}\">\n\t\t\t\t<div class=\"elementor-element elementor-element-98fd22c elementor-widget-divider--view-line elementor-widget elementor-widget-divider\" data-id=\"98fd22c\" data-element_type=\"widget\" data-e-type=\"widget\" data-widget_type=\"divider.default\">\n\t\t\t\t<div class=\"elementor-widget-container\">\n\t\t\t\t\t\t\t<div class=\"elementor-divider\">\n\t\t\t<span class=\"elementor-divider-separator\">\n\t\t\t\t\t\t<\/span>\n\t\t<\/div>\n\t\t\t\t\t\t<\/div>\n\t\t\t\t<\/div>\n\t\t\t\t<div class=\"elementor-element elementor-element-1b43fc1 elementor-widget elementor-widget-image-box\" data-id=\"1b43fc1\" data-element_type=\"widget\" data-e-type=\"widget\" data-widget_type=\"image-box.default\">\n\t\t\t\t<div class=\"elementor-widget-container\">\n\t\t\t\t\t<div class=\"elementor-image-box-wrapper\"><div class=\"elementor-image-box-content\"><h2 class=\"elementor-image-box-title\">Meie \u041cissioon<\/h2><p class=\"elementor-image-box-description\">Igal aastal \u00fcritame uusi p\u00f5nevaid seeneniidistikke turule tuua ning tutvustada, sest m\u00f5ned on ka meie looduse seened, aga mida inimesed h\u00e4sti ei tunne. N\u00e4iteks uhke nimega Enokitake on puidu sametk\u00f5rges (Flammulina velutipes), mis ilmub ka meie metsadesse jahedate ilmadega. Kasvandustes on ta aga valge ja pikk nagu niit, sest valguse puudumisel venib v\u00e4lja ja muutub kahvatuks.<\/p><\/div><\/div>\t\t\t\t<\/div>\n\t\t\t\t<\/div>\n\t\t\t\t<\/div>\n\t\t\t\t<\/div>\n\t\t\t\t<\/div>\n\t\t\t\t<\/div>\n\t\t<div class=\"elementor-element elementor-element-7374535 e-con-full e-flex e-con e-parent\" data-id=\"7374535\" data-element_type=\"container\" data-e-type=\"container\" data-settings=\"{&quot;background_background&quot;:&quot;classic&quot;}\">\n\t\t<div class=\"elementor-element elementor-element-3001530 e-con-full e-flex e-con e-child\" data-id=\"3001530\" data-element_type=\"container\" data-e-type=\"container\">\n\t\t<div class=\"elementor-element elementor-element-103ca8a e-con-full e-flex e-con e-child\" data-id=\"103ca8a\" data-element_type=\"container\" data-e-type=\"container\">\n\t\t<div class=\"elementor-element elementor-element-3fac643 e-con-full e-flex e-con e-child\" data-id=\"3fac643\" data-element_type=\"container\" data-e-type=\"container\" data-settings=\"{&quot;background_background&quot;:&quot;classic&quot;}\">\n\t\t\t\t<div class=\"elementor-element elementor-element-6188469 elementor-widget-divider--view-line elementor-widget elementor-widget-divider\" data-id=\"6188469\" data-element_type=\"widget\" data-e-type=\"widget\" data-widget_type=\"divider.default\">\n\t\t\t\t<div class=\"elementor-widget-container\">\n\t\t\t\t\t\t\t<div class=\"elementor-divider\">\n\t\t\t<span class=\"elementor-divider-separator\">\n\t\t\t\t\t\t<\/span>\n\t\t<\/div>\n\t\t\t\t\t\t<\/div>\n\t\t\t\t<\/div>\n\t\t\t\t<div class=\"elementor-element elementor-element-ebe67d6 elementor-widget elementor-widget-image-box\" data-id=\"ebe67d6\" data-element_type=\"widget\" data-e-type=\"widget\" data-widget_type=\"image-box.default\">\n\t\t\t\t<div class=\"elementor-widget-container\">\n\t\t\t\t\t<div class=\"elementor-image-box-wrapper\"><div class=\"elementor-image-box-content\"><h2 class=\"elementor-image-box-title\">Seenemaailm on p\u00f5nev<\/h2><p class=\"elementor-image-box-description\">Seente maailm on p\u00f5nev ning meil on hea meel, et saame seda ka teiega jagada!<\/p><\/div><\/div>\t\t\t\t<\/div>\n\t\t\t\t<\/div>\n\t\t\t\t<\/div>\n\t\t<div class=\"elementor-element elementor-element-eff262c e-con-full e-flex e-con e-child\" data-id=\"eff262c\" data-element_type=\"container\" data-e-type=\"container\" data-settings=\"{&quot;background_background&quot;:&quot;classic&quot;}\">\n\t\t\t\t<div class=\"elementor-element elementor-element-b00d596 elementor-widget elementor-widget-image\" data-id=\"b00d596\" data-element_type=\"widget\" data-e-type=\"widget\" data-widget_type=\"image.default\">\n\t\t\t\t<div class=\"elementor-widget-container\">\n\t\t\t\t\t\t\t\t\t\t\t\t\t\t\t<img decoding=\"async\" width=\"598\" height=\"598\" src=\"https:\/\/www.mycoland.ee\/wp-content\/uploads\/2023\/12\/3-laota-mutseel-2.jpg\" class=\"attachment-large size-large wp-image-6298\" alt=\"\" srcset=\"https:\/\/www.mycoland.ee\/wp-content\/uploads\/2023\/12\/3-laota-mutseel-2.jpg 598w, https:\/\/www.mycoland.ee\/wp-content\/uploads\/2023\/12\/3-laota-mutseel-2-300x300.jpg 300w, https:\/\/www.mycoland.ee\/wp-content\/uploads\/2023\/12\/3-laota-mutseel-2-150x150.jpg 150w, https:\/\/www.mycoland.ee\/wp-content\/uploads\/2023\/12\/3-laota-mutseel-2-100x100.jpg 100w, https:\/\/www.mycoland.ee\/wp-content\/uploads\/2023\/12\/3-laota-mutseel-2-64x64.jpg 64w\" sizes=\"(max-width: 598px) 100vw, 598px\" \/>\t\t\t\t\t\t\t\t\t\t\t\t\t\t\t<\/div>\n\t\t\t\t<\/div>\n\t\t\t\t<\/div>\n\t\t\t\t<\/div>\n\t\t\t\t<\/div>\n\t\t\t\t<\/div>\n\t\t\t\t<\/div>\n\t\t","protected":false},"excerpt":{"rendered":"<p>\u041e \u043d\u0430\u0441 \u0427\u0442\u043e \u043c\u044b \u0434\u0435\u043b\u0430\u0435\u043c? Mycoland on seenepakkude kasvatusega tegelenud juba 8 aastat. See on v\u00f5tnud omajagu aega, et tutvustada inimestele seente kasvatamist kodus. Aga enam ei k\u00fcsita laatadel, mis see on, vaid, kuidas seda istutada \ud83d\ude42 Ka \u00fcle\u00fcldine teadlikkus seentest kasvab iga aastaga. Mis on eluliselt t\u00e4htis, sest sellest s\u00f5na otseses m\u00f5ttes s\u00f5ltub elu. [&hellip;]<\/p>\n","protected":false},"author":2,"featured_media":6137,"parent":0,"menu_order":0,"comment_status":"closed","ping_status":"closed","template":"elementor_header_footer","meta":{"site-sidebar-layout":"no-sidebar","site-content-layout":"page-builder","ast-site-content-layout":"full-width-container","site-content-style":"default","site-sidebar-style":"default","ast-global-header-display":"","ast-banner-title-visibility":"","ast-main-header-display":"","ast-hfb-above-header-display":"","ast-hfb-below-header-display":"","ast-hfb-mobile-header-display":"","site-post-title":"disabled","ast-breadcrumbs-content":"","ast-featured-img":"disabled","footer-sml-layout":"","ast-disable-related-posts":"","theme-transparent-header-meta":"","adv-header-id-meta":"","stick-header-meta":"","header-above-stick-meta":"","header-main-stick-meta":"","header-below-stick-meta":"","astra-migrate-meta-layouts":"default","ast-page-background-enabled":"default","ast-page-background-meta":{"desktop":{"background-color":"","background-image":"","background-repeat":"repeat","background-position":"center center","background-size":"auto","background-attachment":"scroll","background-type":"","background-media":"","overlay-type":"","overlay-color":"","overlay-opacity":"","overlay-gradient":""},"tablet":{"background-color":"","background-image":"","background-repeat":"repeat","background-position":"center center","background-size":"auto","background-attachment":"scroll","background-type":"","background-media":"","overlay-type":"","overlay-color":"","overlay-opacity":"","overlay-gradient":""},"mobile":{"background-color":"","background-image":"","background-repeat":"repeat","background-position":"center center","background-size":"auto","background-attachment":"scroll","background-type":"","background-media":"","overlay-type":"","overlay-color":"","overlay-opacity":"","overlay-gradient":""}},"ast-content-background-meta":{"desktop":{"background-color":"var(--ast-global-color-5)","background-image":"","background-repeat":"repeat","background-position":"center center","background-size":"auto","background-attachment":"scroll","background-type":"","background-media":"","overlay-type":"","overlay-color":"","overlay-opacity":"","overlay-gradient":""},"tablet":{"background-color":"var(--ast-global-color-5)","background-image":"","background-repeat":"repeat","background-position":"center center","background-size":"auto","background-attachment":"scroll","background-type":"","background-media":"","overlay-type":"","overlay-color":"","overlay-opacity":"","overlay-gradient":""},"mobile":{"background-color":"var(--ast-global-color-5)","background-image":"","background-repeat":"repeat","background-position":"center center","background-size":"auto","background-attachment":"scroll","background-type":"","background-media":"","overlay-type":"","overlay-color":"","overlay-opacity":"","overlay-gradient":""}},"footnotes":""},"class_list":["post-7948","page","type-page","status-publish","has-post-thumbnail","hentry"],"yoast_head":"<!-- This site is optimized with the Yoast SEO plugin v27.1.1 - https:\/\/yoast.com\/product\/yoast-seo-wordpress\/ -->\n<title>\u041e \u043d\u0430\u0441 - Mycoland<\/title>\n<meta name=\"robots\" content=\"index, follow, max-snippet:-1, max-image-preview:large, max-video-preview:-1\" \/>\n<link rel=\"canonical\" href=\"https:\/\/mycoland.ee\/ru\/\u043e-\u043d\u0430\u0441-2\/\" \/>\n<meta property=\"og:locale\" content=\"ru_RU\" \/>\n<meta property=\"og:type\" content=\"article\" \/>\n<meta property=\"og:title\" content=\"\u041e \u043d\u0430\u0441 - Mycoland\" \/>\n<meta property=\"og:description\" content=\"\u041e \u043d\u0430\u0441 \u0427\u0442\u043e \u043c\u044b \u0434\u0435\u043b\u0430\u0435\u043c? Mycoland on seenepakkude kasvatusega tegelenud juba 8 aastat. See on v\u00f5tnud omajagu aega, et tutvustada inimestele seente kasvatamist kodus. Aga enam ei k\u00fcsita laatadel, mis see on, vaid, kuidas seda istutada \ud83d\ude42 Ka \u00fcle\u00fcldine teadlikkus seentest kasvab iga aastaga. Mis on eluliselt t\u00e4htis, sest sellest s\u00f5na otseses m\u00f5ttes s\u00f5ltub elu. [&hellip;]\" \/>\n<meta property=\"og:url\" content=\"https:\/\/mycoland.ee\/ru\/\u043e-\u043d\u0430\u0441-2\/\" \/>\n<meta property=\"og:site_name\" content=\"Mycoland\" \/>\n<meta property=\"article:modified_time\" content=\"2024-04-04T16:34:05+00:00\" \/>\n<meta property=\"og:image\" content=\"https:\/\/mycoland.ee\/wp-content\/uploads\/2021\/09\/pais.png\" \/>\n\t<meta property=\"og:image:width\" content=\"1900\" \/>\n\t<meta property=\"og:image:height\" content=\"400\" \/>\n\t<meta property=\"og:image:type\" content=\"image\/png\" \/>\n<meta name=\"twitter:card\" content=\"summary_large_image\" \/>\n<meta name=\"twitter:label1\" content=\"\u041f\u0440\u0438\u043c\u0435\u0440\u043d\u043e\u0435 \u0432\u0440\u0435\u043c\u044f \u0434\u043b\u044f \u0447\u0442\u0435\u043d\u0438\u044f\" \/>\n\t<meta name=\"twitter:data1\" content=\"1 \u043c\u0438\u043d\u0443\u0442\u0430\" \/>\n<script type=\"application\/ld+json\" class=\"yoast-schema-graph\">{\"@context\":\"https:\/\/schema.org\",\"@graph\":[{\"@type\":\"WebPage\",\"@id\":\"https:\/\/mycoland.ee\/ru\/%d0%be-%d0%bd%d0%b0%d1%81-2\/\",\"url\":\"https:\/\/mycoland.ee\/ru\/%d0%be-%d0%bd%d0%b0%d1%81-2\/\",\"name\":\"\u041e \u043d\u0430\u0441 - Mycoland\",\"isPartOf\":{\"@id\":\"https:\/\/www.mycoland.ee\/#website\"},\"primaryImageOfPage\":{\"@id\":\"https:\/\/mycoland.ee\/ru\/%d0%be-%d0%bd%d0%b0%d1%81-2\/#primaryimage\"},\"image\":{\"@id\":\"https:\/\/mycoland.ee\/ru\/%d0%be-%d0%bd%d0%b0%d1%81-2\/#primaryimage\"},\"thumbnailUrl\":\"https:\/\/mycoland.ee\/wp-content\/uploads\/2021\/09\/pais.png\",\"datePublished\":\"2024-04-04T16:34:04+00:00\",\"dateModified\":\"2024-04-04T16:34:05+00:00\",\"breadcrumb\":{\"@id\":\"https:\/\/mycoland.ee\/ru\/%d0%be-%d0%bd%d0%b0%d1%81-2\/#breadcrumb\"},\"inLanguage\":\"ru-RU\",\"potentialAction\":[{\"@type\":\"ReadAction\",\"target\":[\"https:\/\/mycoland.ee\/ru\/%d0%be-%d0%bd%d0%b0%d1%81-2\/\"]}]},{\"@type\":\"ImageObject\",\"inLanguage\":\"ru-RU\",\"@id\":\"https:\/\/mycoland.ee\/ru\/%d0%be-%d0%bd%d0%b0%d1%81-2\/#primaryimage\",\"url\":\"https:\/\/mycoland.ee\/wp-content\/uploads\/2021\/09\/pais.png\",\"contentUrl\":\"https:\/\/mycoland.ee\/wp-content\/uploads\/2021\/09\/pais.png\",\"width\":1900,\"height\":400},{\"@type\":\"BreadcrumbList\",\"@id\":\"https:\/\/mycoland.ee\/ru\/%d0%be-%d0%bd%d0%b0%d1%81-2\/#breadcrumb\",\"itemListElement\":[{\"@type\":\"ListItem\",\"position\":1,\"name\":\"Home\",\"item\":\"https:\/\/mycoland.ee\/ru\/\"},{\"@type\":\"ListItem\",\"position\":2,\"name\":\"\u041e \u043d\u0430\u0441\"}]},{\"@type\":\"WebSite\",\"@id\":\"https:\/\/www.mycoland.ee\/#website\",\"url\":\"https:\/\/www.mycoland.ee\/\",\"name\":\"Mycoland\",\"description\":\"Lihtne ja kasulik lahendus s\u00f6\u00f6giseente kasvatuseks!\",\"publisher\":{\"@id\":\"https:\/\/www.mycoland.ee\/#organization\"},\"potentialAction\":[{\"@type\":\"SearchAction\",\"target\":{\"@type\":\"EntryPoint\",\"urlTemplate\":\"https:\/\/www.mycoland.ee\/?s={search_term_string}\"},\"query-input\":{\"@type\":\"PropertyValueSpecification\",\"valueRequired\":true,\"valueName\":\"search_term_string\"}}],\"inLanguage\":\"ru-RU\"},{\"@type\":\"Organization\",\"@id\":\"https:\/\/www.mycoland.ee\/#organization\",\"name\":\"Mycoland\",\"url\":\"https:\/\/www.mycoland.ee\/\",\"logo\":{\"@type\":\"ImageObject\",\"inLanguage\":\"ru-RU\",\"@id\":\"https:\/\/www.mycoland.ee\/#\/schema\/logo\/image\/\",\"url\":\"https:\/\/mycoland.ee\/wp-content\/uploads\/2020\/10\/Mycoland-logo-taustata-e1602578100166.png\",\"contentUrl\":\"https:\/\/mycoland.ee\/wp-content\/uploads\/2020\/10\/Mycoland-logo-taustata-e1602578100166.png\",\"width\":300,\"height\":128,\"caption\":\"Mycoland\"},\"image\":{\"@id\":\"https:\/\/www.mycoland.ee\/#\/schema\/logo\/image\/\"}}]}<\/script>\n<!-- \/ Yoast SEO plugin. -->","yoast_head_json":{"title":"\u041e \u043d\u0430\u0441 - Mycoland","robots":{"index":"index","follow":"follow","max-snippet":"max-snippet:-1","max-image-preview":"max-image-preview:large","max-video-preview":"max-video-preview:-1"},"canonical":"https:\/\/mycoland.ee\/ru\/\u043e-\u043d\u0430\u0441-2\/","og_locale":"ru_RU","og_type":"article","og_title":"\u041e \u043d\u0430\u0441 - Mycoland","og_description":"\u041e \u043d\u0430\u0441 \u0427\u0442\u043e \u043c\u044b \u0434\u0435\u043b\u0430\u0435\u043c? Mycoland on seenepakkude kasvatusega tegelenud juba 8 aastat. See on v\u00f5tnud omajagu aega, et tutvustada inimestele seente kasvatamist kodus. Aga enam ei k\u00fcsita laatadel, mis see on, vaid, kuidas seda istutada \ud83d\ude42 Ka \u00fcle\u00fcldine teadlikkus seentest kasvab iga aastaga. Mis on eluliselt t\u00e4htis, sest sellest s\u00f5na otseses m\u00f5ttes s\u00f5ltub elu. [&hellip;]","og_url":"https:\/\/mycoland.ee\/ru\/\u043e-\u043d\u0430\u0441-2\/","og_site_name":"Mycoland","article_modified_time":"2024-04-04T16:34:05+00:00","og_image":[{"width":1900,"height":400,"url":"https:\/\/mycoland.ee\/wp-content\/uploads\/2021\/09\/pais.png","type":"image\/png"}],"twitter_card":"summary_large_image","twitter_misc":{"\u041f\u0440\u0438\u043c\u0435\u0440\u043d\u043e\u0435 \u0432\u0440\u0435\u043c\u044f \u0434\u043b\u044f \u0447\u0442\u0435\u043d\u0438\u044f":"1 \u043c\u0438\u043d\u0443\u0442\u0430"},"schema":{"@context":"https:\/\/schema.org","@graph":[{"@type":"WebPage","@id":"https:\/\/mycoland.ee\/ru\/%d0%be-%d0%bd%d0%b0%d1%81-2\/","url":"https:\/\/mycoland.ee\/ru\/%d0%be-%d0%bd%d0%b0%d1%81-2\/","name":"\u041e \u043d\u0430\u0441 - Mycoland","isPartOf":{"@id":"https:\/\/www.mycoland.ee\/#website"},"primaryImageOfPage":{"@id":"https:\/\/mycoland.ee\/ru\/%d0%be-%d0%bd%d0%b0%d1%81-2\/#primaryimage"},"image":{"@id":"https:\/\/mycoland.ee\/ru\/%d0%be-%d0%bd%d0%b0%d1%81-2\/#primaryimage"},"thumbnailUrl":"https:\/\/mycoland.ee\/wp-content\/uploads\/2021\/09\/pais.png","datePublished":"2024-04-04T16:34:04+00:00","dateModified":"2024-04-04T16:34:05+00:00","breadcrumb":{"@id":"https:\/\/mycoland.ee\/ru\/%d0%be-%d0%bd%d0%b0%d1%81-2\/#breadcrumb"},"inLanguage":"ru-RU","potentialAction":[{"@type":"ReadAction","target":["https:\/\/mycoland.ee\/ru\/%d0%be-%d0%bd%d0%b0%d1%81-2\/"]}]},{"@type":"ImageObject","inLanguage":"ru-RU","@id":"https:\/\/mycoland.ee\/ru\/%d0%be-%d0%bd%d0%b0%d1%81-2\/#primaryimage","url":"https:\/\/mycoland.ee\/wp-content\/uploads\/2021\/09\/pais.png","contentUrl":"https:\/\/mycoland.ee\/wp-content\/uploads\/2021\/09\/pais.png","width":1900,"height":400},{"@type":"BreadcrumbList","@id":"https:\/\/mycoland.ee\/ru\/%d0%be-%d0%bd%d0%b0%d1%81-2\/#breadcrumb","itemListElement":[{"@type":"ListItem","position":1,"name":"Home","item":"https:\/\/mycoland.ee\/ru\/"},{"@type":"ListItem","position":2,"name":"\u041e \u043d\u0430\u0441"}]},{"@type":"WebSite","@id":"https:\/\/www.mycoland.ee\/#website","url":"https:\/\/www.mycoland.ee\/","name":"Mycoland","description":"Lihtne ja kasulik lahendus s\u00f6\u00f6giseente kasvatuseks!","publisher":{"@id":"https:\/\/www.mycoland.ee\/#organization"},"potentialAction":[{"@type":"SearchAction","target":{"@type":"EntryPoint","urlTemplate":"https:\/\/www.mycoland.ee\/?s={search_term_string}"},"query-input":{"@type":"PropertyValueSpecification","valueRequired":true,"valueName":"search_term_string"}}],"inLanguage":"ru-RU"},{"@type":"Organization","@id":"https:\/\/www.mycoland.ee\/#organization","name":"Mycoland","url":"https:\/\/www.mycoland.ee\/","logo":{"@type":"ImageObject","inLanguage":"ru-RU","@id":"https:\/\/www.mycoland.ee\/#\/schema\/logo\/image\/","url":"https:\/\/mycoland.ee\/wp-content\/uploads\/2020\/10\/Mycoland-logo-taustata-e1602578100166.png","contentUrl":"https:\/\/mycoland.ee\/wp-content\/uploads\/2020\/10\/Mycoland-logo-taustata-e1602578100166.png","width":300,"height":128,"caption":"Mycoland"},"image":{"@id":"https:\/\/www.mycoland.ee\/#\/schema\/logo\/image\/"}}]}},"_links":{"self":[{"href":"https:\/\/mycoland.ee\/ru\/wp-json\/wp\/v2\/pages\/7948","targetHints":{"allow":["GET"]}}],"collection":[{"href":"https:\/\/mycoland.ee\/ru\/wp-json\/wp\/v2\/pages"}],"about":[{"href":"https:\/\/mycoland.ee\/ru\/wp-json\/wp\/v2\/types\/page"}],"author":[{"embeddable":true,"href":"https:\/\/mycoland.ee\/ru\/wp-json\/wp\/v2\/users\/2"}],"replies":[{"embeddable":true,"href":"https:\/\/mycoland.ee\/ru\/wp-json\/wp\/v2\/comments?post=7948"}],"version-history":[{"count":1,"href":"https:\/\/mycoland.ee\/ru\/wp-json\/wp\/v2\/pages\/7948\/revisions"}],"predecessor-version":[{"id":7949,"href":"https:\/\/mycoland.ee\/ru\/wp-json\/wp\/v2\/pages\/7948\/revisions\/7949"}],"wp:featuredmedia":[{"embeddable":true,"href":"https:\/\/mycoland.ee\/ru\/wp-json\/wp\/v2\/media\/6137"}],"wp:attachment":[{"href":"https:\/\/mycoland.ee\/ru\/wp-json\/wp\/v2\/media?parent=7948"}],"curies":[{"name":"wp","href":"https:\/\/api.w.org\/{rel}","templated":true}]}}