{"id":7941,"date":"2024-04-04T16:25:14","date_gmt":"2024-04-04T16:25:14","guid":{"rendered":"https:\/\/mycoland.ee\/%d0%b8%d0%bd%d1%81%d1%82%d1%80%d1%83%d0%ba%d1%86%d0%b8%d0%b8\/"},"modified":"2024-04-04T16:25:15","modified_gmt":"2024-04-04T16:25:15","slug":"%d0%b8%d0%bd%d1%81%d1%82%d1%80%d1%83%d0%ba%d1%86%d0%b8%d0%b8","status":"publish","type":"page","link":"https:\/\/mycoland.ee\/ru\/%d0%b8%d0%bd%d1%81%d1%82%d1%80%d1%83%d0%ba%d1%86%d0%b8%d0%b8\/","title":{"rendered":"\u0418\u043d\u0441\u0442\u0440\u0443\u043a\u0446\u0438\u0438"},"content":{"rendered":"\t\t<div data-elementor-type=\"wp-page\" data-elementor-id=\"7941\" class=\"elementor elementor-7941 elementor-7778\">\n\t\t\t\t<div class=\"elementor-element elementor-element-da39fb7 e-con-full e-flex e-con e-parent\" data-id=\"da39fb7\" data-element_type=\"container\" data-e-type=\"container\" data-settings=\"{&quot;background_background&quot;:&quot;classic&quot;}\">\n\t\t<div class=\"elementor-element elementor-element-8cd14fd e-con-full e-flex e-con e-child\" data-id=\"8cd14fd\" data-element_type=\"container\" data-e-type=\"container\">\n\t\t\t\t<div class=\"elementor-element elementor-element-99e42d9 elementor-widget elementor-widget-heading\" data-id=\"99e42d9\" data-element_type=\"widget\" data-e-type=\"widget\" data-widget_type=\"heading.default\">\n\t\t\t\t<div class=\"elementor-widget-container\">\n\t\t\t\t\t<h1 class=\"elementor-heading-title elementor-size-default\">\u0418\u043d\u0441\u0442\u0440\u0443\u043a\u0446\u0438\u0438<\/h1>\t\t\t\t<\/div>\n\t\t\t\t<\/div>\n\t\t\t\t<\/div>\n\t\t\t\t<\/div>\n\t\t<div class=\"elementor-element elementor-element-649c590 e-flex e-con-boxed e-con e-parent\" data-id=\"649c590\" data-element_type=\"container\" data-e-type=\"container\">\n\t\t\t\t\t<div class=\"e-con-inner\">\n\t\t<div class=\"elementor-element elementor-element-e8f425e e-con-full e-flex e-con e-child\" data-id=\"e8f425e\" data-element_type=\"container\" data-e-type=\"container\">\n\t\t\t\t<div class=\"elementor-element elementor-element-a3853f7 elementor-widget-divider--view-line elementor-widget elementor-widget-divider\" data-id=\"a3853f7\" data-element_type=\"widget\" data-e-type=\"widget\" data-widget_type=\"divider.default\">\n\t\t\t\t<div class=\"elementor-widget-container\">\n\t\t\t\t\t\t\t<div class=\"elementor-divider\">\n\t\t\t<span class=\"elementor-divider-separator\">\n\t\t\t\t\t\t<\/span>\n\t\t<\/div>\n\t\t\t\t\t\t<\/div>\n\t\t\t\t<\/div>\n\t\t\t\t<div class=\"elementor-element elementor-element-e7a2964 juhendid-posts elementor-widget elementor-widget-uael-posts\" data-id=\"e7a2964\" data-element_type=\"widget\" data-e-type=\"widget\" data-settings=\"{&quot;card_slides_to_show&quot;:2,&quot;card_slides_to_show_tablet&quot;:2,&quot;card_slides_to_show_mobile&quot;:1,&quot;card_show_filters&quot;:&quot;no&quot;}\" data-widget_type=\"uael-posts.card\">\n\t\t\t\t<div class=\"elementor-widget-container\">\n\t\t\t\t\t\t\t<div class=\"uael-post__header\">\n\t\t\t\t\t<\/div>\n\t\t<div class=\"uael-post__body\">\n\t\t\t\n\t\t\n\t\t<div class=\"uael-post-grid uael-posts\" data-query-type=\"custom\" data-structure=\"normal\" data-layout=\"\" data-page=\"7941\" data-skin=\"card\" data-filter-default=\"\" data-offset-top=\"30\" >\n\n\t\t\t\t\t\t\t<div class=\"uael-post-grid__inner uael-post__columns-2 uael-post__columns-tablet-2 uael-post__columns-mobile-1\">\n\t\t\t\n<div class=\"uael-post-wrapper   \">\n\t<div class=\"uael-post__bg-wrap\">\n\n\t\t\t\t\n\t\t<div class=\"uael-post__inner-wrap uael-post__noimage\">\n\n\t\t\n\t\t\t\n\t\t\t<div class=\"uael-post__content-wrap\">\n\n\t\t\t\t\t<h4 class=\"uael-post__title\">\n\n\t\t\n\t\t\t\t\t\t<a href=\"https:\/\/mycoland.ee\/ru\/%d0%b8%d0%bd%d1%81%d1%82%d1%80%d1%83%d0%ba%d1%86%d0%b8%d0%b8\/%d1%81%d0%be%d0%b7%d0%b4%d0%b0%d0%bd%d0%b8%d0%b5-%d0%b1%d0%b0%d1%80%d1%8c%d0%b5%d1%80%d0%b0-%d0%b8%d0%b7-%d1%88%d0%b0%d0%bc%d0%bf%d1%83%d0%bd%d1%8f\/\" target=\"_self\">\n\t\t\t\t\u0421\u043e\u0437\u0434\u0430\u043d\u0438\u0435 \u0431\u0430\u0440\u044c\u0435\u0440\u0430 \u0438\u0437 \u0448\u0430\u043c\u043f\u0443\u043d\u044f\t\t\t<\/a>\n\n\t\t\t\t<\/h4>\n\t\t<div class=\"uael-post__separator\"><\/div>\n\t\t<div class=\"uael-post__excerpt\">\n\t\t\t\u0421\u043e\u0437\u0434\u0430\u043d\u0438\u0435 \u0431\u0430\u0440\u044c\u0435\u0440\u0430 \u0438\u0437 \u0448\u0430\u043c\u043f\u0443\u043d\u044f Omadused \u0412\u044b\u0440\u0430\u0449\u0438\u0432\u0430\u043d\u0438\u0435 \u0448\u0430\u043c\u043f\u0438\u043d\u044c\u043e\u043d\u043e\u0432 \u0432 \u0434\u043e\u043c\u0430\u0448\u043d\u0438\u0445 \u0443\u0441\u043b\u043e\u0432\u0438\u044f\u0445 \u043d\u0430\u0447\u0430\u043b\u043e\u0441\u044c \u0441\u043b\u0443\u0447\u0430\u0439\u043d\u043e, \u043a\u043e\u0433\u0434\u0430 \u043f\u0435\u0440\u0435\u043f\u0440\u0435\u0432\u0448\u0438\u0439 \u043a\u043e\u043d\u0441\u043a\u0438\u0439 ...\t\t<\/div>\n\n\t\t\t\t\t<\/div>\n\t\t\t\n\t\t<\/div>\n\t\t\n\t<\/div>\n\n<\/div>\n\n<div class=\"uael-post-wrapper   \">\n\t<div class=\"uael-post__bg-wrap\">\n\n\t\t\t\t\n\t\t<div class=\"uael-post__inner-wrap uael-post__noimage\">\n\n\t\t\n\t\t\t\n\t\t\t<div class=\"uael-post__content-wrap\">\n\n\t\t\t\t\t<h4 class=\"uael-post__title\">\n\n\t\t\n\t\t\t\t\t\t<a href=\"https:\/\/mycoland.ee\/ru\/%d0%b8%d0%bd%d1%81%d1%82%d1%80%d1%83%d0%ba%d1%86%d0%b8%d0%b8\/%d0%bf%d0%be%d1%81%d0%b0%d0%b4%d0%ba%d0%b0-%d0%b2%d0%b5%d1%88%d0%b5%d0%bd%d0%ba%d0%b8\/\" target=\"_self\">\n\t\t\t\t\u041f\u043e\u0441\u0430\u0434\u043a\u0430 \u0432\u0435\u0448\u0435\u043d\u043a\u0438\t\t\t<\/a>\n\n\t\t\t\t<\/h4>\n\t\t<div class=\"uael-post__separator\"><\/div>\n\t\t<div class=\"uael-post__excerpt\">\n\t\t\t\u041f\u043e\u0441\u0430\u0434\u043a\u0430 \u0432\u0435\u0448\u0435\u043d\u043a\u0438 Omadused Seen kasvab looduses paljudel puudel: pappel, lepp, vaher, haab, saar, p\u00f6\u00f6k, tamm, ...\t\t<\/div>\n\n\t\t\t\t\t<\/div>\n\t\t\t\n\t\t<\/div>\n\t\t\n\t<\/div>\n\n<\/div>\n\t\t\t\t<\/div>\n\t\t\t\t\t\t\n\t\t<\/div>\n\n\t\t\t\t\t\t<\/div>\n\t\t<div class=\"uael-post__footer\">\n\t\t\t\t\t<\/div>\n\t\t\t\t\t\t<\/div>\n\t\t\t\t<\/div>\n\t\t\t\t<\/div>\n\t\t\t\t\t<\/div>\n\t\t\t\t<\/div>\n\t\t\t\t<\/div>\n\t\t","protected":false},"excerpt":{"rendered":"<p>\u0418\u043d\u0441\u0442\u0440\u0443\u043a\u0446\u0438\u0438 Hiidv\u00e4rviku peenra rajamine Hiidv\u00e4rviku peenra rajamine Kindlasti on su aias m\u00f5ni m\u00f5ttetu nurk, kus midagi muud ei kasva, &#8230; Korallnarmiku kasvatamine t\u00fc\u00fcblitega Korallnarmiku kasvatamine t\u00fc\u00fcblitega L\u00f5vilakk-korallnarmik e. lions mane Hericium erinaceusKorallnarmiku t\u00fc\u00fcbleid saab SIIT Omadused L\u00f5vilakk on &#8230; Seenepakkude tegemine Seenepakkude tegemine N\u00fc\u00fcd on sobiv aeg panna endale m\u00f5ned austerserviku seened l\u00e4bi kasvama, et [&hellip;]<\/p>\n","protected":false},"author":2,"featured_media":0,"parent":0,"menu_order":0,"comment_status":"closed","ping_status":"closed","template":"elementor_header_footer","meta":{"site-sidebar-layout":"no-sidebar","site-content-layout":"page-builder","ast-site-content-layout":"full-width-container","site-content-style":"default","site-sidebar-style":"default","ast-global-header-display":"","ast-banner-title-visibility":"","ast-main-header-display":"","ast-hfb-above-header-display":"","ast-hfb-below-header-display":"","ast-hfb-mobile-header-display":"","site-post-title":"disabled","ast-breadcrumbs-content":"","ast-featured-img":"disabled","footer-sml-layout":"","ast-disable-related-posts":"","theme-transparent-header-meta":"","adv-header-id-meta":"","stick-header-meta":"","header-above-stick-meta":"","header-main-stick-meta":"","header-below-stick-meta":"","astra-migrate-meta-layouts":"default","ast-page-background-enabled":"default","ast-page-background-meta":{"desktop":{"background-color":"","background-image":"","background-repeat":"repeat","background-position":"center center","background-size":"auto","background-attachment":"scroll","background-type":"","background-media":"","overlay-type":"","overlay-color":"","overlay-opacity":"","overlay-gradient":""},"tablet":{"background-color":"","background-image":"","background-repeat":"repeat","background-position":"center center","background-size":"auto","background-attachment":"scroll","background-type":"","background-media":"","overlay-type":"","overlay-color":"","overlay-opacity":"","overlay-gradient":""},"mobile":{"background-color":"","background-image":"","background-repeat":"repeat","background-position":"center center","background-size":"auto","background-attachment":"scroll","background-type":"","background-media":"","overlay-type":"","overlay-color":"","overlay-opacity":"","overlay-gradient":""}},"ast-content-background-meta":{"desktop":{"background-color":"var(--ast-global-color-5)","background-image":"","background-repeat":"repeat","background-position":"center center","background-size":"auto","background-attachment":"scroll","background-type":"","background-media":"","overlay-type":"","overlay-color":"","overlay-opacity":"","overlay-gradient":""},"tablet":{"background-color":"var(--ast-global-color-5)","background-image":"","background-repeat":"repeat","background-position":"center center","background-size":"auto","background-attachment":"scroll","background-type":"","background-media":"","overlay-type":"","overlay-color":"","overlay-opacity":"","overlay-gradient":""},"mobile":{"background-color":"var(--ast-global-color-5)","background-image":"","background-repeat":"repeat","background-position":"center center","background-size":"auto","background-attachment":"scroll","background-type":"","background-media":"","overlay-type":"","overlay-color":"","overlay-opacity":"","overlay-gradient":""}},"footnotes":""},"class_list":["post-7941","page","type-page","status-publish","hentry"],"yoast_head":"<!-- This site is optimized with the Yoast SEO plugin v27.1.1 - https:\/\/yoast.com\/product\/yoast-seo-wordpress\/ -->\n<title>\u0418\u043d\u0441\u0442\u0440\u0443\u043a\u0446\u0438\u0438 - Mycoland<\/title>\n<meta name=\"robots\" content=\"index, follow, max-snippet:-1, max-image-preview:large, max-video-preview:-1\" \/>\n<link rel=\"canonical\" href=\"https:\/\/mycoland.ee\/ru\/\u0438\u043d\u0441\u0442\u0440\u0443\u043a\u0446\u0438\u0438\/\" \/>\n<meta property=\"og:locale\" content=\"ru_RU\" \/>\n<meta property=\"og:type\" content=\"article\" \/>\n<meta property=\"og:title\" content=\"\u0418\u043d\u0441\u0442\u0440\u0443\u043a\u0446\u0438\u0438 - Mycoland\" \/>\n<meta property=\"og:description\" content=\"\u0418\u043d\u0441\u0442\u0440\u0443\u043a\u0446\u0438\u0438 Hiidv\u00e4rviku peenra rajamine Hiidv\u00e4rviku peenra rajamine Kindlasti on su aias m\u00f5ni m\u00f5ttetu nurk, kus midagi muud ei kasva, &#8230; Korallnarmiku kasvatamine t\u00fc\u00fcblitega Korallnarmiku kasvatamine t\u00fc\u00fcblitega L\u00f5vilakk-korallnarmik e. lions mane Hericium erinaceusKorallnarmiku t\u00fc\u00fcbleid saab SIIT Omadused L\u00f5vilakk on &#8230; Seenepakkude tegemine Seenepakkude tegemine N\u00fc\u00fcd on sobiv aeg panna endale m\u00f5ned austerserviku seened l\u00e4bi kasvama, et [&hellip;]\" \/>\n<meta property=\"og:url\" content=\"https:\/\/mycoland.ee\/ru\/\u0438\u043d\u0441\u0442\u0440\u0443\u043a\u0446\u0438\u0438\/\" \/>\n<meta property=\"og:site_name\" content=\"Mycoland\" \/>\n<meta property=\"article:modified_time\" content=\"2024-04-04T16:25:15+00:00\" \/>\n<meta name=\"twitter:card\" content=\"summary_large_image\" \/>\n<meta name=\"twitter:label1\" content=\"\u041f\u0440\u0438\u043c\u0435\u0440\u043d\u043e\u0435 \u0432\u0440\u0435\u043c\u044f \u0434\u043b\u044f \u0447\u0442\u0435\u043d\u0438\u044f\" \/>\n\t<meta name=\"twitter:data1\" content=\"1 \u043c\u0438\u043d\u0443\u0442\u0430\" \/>\n<script type=\"application\/ld+json\" class=\"yoast-schema-graph\">{\"@context\":\"https:\/\/schema.org\",\"@graph\":[{\"@type\":\"WebPage\",\"@id\":\"https:\/\/mycoland.ee\/ru\/%d0%b8%d0%bd%d1%81%d1%82%d1%80%d1%83%d0%ba%d1%86%d0%b8%d0%b8\/\",\"url\":\"https:\/\/mycoland.ee\/ru\/%d0%b8%d0%bd%d1%81%d1%82%d1%80%d1%83%d0%ba%d1%86%d0%b8%d0%b8\/\",\"name\":\"\u0418\u043d\u0441\u0442\u0440\u0443\u043a\u0446\u0438\u0438 - Mycoland\",\"isPartOf\":{\"@id\":\"https:\/\/www.mycoland.ee\/#website\"},\"datePublished\":\"2024-04-04T16:25:14+00:00\",\"dateModified\":\"2024-04-04T16:25:15+00:00\",\"breadcrumb\":{\"@id\":\"https:\/\/mycoland.ee\/ru\/%d0%b8%d0%bd%d1%81%d1%82%d1%80%d1%83%d0%ba%d1%86%d0%b8%d0%b8\/#breadcrumb\"},\"inLanguage\":\"ru-RU\",\"potentialAction\":[{\"@type\":\"ReadAction\",\"target\":[\"https:\/\/mycoland.ee\/ru\/%d0%b8%d0%bd%d1%81%d1%82%d1%80%d1%83%d0%ba%d1%86%d0%b8%d0%b8\/\"]}]},{\"@type\":\"BreadcrumbList\",\"@id\":\"https:\/\/mycoland.ee\/ru\/%d0%b8%d0%bd%d1%81%d1%82%d1%80%d1%83%d0%ba%d1%86%d0%b8%d0%b8\/#breadcrumb\",\"itemListElement\":[{\"@type\":\"ListItem\",\"position\":1,\"name\":\"Home\",\"item\":\"https:\/\/mycoland.ee\/ru\/\"},{\"@type\":\"ListItem\",\"position\":2,\"name\":\"\u0418\u043d\u0441\u0442\u0440\u0443\u043a\u0446\u0438\u0438\"}]},{\"@type\":\"WebSite\",\"@id\":\"https:\/\/www.mycoland.ee\/#website\",\"url\":\"https:\/\/www.mycoland.ee\/\",\"name\":\"Mycoland\",\"description\":\"Lihtne ja kasulik lahendus s\u00f6\u00f6giseente kasvatuseks!\",\"publisher\":{\"@id\":\"https:\/\/www.mycoland.ee\/#organization\"},\"potentialAction\":[{\"@type\":\"SearchAction\",\"target\":{\"@type\":\"EntryPoint\",\"urlTemplate\":\"https:\/\/www.mycoland.ee\/?s={search_term_string}\"},\"query-input\":{\"@type\":\"PropertyValueSpecification\",\"valueRequired\":true,\"valueName\":\"search_term_string\"}}],\"inLanguage\":\"ru-RU\"},{\"@type\":\"Organization\",\"@id\":\"https:\/\/www.mycoland.ee\/#organization\",\"name\":\"Mycoland\",\"url\":\"https:\/\/www.mycoland.ee\/\",\"logo\":{\"@type\":\"ImageObject\",\"inLanguage\":\"ru-RU\",\"@id\":\"https:\/\/www.mycoland.ee\/#\/schema\/logo\/image\/\",\"url\":\"https:\/\/mycoland.ee\/wp-content\/uploads\/2020\/10\/Mycoland-logo-taustata-e1602578100166.png\",\"contentUrl\":\"https:\/\/mycoland.ee\/wp-content\/uploads\/2020\/10\/Mycoland-logo-taustata-e1602578100166.png\",\"width\":300,\"height\":128,\"caption\":\"Mycoland\"},\"image\":{\"@id\":\"https:\/\/www.mycoland.ee\/#\/schema\/logo\/image\/\"}}]}<\/script>\n<!-- \/ Yoast SEO plugin. -->","yoast_head_json":{"title":"\u0418\u043d\u0441\u0442\u0440\u0443\u043a\u0446\u0438\u0438 - Mycoland","robots":{"index":"index","follow":"follow","max-snippet":"max-snippet:-1","max-image-preview":"max-image-preview:large","max-video-preview":"max-video-preview:-1"},"canonical":"https:\/\/mycoland.ee\/ru\/\u0438\u043d\u0441\u0442\u0440\u0443\u043a\u0446\u0438\u0438\/","og_locale":"ru_RU","og_type":"article","og_title":"\u0418\u043d\u0441\u0442\u0440\u0443\u043a\u0446\u0438\u0438 - Mycoland","og_description":"\u0418\u043d\u0441\u0442\u0440\u0443\u043a\u0446\u0438\u0438 Hiidv\u00e4rviku peenra rajamine Hiidv\u00e4rviku peenra rajamine Kindlasti on su aias m\u00f5ni m\u00f5ttetu nurk, kus midagi muud ei kasva, &#8230; Korallnarmiku kasvatamine t\u00fc\u00fcblitega Korallnarmiku kasvatamine t\u00fc\u00fcblitega L\u00f5vilakk-korallnarmik e. lions mane Hericium erinaceusKorallnarmiku t\u00fc\u00fcbleid saab SIIT Omadused L\u00f5vilakk on &#8230; Seenepakkude tegemine Seenepakkude tegemine N\u00fc\u00fcd on sobiv aeg panna endale m\u00f5ned austerserviku seened l\u00e4bi kasvama, et [&hellip;]","og_url":"https:\/\/mycoland.ee\/ru\/\u0438\u043d\u0441\u0442\u0440\u0443\u043a\u0446\u0438\u0438\/","og_site_name":"Mycoland","article_modified_time":"2024-04-04T16:25:15+00:00","twitter_card":"summary_large_image","twitter_misc":{"\u041f\u0440\u0438\u043c\u0435\u0440\u043d\u043e\u0435 \u0432\u0440\u0435\u043c\u044f \u0434\u043b\u044f \u0447\u0442\u0435\u043d\u0438\u044f":"1 \u043c\u0438\u043d\u0443\u0442\u0430"},"schema":{"@context":"https:\/\/schema.org","@graph":[{"@type":"WebPage","@id":"https:\/\/mycoland.ee\/ru\/%d0%b8%d0%bd%d1%81%d1%82%d1%80%d1%83%d0%ba%d1%86%d0%b8%d0%b8\/","url":"https:\/\/mycoland.ee\/ru\/%d0%b8%d0%bd%d1%81%d1%82%d1%80%d1%83%d0%ba%d1%86%d0%b8%d0%b8\/","name":"\u0418\u043d\u0441\u0442\u0440\u0443\u043a\u0446\u0438\u0438 - Mycoland","isPartOf":{"@id":"https:\/\/www.mycoland.ee\/#website"},"datePublished":"2024-04-04T16:25:14+00:00","dateModified":"2024-04-04T16:25:15+00:00","breadcrumb":{"@id":"https:\/\/mycoland.ee\/ru\/%d0%b8%d0%bd%d1%81%d1%82%d1%80%d1%83%d0%ba%d1%86%d0%b8%d0%b8\/#breadcrumb"},"inLanguage":"ru-RU","potentialAction":[{"@type":"ReadAction","target":["https:\/\/mycoland.ee\/ru\/%d0%b8%d0%bd%d1%81%d1%82%d1%80%d1%83%d0%ba%d1%86%d0%b8%d0%b8\/"]}]},{"@type":"BreadcrumbList","@id":"https:\/\/mycoland.ee\/ru\/%d0%b8%d0%bd%d1%81%d1%82%d1%80%d1%83%d0%ba%d1%86%d0%b8%d0%b8\/#breadcrumb","itemListElement":[{"@type":"ListItem","position":1,"name":"Home","item":"https:\/\/mycoland.ee\/ru\/"},{"@type":"ListItem","position":2,"name":"\u0418\u043d\u0441\u0442\u0440\u0443\u043a\u0446\u0438\u0438"}]},{"@type":"WebSite","@id":"https:\/\/www.mycoland.ee\/#website","url":"https:\/\/www.mycoland.ee\/","name":"Mycoland","description":"Lihtne ja kasulik lahendus s\u00f6\u00f6giseente kasvatuseks!","publisher":{"@id":"https:\/\/www.mycoland.ee\/#organization"},"potentialAction":[{"@type":"SearchAction","target":{"@type":"EntryPoint","urlTemplate":"https:\/\/www.mycoland.ee\/?s={search_term_string}"},"query-input":{"@type":"PropertyValueSpecification","valueRequired":true,"valueName":"search_term_string"}}],"inLanguage":"ru-RU"},{"@type":"Organization","@id":"https:\/\/www.mycoland.ee\/#organization","name":"Mycoland","url":"https:\/\/www.mycoland.ee\/","logo":{"@type":"ImageObject","inLanguage":"ru-RU","@id":"https:\/\/www.mycoland.ee\/#\/schema\/logo\/image\/","url":"https:\/\/mycoland.ee\/wp-content\/uploads\/2020\/10\/Mycoland-logo-taustata-e1602578100166.png","contentUrl":"https:\/\/mycoland.ee\/wp-content\/uploads\/2020\/10\/Mycoland-logo-taustata-e1602578100166.png","width":300,"height":128,"caption":"Mycoland"},"image":{"@id":"https:\/\/www.mycoland.ee\/#\/schema\/logo\/image\/"}}]}},"_links":{"self":[{"href":"https:\/\/mycoland.ee\/ru\/wp-json\/wp\/v2\/pages\/7941","targetHints":{"allow":["GET"]}}],"collection":[{"href":"https:\/\/mycoland.ee\/ru\/wp-json\/wp\/v2\/pages"}],"about":[{"href":"https:\/\/mycoland.ee\/ru\/wp-json\/wp\/v2\/types\/page"}],"author":[{"embeddable":true,"href":"https:\/\/mycoland.ee\/ru\/wp-json\/wp\/v2\/users\/2"}],"replies":[{"embeddable":true,"href":"https:\/\/mycoland.ee\/ru\/wp-json\/wp\/v2\/comments?post=7941"}],"version-history":[{"count":1,"href":"https:\/\/mycoland.ee\/ru\/wp-json\/wp\/v2\/pages\/7941\/revisions"}],"predecessor-version":[{"id":7942,"href":"https:\/\/mycoland.ee\/ru\/wp-json\/wp\/v2\/pages\/7941\/revisions\/7942"}],"wp:attachment":[{"href":"https:\/\/mycoland.ee\/ru\/wp-json\/wp\/v2\/media?parent=7941"}],"curies":[{"name":"wp","href":"https:\/\/api.w.org\/{rel}","templated":true}]}}