{"id":5987,"date":"2023-12-15T10:03:52","date_gmt":"2023-12-15T10:03:52","guid":{"rendered":"https:\/\/mycoland.ee\/%d0%be-%d0%bd%d0%b0%d1%81\/"},"modified":"2023-12-15T10:03:52","modified_gmt":"2023-12-15T10:03:52","slug":"%d0%be-%d0%bd%d0%b0%d1%81","status":"publish","type":"page","link":"https:\/\/mycoland.ee\/ru\/%d0%be-%d0%bd%d0%b0%d1%81\/","title":{"rendered":"\u041e \u043d\u0430\u0441"},"content":{"rendered":"\n<p>Mycoland on seenepakkude kasvatusega tegelenud juba 8 aastat. See on v\u00f5tnud omajagu aega, et tutvustada inimestele seente kasvatamist kodus. Aga enam ei k\u00fcsita laatadel, mis see on, vaid, kuidas seda istutada \ud83d\ude42 Ka \u00fcle\u00fcldine teadlikkus seentest kasvab iga aastaga. Mis on eluliselt t\u00e4htis, sest sellest s\u00f5na otseses m\u00f5ttes s\u00f5ltub elu. Seened on p\u00f5nev valdkond ning t\u00e4htis osa looduse ringist. Lisav\u00e4\u00e4rtuseks, et neid saab ka suhu pista \ud83d\ude42<\/p>\n\n<p><br\/>Igal aastal \u00fcritame uusi p\u00f5nevaid seeneniidistikke turule tuua ning tutvustada, sest m\u00f5ned on ka meie looduse seened, aga mida inimesed h\u00e4sti ei tunne. N\u00e4iteks uhke nimega Enokitake on puidu\u00a0sametk\u00f5rges\u00a0(<em>Flammulina velutipes<\/em>), mis ilmub ka meie metsadesse jahedate ilmadega. Kasvandustes on ta aga valge ja pikk nagu niit, sest valguse puudumisel venib v\u00e4lja ja muutub kahvatuks. <\/p>\n\n<p>Seente maailm on p\u00f5nev ning meil on hea meel, et saame seda ka teiega jagada!<\/p>\n\n<figure class=\"wp-block-gallery columns-3 is-cropped wp-block-gallery-1 is-layout-flex wp-block-gallery-is-layout-flex\"><ul class=\"blocks-gallery-grid\"><li class=\"blocks-gallery-item\"><figure><img fetchpriority=\"high\" decoding=\"async\" width=\"720\" height=\"960\" src=\"https:\/\/mycoland.ee\/wp-content\/uploads\/2020\/10\/seenepakkude-tegemine.jpg\" alt=\"\" data-id=\"119\" data-full-url=\"https:\/\/mycoland.ee\/wp-content\/uploads\/2020\/10\/seenepakkude-tegemine.jpg\" data-link=\"https:\/\/mycoland.ee\/meist\/seenepakkude-tegemine\/\" class=\"wp-image-119\" srcset=\"https:\/\/mycoland.ee\/wp-content\/uploads\/2020\/10\/seenepakkude-tegemine.jpg 720w, https:\/\/mycoland.ee\/wp-content\/uploads\/2020\/10\/seenepakkude-tegemine-225x300.jpg 225w, https:\/\/mycoland.ee\/wp-content\/uploads\/2020\/10\/seenepakkude-tegemine-600x800.jpg 600w\" sizes=\"(max-width: 720px) 100vw, 720px\" \/><\/figure><\/li><li class=\"blocks-gallery-item\"><figure><img decoding=\"async\" width=\"768\" height=\"1024\" src=\"https:\/\/mycoland.ee\/wp-content\/uploads\/2020\/10\/20200613_184614-768x1024.jpg\" alt=\"\" data-id=\"121\" data-full-url=\"https:\/\/mycoland.ee\/wp-content\/uploads\/2020\/10\/20200613_184614-scaled.jpg\" data-link=\"https:\/\/mycoland.ee\/meist\/20200613_184614\/\" class=\"wp-image-121\" srcset=\"https:\/\/mycoland.ee\/wp-content\/uploads\/2020\/10\/20200613_184614-768x1024.jpg 768w, https:\/\/mycoland.ee\/wp-content\/uploads\/2020\/10\/20200613_184614-225x300.jpg 225w, https:\/\/mycoland.ee\/wp-content\/uploads\/2020\/10\/20200613_184614-1152x1536.jpg 1152w, https:\/\/mycoland.ee\/wp-content\/uploads\/2020\/10\/20200613_184614-1536x2048.jpg 1536w, https:\/\/mycoland.ee\/wp-content\/uploads\/2020\/10\/20200613_184614-600x800.jpg 600w, https:\/\/mycoland.ee\/wp-content\/uploads\/2020\/10\/20200613_184614-scaled.jpg 1920w\" sizes=\"(max-width: 768px) 100vw, 768px\" \/><\/figure><\/li><li class=\"blocks-gallery-item\"><figure><img decoding=\"async\" width=\"681\" height=\"1024\" src=\"https:\/\/mycoland.ee\/wp-content\/uploads\/2020\/10\/3-laota-mutseel-681x1024.jpg\" alt=\"\" data-id=\"123\" data-full-url=\"https:\/\/mycoland.ee\/wp-content\/uploads\/2020\/10\/3-laota-mutseel-scaled.jpg\" data-link=\"https:\/\/mycoland.ee\/meist\/3-laota-mutseel\/\" class=\"wp-image-123\" srcset=\"https:\/\/mycoland.ee\/wp-content\/uploads\/2020\/10\/3-laota-mutseel-681x1024.jpg 681w, https:\/\/mycoland.ee\/wp-content\/uploads\/2020\/10\/3-laota-mutseel-199x300.jpg 199w, https:\/\/mycoland.ee\/wp-content\/uploads\/2020\/10\/3-laota-mutseel-768x1155.jpg 768w, https:\/\/mycoland.ee\/wp-content\/uploads\/2020\/10\/3-laota-mutseel-1021x1536.jpg 1021w, https:\/\/mycoland.ee\/wp-content\/uploads\/2020\/10\/3-laota-mutseel-1362x2048.jpg 1362w, https:\/\/mycoland.ee\/wp-content\/uploads\/2020\/10\/3-laota-mutseel-600x902.jpg 600w, https:\/\/mycoland.ee\/wp-content\/uploads\/2020\/10\/3-laota-mutseel-scaled.jpg 1702w\" sizes=\"(max-width: 681px) 100vw, 681px\" \/><\/figure><\/li><\/ul><\/figure>\n","protected":false},"excerpt":{"rendered":"<p>Mycoland on seenepakkude kasvatusega tegelenud juba 8 aastat. See on v\u00f5tnud omajagu aega, et tutvustada inimestele seente kasvatamist kodus. Aga enam ei k\u00fcsita laatadel, mis see on, vaid, kuidas seda istutada \ud83d\ude42 Ka \u00fcle\u00fcldine teadlikkus seentest kasvab iga aastaga. Mis on eluliselt t\u00e4htis, sest sellest s\u00f5na otseses m\u00f5ttes s\u00f5ltub elu. Seened on p\u00f5nev valdkond ning [&hellip;]<\/p>\n","protected":false},"author":2,"featured_media":0,"parent":0,"menu_order":0,"comment_status":"closed","ping_status":"closed","template":"elementor_header_footer","meta":{"site-sidebar-layout":"default","site-content-layout":"","ast-site-content-layout":"default","site-content-style":"default","site-sidebar-style":"default","ast-global-header-display":"","ast-banner-title-visibility":"","ast-main-header-display":"","ast-hfb-above-header-display":"","ast-hfb-below-header-display":"","ast-hfb-mobile-header-display":"","site-post-title":"","ast-breadcrumbs-content":"","ast-featured-img":"","footer-sml-layout":"","ast-disable-related-posts":"","theme-transparent-header-meta":"","adv-header-id-meta":"","stick-header-meta":"","header-above-stick-meta":"","header-main-stick-meta":"","header-below-stick-meta":"","astra-migrate-meta-layouts":"default","ast-page-background-enabled":"default","ast-page-background-meta":{"desktop":{"background-color":"","background-image":"","background-repeat":"repeat","background-position":"center center","background-size":"auto","background-attachment":"scroll","background-type":"","background-media":"","overlay-type":"","overlay-color":"","overlay-opacity":"","overlay-gradient":""},"tablet":{"background-color":"","background-image":"","background-repeat":"repeat","background-position":"center center","background-size":"auto","background-attachment":"scroll","background-type":"","background-media":"","overlay-type":"","overlay-color":"","overlay-opacity":"","overlay-gradient":""},"mobile":{"background-color":"","background-image":"","background-repeat":"repeat","background-position":"center center","background-size":"auto","background-attachment":"scroll","background-type":"","background-media":"","overlay-type":"","overlay-color":"","overlay-opacity":"","overlay-gradient":""}},"ast-content-background-meta":{"desktop":{"background-color":"var(--ast-global-color-5)","background-image":"","background-repeat":"repeat","background-position":"center center","background-size":"auto","background-attachment":"scroll","background-type":"","background-media":"","overlay-type":"","overlay-color":"","overlay-opacity":"","overlay-gradient":""},"tablet":{"background-color":"var(--ast-global-color-5)","background-image":"","background-repeat":"repeat","background-position":"center center","background-size":"auto","background-attachment":"scroll","background-type":"","background-media":"","overlay-type":"","overlay-color":"","overlay-opacity":"","overlay-gradient":""},"mobile":{"background-color":"var(--ast-global-color-5)","background-image":"","background-repeat":"repeat","background-position":"center center","background-size":"auto","background-attachment":"scroll","background-type":"","background-media":"","overlay-type":"","overlay-color":"","overlay-opacity":"","overlay-gradient":""}},"footnotes":""},"class_list":["post-5987","page","type-page","status-publish","hentry"],"yoast_head":"<!-- This site is optimized with the Yoast SEO plugin v27.1.1 - https:\/\/yoast.com\/product\/yoast-seo-wordpress\/ -->\n<title>\u041e \u043d\u0430\u0441 - Mycoland<\/title>\n<meta name=\"robots\" content=\"index, follow, max-snippet:-1, max-image-preview:large, max-video-preview:-1\" \/>\n<link rel=\"canonical\" href=\"https:\/\/www.mycoland.ee\/ru\/\u043e-\u043d\u0430\u0441\/\" \/>\n<meta property=\"og:locale\" content=\"ru_RU\" \/>\n<meta property=\"og:type\" content=\"article\" \/>\n<meta property=\"og:title\" content=\"\u041e \u043d\u0430\u0441 - Mycoland\" \/>\n<meta property=\"og:description\" content=\"Mycoland on seenepakkude kasvatusega tegelenud juba 8 aastat. See on v\u00f5tnud omajagu aega, et tutvustada inimestele seente kasvatamist kodus. Aga enam ei k\u00fcsita laatadel, mis see on, vaid, kuidas seda istutada \ud83d\ude42 Ka \u00fcle\u00fcldine teadlikkus seentest kasvab iga aastaga. Mis on eluliselt t\u00e4htis, sest sellest s\u00f5na otseses m\u00f5ttes s\u00f5ltub elu. Seened on p\u00f5nev valdkond ning [&hellip;]\" \/>\n<meta property=\"og:url\" content=\"https:\/\/www.mycoland.ee\/ru\/\u043e-\u043d\u0430\u0441\/\" \/>\n<meta property=\"og:site_name\" content=\"Mycoland\" \/>\n<meta property=\"og:image\" content=\"https:\/\/mycoland.ee\/wp-content\/uploads\/2020\/10\/seenepakkude-tegemine.jpg\" \/>\n<meta name=\"twitter:card\" content=\"summary_large_image\" \/>\n<meta name=\"twitter:label1\" content=\"\u041f\u0440\u0438\u043c\u0435\u0440\u043d\u043e\u0435 \u0432\u0440\u0435\u043c\u044f \u0434\u043b\u044f \u0447\u0442\u0435\u043d\u0438\u044f\" \/>\n\t<meta name=\"twitter:data1\" content=\"1 \u043c\u0438\u043d\u0443\u0442\u0430\" \/>\n<script type=\"application\/ld+json\" class=\"yoast-schema-graph\">{\"@context\":\"https:\/\/schema.org\",\"@graph\":[{\"@type\":\"WebPage\",\"@id\":\"https:\/\/www.mycoland.ee\/ru\/%d0%be-%d0%bd%d0%b0%d1%81\/\",\"url\":\"https:\/\/www.mycoland.ee\/ru\/%d0%be-%d0%bd%d0%b0%d1%81\/\",\"name\":\"\u041e \u043d\u0430\u0441 - Mycoland\",\"isPartOf\":{\"@id\":\"https:\/\/mycoland.ee\/en\/#website\"},\"primaryImageOfPage\":{\"@id\":\"https:\/\/www.mycoland.ee\/ru\/%d0%be-%d0%bd%d0%b0%d1%81\/#primaryimage\"},\"image\":{\"@id\":\"https:\/\/www.mycoland.ee\/ru\/%d0%be-%d0%bd%d0%b0%d1%81\/#primaryimage\"},\"thumbnailUrl\":\"https:\/\/mycoland.ee\/wp-content\/uploads\/2020\/10\/seenepakkude-tegemine.jpg\",\"datePublished\":\"2023-12-15T10:03:52+00:00\",\"breadcrumb\":{\"@id\":\"https:\/\/www.mycoland.ee\/ru\/%d0%be-%d0%bd%d0%b0%d1%81\/#breadcrumb\"},\"inLanguage\":\"ru-RU\",\"potentialAction\":[{\"@type\":\"ReadAction\",\"target\":[\"https:\/\/www.mycoland.ee\/ru\/%d0%be-%d0%bd%d0%b0%d1%81\/\"]}]},{\"@type\":\"ImageObject\",\"inLanguage\":\"ru-RU\",\"@id\":\"https:\/\/www.mycoland.ee\/ru\/%d0%be-%d0%bd%d0%b0%d1%81\/#primaryimage\",\"url\":\"https:\/\/mycoland.ee\/wp-content\/uploads\/2020\/10\/seenepakkude-tegemine.jpg\",\"contentUrl\":\"https:\/\/mycoland.ee\/wp-content\/uploads\/2020\/10\/seenepakkude-tegemine.jpg\"},{\"@type\":\"BreadcrumbList\",\"@id\":\"https:\/\/www.mycoland.ee\/ru\/%d0%be-%d0%bd%d0%b0%d1%81\/#breadcrumb\",\"itemListElement\":[{\"@type\":\"ListItem\",\"position\":1,\"name\":\"Home\",\"item\":\"https:\/\/mycoland.ee\/ru\/\"},{\"@type\":\"ListItem\",\"position\":2,\"name\":\"\u041e \u043d\u0430\u0441\"}]},{\"@type\":\"WebSite\",\"@id\":\"https:\/\/mycoland.ee\/en\/#website\",\"url\":\"https:\/\/mycoland.ee\/en\/\",\"name\":\"Mycoland\",\"description\":\"Lihtne ja kasulik lahendus s\u00f6\u00f6giseente kasvatuseks!\",\"publisher\":{\"@id\":\"https:\/\/mycoland.ee\/en\/#organization\"},\"potentialAction\":[{\"@type\":\"SearchAction\",\"target\":{\"@type\":\"EntryPoint\",\"urlTemplate\":\"https:\/\/mycoland.ee\/en\/?s={search_term_string}\"},\"query-input\":{\"@type\":\"PropertyValueSpecification\",\"valueRequired\":true,\"valueName\":\"search_term_string\"}}],\"inLanguage\":\"ru-RU\"},{\"@type\":\"Organization\",\"@id\":\"https:\/\/mycoland.ee\/en\/#organization\",\"name\":\"Mycoland\",\"url\":\"https:\/\/mycoland.ee\/en\/\",\"logo\":{\"@type\":\"ImageObject\",\"inLanguage\":\"ru-RU\",\"@id\":\"https:\/\/mycoland.ee\/en\/#\/schema\/logo\/image\/\",\"url\":\"https:\/\/mycoland.ee\/wp-content\/uploads\/2020\/10\/Mycoland-logo-taustata-e1602578100166.png\",\"contentUrl\":\"https:\/\/mycoland.ee\/wp-content\/uploads\/2020\/10\/Mycoland-logo-taustata-e1602578100166.png\",\"width\":300,\"height\":128,\"caption\":\"Mycoland\"},\"image\":{\"@id\":\"https:\/\/mycoland.ee\/en\/#\/schema\/logo\/image\/\"}}]}<\/script>\n<!-- \/ Yoast SEO plugin. -->","yoast_head_json":{"title":"\u041e \u043d\u0430\u0441 - Mycoland","robots":{"index":"index","follow":"follow","max-snippet":"max-snippet:-1","max-image-preview":"max-image-preview:large","max-video-preview":"max-video-preview:-1"},"canonical":"https:\/\/www.mycoland.ee\/ru\/\u043e-\u043d\u0430\u0441\/","og_locale":"ru_RU","og_type":"article","og_title":"\u041e \u043d\u0430\u0441 - Mycoland","og_description":"Mycoland on seenepakkude kasvatusega tegelenud juba 8 aastat. See on v\u00f5tnud omajagu aega, et tutvustada inimestele seente kasvatamist kodus. Aga enam ei k\u00fcsita laatadel, mis see on, vaid, kuidas seda istutada \ud83d\ude42 Ka \u00fcle\u00fcldine teadlikkus seentest kasvab iga aastaga. Mis on eluliselt t\u00e4htis, sest sellest s\u00f5na otseses m\u00f5ttes s\u00f5ltub elu. Seened on p\u00f5nev valdkond ning [&hellip;]","og_url":"https:\/\/www.mycoland.ee\/ru\/\u043e-\u043d\u0430\u0441\/","og_site_name":"Mycoland","og_image":[{"url":"https:\/\/mycoland.ee\/wp-content\/uploads\/2020\/10\/seenepakkude-tegemine.jpg","type":"","width":"","height":""}],"twitter_card":"summary_large_image","twitter_misc":{"\u041f\u0440\u0438\u043c\u0435\u0440\u043d\u043e\u0435 \u0432\u0440\u0435\u043c\u044f \u0434\u043b\u044f \u0447\u0442\u0435\u043d\u0438\u044f":"1 \u043c\u0438\u043d\u0443\u0442\u0430"},"schema":{"@context":"https:\/\/schema.org","@graph":[{"@type":"WebPage","@id":"https:\/\/www.mycoland.ee\/ru\/%d0%be-%d0%bd%d0%b0%d1%81\/","url":"https:\/\/www.mycoland.ee\/ru\/%d0%be-%d0%bd%d0%b0%d1%81\/","name":"\u041e \u043d\u0430\u0441 - Mycoland","isPartOf":{"@id":"https:\/\/mycoland.ee\/en\/#website"},"primaryImageOfPage":{"@id":"https:\/\/www.mycoland.ee\/ru\/%d0%be-%d0%bd%d0%b0%d1%81\/#primaryimage"},"image":{"@id":"https:\/\/www.mycoland.ee\/ru\/%d0%be-%d0%bd%d0%b0%d1%81\/#primaryimage"},"thumbnailUrl":"https:\/\/mycoland.ee\/wp-content\/uploads\/2020\/10\/seenepakkude-tegemine.jpg","datePublished":"2023-12-15T10:03:52+00:00","breadcrumb":{"@id":"https:\/\/www.mycoland.ee\/ru\/%d0%be-%d0%bd%d0%b0%d1%81\/#breadcrumb"},"inLanguage":"ru-RU","potentialAction":[{"@type":"ReadAction","target":["https:\/\/www.mycoland.ee\/ru\/%d0%be-%d0%bd%d0%b0%d1%81\/"]}]},{"@type":"ImageObject","inLanguage":"ru-RU","@id":"https:\/\/www.mycoland.ee\/ru\/%d0%be-%d0%bd%d0%b0%d1%81\/#primaryimage","url":"https:\/\/mycoland.ee\/wp-content\/uploads\/2020\/10\/seenepakkude-tegemine.jpg","contentUrl":"https:\/\/mycoland.ee\/wp-content\/uploads\/2020\/10\/seenepakkude-tegemine.jpg"},{"@type":"BreadcrumbList","@id":"https:\/\/www.mycoland.ee\/ru\/%d0%be-%d0%bd%d0%b0%d1%81\/#breadcrumb","itemListElement":[{"@type":"ListItem","position":1,"name":"Home","item":"https:\/\/mycoland.ee\/ru\/"},{"@type":"ListItem","position":2,"name":"\u041e \u043d\u0430\u0441"}]},{"@type":"WebSite","@id":"https:\/\/mycoland.ee\/en\/#website","url":"https:\/\/mycoland.ee\/en\/","name":"Mycoland","description":"Lihtne ja kasulik lahendus s\u00f6\u00f6giseente kasvatuseks!","publisher":{"@id":"https:\/\/mycoland.ee\/en\/#organization"},"potentialAction":[{"@type":"SearchAction","target":{"@type":"EntryPoint","urlTemplate":"https:\/\/mycoland.ee\/en\/?s={search_term_string}"},"query-input":{"@type":"PropertyValueSpecification","valueRequired":true,"valueName":"search_term_string"}}],"inLanguage":"ru-RU"},{"@type":"Organization","@id":"https:\/\/mycoland.ee\/en\/#organization","name":"Mycoland","url":"https:\/\/mycoland.ee\/en\/","logo":{"@type":"ImageObject","inLanguage":"ru-RU","@id":"https:\/\/mycoland.ee\/en\/#\/schema\/logo\/image\/","url":"https:\/\/mycoland.ee\/wp-content\/uploads\/2020\/10\/Mycoland-logo-taustata-e1602578100166.png","contentUrl":"https:\/\/mycoland.ee\/wp-content\/uploads\/2020\/10\/Mycoland-logo-taustata-e1602578100166.png","width":300,"height":128,"caption":"Mycoland"},"image":{"@id":"https:\/\/mycoland.ee\/en\/#\/schema\/logo\/image\/"}}]}},"_links":{"self":[{"href":"https:\/\/mycoland.ee\/ru\/wp-json\/wp\/v2\/pages\/5987","targetHints":{"allow":["GET"]}}],"collection":[{"href":"https:\/\/mycoland.ee\/ru\/wp-json\/wp\/v2\/pages"}],"about":[{"href":"https:\/\/mycoland.ee\/ru\/wp-json\/wp\/v2\/types\/page"}],"author":[{"embeddable":true,"href":"https:\/\/mycoland.ee\/ru\/wp-json\/wp\/v2\/users\/2"}],"replies":[{"embeddable":true,"href":"https:\/\/mycoland.ee\/ru\/wp-json\/wp\/v2\/comments?post=5987"}],"version-history":[{"count":2,"href":"https:\/\/mycoland.ee\/ru\/wp-json\/wp\/v2\/pages\/5987\/revisions"}],"predecessor-version":[{"id":5994,"href":"https:\/\/mycoland.ee\/ru\/wp-json\/wp\/v2\/pages\/5987\/revisions\/5994"}],"wp:attachment":[{"href":"https:\/\/mycoland.ee\/ru\/wp-json\/wp\/v2\/media?parent=5987"}],"curies":[{"name":"wp","href":"https:\/\/api.w.org\/{rel}","templated":true}]}}