{"id":6198,"date":"2021-10-25T20:23:50","date_gmt":"2023-12-15T10:06:39","guid":{"rendered":"https:\/\/mycoland.ee\/toode\/libliktagela-dowelswax\/"},"modified":"2024-01-31T14:53:58","modified_gmt":"2024-01-31T14:53:58","slug":"libliktagela-dowelswax","status":"publish","type":"product","link":"https:\/\/mycoland.ee\/en\/product\/libliktagela-dowelswax\/","title":{"rendered":"Libliktagela dowels+wax"},"content":{"rendered":"<p><strong>LIBLIKTAGELA M\u00dcTSEELIGA NAKATATUD PUIDUT\u00dc\u00dcBLID 30tk +VAHA<\/strong><br \/>\nLIBRARY TABLE ingl. Turkey tail lad. <em>Trametes versicolor<\/em> is one of the best known medicinal mushrooms in the world. It has strong antioxidant properties and studies have shown that it also has anti-cancer properties. It is made into a brew or tea and drunk as an immune booster. It also grows in our forests.<br \/>\nHardwoods about 45 cm long and 15-50 cm in diameter are infected. Aspen is best, but any other hardwood available will do. Every 10 cm, drill a dowel-shaped hole, push the dowel in and fill the top with wax. The pack is then placed in a plastic bag and left to grow out in a warm place at room temperature for a couple of months. When the pile has turned white near the dowels, 2\/3 of the pile is buried in the ground, out of the sun.<\/p>\n<p>The product comes with an instruction manual, available here:<\/p>\n<p><a href=\"https:\/\/mycoland.ee\/wp-content\/uploads\/2023\/03\/Seenepaku-nakatamine-tuublitega.pdf\">Infection of the mushroom dowels<\/a><\/p>\n","protected":false},"excerpt":{"rendered":"<p>LIBLIKTAGELA M\u00dcTSEELIGA NAKATATUD PUIDUT\u00dc\u00dcBLID 30tk +VAHA LIBRARY TABLE ingl. Turkey tail lad. Trametes versicolor is one of the best known medicinal mushrooms in the world. It has strong antioxidant properties and studies have shown that it also has anti-cancer properties. It is made into a brew or tea and drunk as an immune booster. It [&hellip;]<\/p>\n","protected":false},"featured_media":5816,"template":"","meta":{"site-sidebar-layout":"default","site-content-layout":"","ast-site-content-layout":"default","site-content-style":"default","site-sidebar-style":"default","ast-global-header-display":"","ast-banner-title-visibility":"","ast-main-header-display":"","ast-hfb-above-header-display":"","ast-hfb-below-header-display":"","ast-hfb-mobile-header-display":"","site-post-title":"","ast-breadcrumbs-content":"","ast-featured-img":"","footer-sml-layout":"","ast-disable-related-posts":"","theme-transparent-header-meta":"","adv-header-id-meta":"","stick-header-meta":"","header-above-stick-meta":"","header-main-stick-meta":"","header-below-stick-meta":"","astra-migrate-meta-layouts":"default","ast-page-background-enabled":"default","ast-page-background-meta":{"desktop":{"background-color":"","background-image":"","background-repeat":"repeat","background-position":"center center","background-size":"auto","background-attachment":"scroll","background-type":"","background-media":"","overlay-type":"","overlay-color":"","overlay-opacity":"","overlay-gradient":""},"tablet":{"background-color":"","background-image":"","background-repeat":"repeat","background-position":"center center","background-size":"auto","background-attachment":"scroll","background-type":"","background-media":"","overlay-type":"","overlay-color":"","overlay-opacity":"","overlay-gradient":""},"mobile":{"background-color":"","background-image":"","background-repeat":"repeat","background-position":"center center","background-size":"auto","background-attachment":"scroll","background-type":"","background-media":"","overlay-type":"","overlay-color":"","overlay-opacity":"","overlay-gradient":""}},"ast-content-background-meta":{"desktop":{"background-color":"var(--ast-global-color-5)","background-image":"","background-repeat":"repeat","background-position":"center center","background-size":"auto","background-attachment":"scroll","background-type":"","background-media":"","overlay-type":"","overlay-color":"","overlay-opacity":"","overlay-gradient":""},"tablet":{"background-color":"var(--ast-global-color-5)","background-image":"","background-repeat":"repeat","background-position":"center center","background-size":"auto","background-attachment":"scroll","background-type":"","background-media":"","overlay-type":"","overlay-color":"","overlay-opacity":"","overlay-gradient":""},"mobile":{"background-color":"var(--ast-global-color-5)","background-image":"","background-repeat":"repeat","background-position":"center center","background-size":"auto","background-attachment":"scroll","background-type":"","background-media":"","overlay-type":"","overlay-color":"","overlay-opacity":"","overlay-gradient":""}}},"product_brand":[],"product_cat":[200],"product_tag":[217,183,216,218,220,219],"class_list":{"0":"post-6198","1":"product","2":"type-product","3":"status-publish","4":"has-post-thumbnail","6":"product_cat-types","7":"product_tag-dowels","8":"product_tag-growing-mushrooms-at-home","9":"product_tag-infection-of-fungal-spores-with-downy-mildew","10":"product_tag-libliktagel-en","11":"product_tag-shake","12":"product_tag-turkey-tail-en","13":"product_shipping_class-chaga-en-2","14":"desktop-align-left","15":"tablet-align-left","16":"mobile-align-left","18":"first","19":"instock","20":"sale","21":"purchasable","22":"product-type-simple"},"yoast_head":"<!-- This site is optimized with the Yoast SEO plugin v27.1.1 - https:\/\/yoast.com\/product\/yoast-seo-wordpress\/ -->\n<title>Libliktagela dowels+wax - Mycoland<\/title>\n<meta name=\"description\" content=\"Turkey tail (Trametes versicolor) is one of the best known medicinal mushrooms in the world and can also be grown at home.\" \/>\n<meta name=\"robots\" content=\"index, follow, max-snippet:-1, max-image-preview:large, max-video-preview:-1\" \/>\n<link rel=\"canonical\" href=\"https:\/\/mycoland.ee\/en\/product\/libliktagela-dowelswax\/\" \/>\n<meta property=\"og:locale\" content=\"en_US\" \/>\n<meta property=\"og:type\" content=\"article\" \/>\n<meta property=\"og:title\" content=\"Libliktagela dowels+wax - Mycoland\" \/>\n<meta property=\"og:description\" content=\"Turkey tail (Trametes versicolor) is one of the best known medicinal mushrooms in the world and can also be grown at home.\" \/>\n<meta property=\"og:url\" content=\"https:\/\/mycoland.ee\/en\/product\/libliktagela-dowelswax\/\" \/>\n<meta property=\"og:site_name\" content=\"Mycoland\" \/>\n<meta property=\"article:modified_time\" content=\"2024-01-31T14:53:58+00:00\" \/>\n<meta property=\"og:image\" content=\"https:\/\/mycoland.ee\/wp-content\/uploads\/2021\/10\/libliktageltuublid-1024x576.png\" \/>\n\t<meta property=\"og:image:width\" content=\"1024\" \/>\n\t<meta property=\"og:image:height\" content=\"576\" \/>\n\t<meta property=\"og:image:type\" content=\"image\/png\" \/>\n<meta name=\"twitter:card\" content=\"summary_large_image\" \/>\n<meta name=\"twitter:label1\" content=\"Est. reading time\" \/>\n\t<meta name=\"twitter:data1\" content=\"1 minute\" \/>\n<script type=\"application\/ld+json\" class=\"yoast-schema-graph\">{\"@context\":\"https:\/\/schema.org\",\"@graph\":[{\"@type\":\"WebPage\",\"@id\":\"https:\/\/mycoland.ee\/en\/product\/libliktagela-dowelswax\/\",\"url\":\"https:\/\/mycoland.ee\/en\/product\/libliktagela-dowelswax\/\",\"name\":\"Libliktagela dowels+wax - Mycoland\",\"isPartOf\":{\"@id\":\"https:\/\/mycoland.ee\/en\/#website\"},\"primaryImageOfPage\":{\"@id\":\"https:\/\/mycoland.ee\/en\/product\/libliktagela-dowelswax\/#primaryimage\"},\"image\":{\"@id\":\"https:\/\/mycoland.ee\/en\/product\/libliktagela-dowelswax\/#primaryimage\"},\"thumbnailUrl\":\"https:\/\/mycoland.ee\/wp-content\/uploads\/2021\/10\/libliktageltuublid.png\",\"datePublished\":\"2023-12-15T10:06:39+00:00\",\"dateModified\":\"2024-01-31T14:53:58+00:00\",\"description\":\"Turkey tail (Trametes versicolor) is one of the best known medicinal mushrooms in the world and can also be grown at home.\",\"breadcrumb\":{\"@id\":\"https:\/\/mycoland.ee\/en\/product\/libliktagela-dowelswax\/#breadcrumb\"},\"inLanguage\":\"en-US\",\"potentialAction\":[{\"@type\":\"ReadAction\",\"target\":[\"https:\/\/mycoland.ee\/en\/product\/libliktagela-dowelswax\/\"]}]},{\"@type\":\"ImageObject\",\"inLanguage\":\"en-US\",\"@id\":\"https:\/\/mycoland.ee\/en\/product\/libliktagela-dowelswax\/#primaryimage\",\"url\":\"https:\/\/mycoland.ee\/wp-content\/uploads\/2021\/10\/libliktageltuublid.png\",\"contentUrl\":\"https:\/\/mycoland.ee\/wp-content\/uploads\/2021\/10\/libliktageltuublid.png\",\"width\":2133,\"height\":1200},{\"@type\":\"BreadcrumbList\",\"@id\":\"https:\/\/mycoland.ee\/en\/product\/libliktagela-dowelswax\/#breadcrumb\",\"itemListElement\":[{\"@type\":\"ListItem\",\"position\":1,\"name\":\"Home\",\"item\":\"https:\/\/mycoland.ee\/en\/\"},{\"@type\":\"ListItem\",\"position\":2,\"name\":\"E-shop\",\"item\":\"https:\/\/mycoland.ee\/en\/shop\/\"},{\"@type\":\"ListItem\",\"position\":3,\"name\":\"Libliktagela dowels+wax\"}]},{\"@type\":\"WebSite\",\"@id\":\"https:\/\/mycoland.ee\/en\/#website\",\"url\":\"https:\/\/mycoland.ee\/en\/\",\"name\":\"Mycoland\",\"description\":\"Lihtne ja kasulik lahendus s\u00f6\u00f6giseente kasvatuseks!\",\"publisher\":{\"@id\":\"https:\/\/mycoland.ee\/en\/#organization\"},\"potentialAction\":[{\"@type\":\"SearchAction\",\"target\":{\"@type\":\"EntryPoint\",\"urlTemplate\":\"https:\/\/mycoland.ee\/en\/?s={search_term_string}\"},\"query-input\":{\"@type\":\"PropertyValueSpecification\",\"valueRequired\":true,\"valueName\":\"search_term_string\"}}],\"inLanguage\":\"en-US\"},{\"@type\":\"Organization\",\"@id\":\"https:\/\/mycoland.ee\/en\/#organization\",\"name\":\"Mycoland\",\"url\":\"https:\/\/mycoland.ee\/en\/\",\"logo\":{\"@type\":\"ImageObject\",\"inLanguage\":\"en-US\",\"@id\":\"https:\/\/mycoland.ee\/en\/#\/schema\/logo\/image\/\",\"url\":\"https:\/\/mycoland.ee\/wp-content\/uploads\/2020\/10\/Mycoland-logo-taustata-e1602578100166.png\",\"contentUrl\":\"https:\/\/mycoland.ee\/wp-content\/uploads\/2020\/10\/Mycoland-logo-taustata-e1602578100166.png\",\"width\":300,\"height\":128,\"caption\":\"Mycoland\"},\"image\":{\"@id\":\"https:\/\/mycoland.ee\/en\/#\/schema\/logo\/image\/\"}}]}<\/script>\n<!-- \/ Yoast SEO plugin. -->","yoast_head_json":{"title":"Libliktagela dowels+wax - Mycoland","description":"Turkey tail (Trametes versicolor) is one of the best known medicinal mushrooms in the world and can also be grown at home.","robots":{"index":"index","follow":"follow","max-snippet":"max-snippet:-1","max-image-preview":"max-image-preview:large","max-video-preview":"max-video-preview:-1"},"canonical":"https:\/\/mycoland.ee\/en\/product\/libliktagela-dowelswax\/","og_locale":"en_US","og_type":"article","og_title":"Libliktagela dowels+wax - Mycoland","og_description":"Turkey tail (Trametes versicolor) is one of the best known medicinal mushrooms in the world and can also be grown at home.","og_url":"https:\/\/mycoland.ee\/en\/product\/libliktagela-dowelswax\/","og_site_name":"Mycoland","article_modified_time":"2024-01-31T14:53:58+00:00","og_image":[{"width":1024,"height":576,"url":"https:\/\/mycoland.ee\/wp-content\/uploads\/2021\/10\/libliktageltuublid-1024x576.png","type":"image\/png"}],"twitter_card":"summary_large_image","twitter_misc":{"Est. reading time":"1 minute"},"schema":{"@context":"https:\/\/schema.org","@graph":[{"@type":"WebPage","@id":"https:\/\/mycoland.ee\/en\/product\/libliktagela-dowelswax\/","url":"https:\/\/mycoland.ee\/en\/product\/libliktagela-dowelswax\/","name":"Libliktagela dowels+wax - Mycoland","isPartOf":{"@id":"https:\/\/mycoland.ee\/en\/#website"},"primaryImageOfPage":{"@id":"https:\/\/mycoland.ee\/en\/product\/libliktagela-dowelswax\/#primaryimage"},"image":{"@id":"https:\/\/mycoland.ee\/en\/product\/libliktagela-dowelswax\/#primaryimage"},"thumbnailUrl":"https:\/\/mycoland.ee\/wp-content\/uploads\/2021\/10\/libliktageltuublid.png","datePublished":"2023-12-15T10:06:39+00:00","dateModified":"2024-01-31T14:53:58+00:00","description":"Turkey tail (Trametes versicolor) is one of the best known medicinal mushrooms in the world and can also be grown at home.","breadcrumb":{"@id":"https:\/\/mycoland.ee\/en\/product\/libliktagela-dowelswax\/#breadcrumb"},"inLanguage":"en-US","potentialAction":[{"@type":"ReadAction","target":["https:\/\/mycoland.ee\/en\/product\/libliktagela-dowelswax\/"]}]},{"@type":"ImageObject","inLanguage":"en-US","@id":"https:\/\/mycoland.ee\/en\/product\/libliktagela-dowelswax\/#primaryimage","url":"https:\/\/mycoland.ee\/wp-content\/uploads\/2021\/10\/libliktageltuublid.png","contentUrl":"https:\/\/mycoland.ee\/wp-content\/uploads\/2021\/10\/libliktageltuublid.png","width":2133,"height":1200},{"@type":"BreadcrumbList","@id":"https:\/\/mycoland.ee\/en\/product\/libliktagela-dowelswax\/#breadcrumb","itemListElement":[{"@type":"ListItem","position":1,"name":"Home","item":"https:\/\/mycoland.ee\/en\/"},{"@type":"ListItem","position":2,"name":"E-shop","item":"https:\/\/mycoland.ee\/en\/shop\/"},{"@type":"ListItem","position":3,"name":"Libliktagela dowels+wax"}]},{"@type":"WebSite","@id":"https:\/\/mycoland.ee\/en\/#website","url":"https:\/\/mycoland.ee\/en\/","name":"Mycoland","description":"Lihtne ja kasulik lahendus s\u00f6\u00f6giseente kasvatuseks!","publisher":{"@id":"https:\/\/mycoland.ee\/en\/#organization"},"potentialAction":[{"@type":"SearchAction","target":{"@type":"EntryPoint","urlTemplate":"https:\/\/mycoland.ee\/en\/?s={search_term_string}"},"query-input":{"@type":"PropertyValueSpecification","valueRequired":true,"valueName":"search_term_string"}}],"inLanguage":"en-US"},{"@type":"Organization","@id":"https:\/\/mycoland.ee\/en\/#organization","name":"Mycoland","url":"https:\/\/mycoland.ee\/en\/","logo":{"@type":"ImageObject","inLanguage":"en-US","@id":"https:\/\/mycoland.ee\/en\/#\/schema\/logo\/image\/","url":"https:\/\/mycoland.ee\/wp-content\/uploads\/2020\/10\/Mycoland-logo-taustata-e1602578100166.png","contentUrl":"https:\/\/mycoland.ee\/wp-content\/uploads\/2020\/10\/Mycoland-logo-taustata-e1602578100166.png","width":300,"height":128,"caption":"Mycoland"},"image":{"@id":"https:\/\/mycoland.ee\/en\/#\/schema\/logo\/image\/"}}]}},"_links":{"self":[{"href":"https:\/\/mycoland.ee\/en\/wp-json\/wp\/v2\/product\/6198","targetHints":{"allow":["GET"]}}],"collection":[{"href":"https:\/\/mycoland.ee\/en\/wp-json\/wp\/v2\/product"}],"about":[{"href":"https:\/\/mycoland.ee\/en\/wp-json\/wp\/v2\/types\/product"}],"version-history":[{"count":0,"href":"https:\/\/mycoland.ee\/en\/wp-json\/wp\/v2\/product\/6198\/revisions"}],"wp:featuredmedia":[{"embeddable":true,"href":"https:\/\/mycoland.ee\/en\/wp-json\/wp\/v2\/media\/5816"}],"wp:attachment":[{"href":"https:\/\/mycoland.ee\/en\/wp-json\/wp\/v2\/media?parent=6198"}],"wp:term":[{"taxonomy":"product_brand","embeddable":true,"href":"https:\/\/mycoland.ee\/en\/wp-json\/wp\/v2\/product_brand?post=6198"},{"taxonomy":"product_cat","embeddable":true,"href":"https:\/\/mycoland.ee\/en\/wp-json\/wp\/v2\/product_cat?post=6198"},{"taxonomy":"product_tag","embeddable":true,"href":"https:\/\/mycoland.ee\/en\/wp-json\/wp\/v2\/product_tag?post=6198"}],"curies":[{"name":"wp","href":"https:\/\/api.w.org\/{rel}","templated":true}]}}