{"id":7935,"date":"2024-04-04T16:17:02","date_gmt":"2024-04-04T16:17:02","guid":{"rendered":"https:\/\/mycoland.ee\/guides-2\/mushrooms-can-be-grown-all-year-round\/"},"modified":"2024-04-04T16:17:02","modified_gmt":"2024-04-04T16:17:02","slug":"mushrooms-can-be-grown-all-year-round","status":"publish","type":"page","link":"https:\/\/mycoland.ee\/en\/guides-2\/mushrooms-can-be-grown-all-year-round\/","title":{"rendered":"Mushrooms can be grown all year round"},"content":{"rendered":"\t\t<div data-elementor-type=\"wp-page\" data-elementor-id=\"7935\" class=\"elementor elementor-7935 elementor-7300\">\n\t\t\t\t<div class=\"elementor-element elementor-element-8ce999e e-con-full e-flex e-con e-parent\" data-id=\"8ce999e\" data-element_type=\"container\" data-e-type=\"container\" data-settings=\"{&quot;background_background&quot;:&quot;classic&quot;}\">\n\t\t<div class=\"elementor-element elementor-element-744976f e-con-full e-flex e-con e-child\" data-id=\"744976f\" data-element_type=\"container\" data-e-type=\"container\">\n\t\t\t\t<div class=\"elementor-element elementor-element-3b81069 elementor-widget elementor-widget-heading\" data-id=\"3b81069\" data-element_type=\"widget\" data-e-type=\"widget\" data-widget_type=\"heading.default\">\n\t\t\t\t<div class=\"elementor-widget-container\">\n\t\t\t\t\t<h1 class=\"elementor-heading-title elementor-size-default\">Mushrooms can be grown all year round<\/h1>\t\t\t\t<\/div>\n\t\t\t\t<\/div>\n\t\t\t\t<\/div>\n\t\t\t\t<\/div>\n\t\t<div class=\"elementor-element elementor-element-f7e9d29 e-con-full e-flex e-con e-child\" data-id=\"f7e9d29\" data-element_type=\"container\" data-e-type=\"container\">\n\t\t<div class=\"elementor-element elementor-element-05460a4 e-con-full e-flex e-con e-child\" data-id=\"05460a4\" data-element_type=\"container\" data-e-type=\"container\" data-settings=\"{&quot;background_background&quot;:&quot;classic&quot;}\">\n\t\t\t\t<div class=\"elementor-element elementor-element-0b28eff elementor-widget-divider--view-line elementor-widget elementor-widget-divider\" data-id=\"0b28eff\" data-element_type=\"widget\" data-e-type=\"widget\" data-widget_type=\"divider.default\">\n\t\t\t\t<div class=\"elementor-widget-container\">\n\t\t\t\t\t\t\t<div class=\"elementor-divider\">\n\t\t\t<span class=\"elementor-divider-separator\">\n\t\t\t\t\t\t<\/span>\n\t\t<\/div>\n\t\t\t\t\t\t<\/div>\n\t\t\t\t<\/div>\n\t\t\t\t<div class=\"elementor-element elementor-element-40fbbd4 elementor-widget elementor-widget-text-editor\" data-id=\"40fbbd4\" data-element_type=\"widget\" data-e-type=\"widget\" data-widget_type=\"text-editor.default\">\n\t\t\t\t<div class=\"elementor-widget-container\">\n\t\t\t\t\t\t\t\t\t<p>On levinud ettekujutus, et seeni saab ainult s\u00fcgisel. Tavaliselt l\u00e4hevad inimesed metsa loodust nautima kohtsadesse, kus on mugav jalutada, aga kes on vaevaks v\u00f5tnud v\u00f5tta ette m\u00f5ni rada v\u00f5sas v\u00f5i kraavikaldal, n\u00e4eb, et praegugi on seal seeni. N\u00e4iteks puidu-sametk\u00f5rgest. V\u00f5psikus roomates v\u00f5ib v\u00e4ikse korvi t\u00e4is saada. Ka austerservik on looduses p\u00e4ris hiline seen. On vaja vaid sobivaid loodustingimusi ja maast veidi k\u00f5rgemale vaadata.<\/p>\n<p>Kultuuris seenepakul kasvatades tuleb tavaliselt austerserviku esimene saak kevadel, mil on pinnases piisavalt niiskust, aga ka juba \u00f5husooja. J\u00e4rgmised saagid s\u00f5ltuvad looduse temperatuuri k\u00f5ikumistest, inimene saab sekkuda soojal ilmal k\u00fclma vett pakule valades v\u00f5i \u00fcmberringi niites. Hiliss\u00fcgisel ja talvelgi juhtub imesid. N\u00e4iteks v\u00f5ib ootamatult saaki anda seenepakk mis on istutatud m\u00f5ne hoone l\u00e4hedale, mille seintelt peegeldub p\u00e4ikesesoojust v\u00f5i k\u00fctmisel eralduvat soojust. Seenemaailm on p\u00f5nev, t\u00e4is ootamatusi ning tasub katsetamist!<\/p>\n\t\t\t\t\t\t\t\t<\/div>\n\t\t\t\t<\/div>\n\t\t\t\t<\/div>\n\t\t\t\t<\/div>\n\t\t<div class=\"elementor-element elementor-element-c970405 e-con-full e-flex e-con e-child\" data-id=\"c970405\" data-element_type=\"container\" data-e-type=\"container\">\n\t\t<div class=\"elementor-element elementor-element-49a7b09 e-con-full e-flex e-con e-child\" data-id=\"49a7b09\" data-element_type=\"container\" data-e-type=\"container\" data-settings=\"{&quot;background_background&quot;:&quot;classic&quot;}\">\n\t\t\t\t<div class=\"elementor-element elementor-element-7a435d3 elementor-widget elementor-widget-image\" data-id=\"7a435d3\" data-element_type=\"widget\" data-e-type=\"widget\" data-widget_type=\"image.default\">\n\t\t\t\t<div class=\"elementor-widget-container\">\n\t\t\t\t\t\t\t\t\t\t\t\t\t\t\t<img fetchpriority=\"high\" decoding=\"async\" width=\"768\" height=\"511\" src=\"https:\/\/www.mycoland.ee\/wp-content\/uploads\/2020\/10\/seenepakk_talvel_austerservikutega-1-768x511.png\" class=\"attachment-medium_large size-medium_large wp-image-1809\" alt=\"\" srcset=\"https:\/\/www.mycoland.ee\/wp-content\/uploads\/2020\/10\/seenepakk_talvel_austerservikutega-1-768x511.png 768w, https:\/\/www.mycoland.ee\/wp-content\/uploads\/2020\/10\/seenepakk_talvel_austerservikutega-1-300x200.png 300w, https:\/\/www.mycoland.ee\/wp-content\/uploads\/2020\/10\/seenepakk_talvel_austerservikutega-1-1024x681.png 1024w, https:\/\/www.mycoland.ee\/wp-content\/uploads\/2020\/10\/seenepakk_talvel_austerservikutega-1-600x399.png 600w, https:\/\/www.mycoland.ee\/wp-content\/uploads\/2020\/10\/seenepakk_talvel_austerservikutega-1.png 1200w\" sizes=\"(max-width: 768px) 100vw, 768px\" \/>\t\t\t\t\t\t\t\t\t\t\t\t\t\t\t<\/div>\n\t\t\t\t<\/div>\n\t\t\t\t<\/div>\n\t\t<div class=\"elementor-element elementor-element-6ff41fe e-con-full e-flex e-con e-child\" data-id=\"6ff41fe\" data-element_type=\"container\" data-e-type=\"container\" data-settings=\"{&quot;background_background&quot;:&quot;classic&quot;}\">\n\t\t\t\t<div class=\"elementor-element elementor-element-a976501 elementor-widget-divider--view-line elementor-widget elementor-widget-divider\" data-id=\"a976501\" data-element_type=\"widget\" data-e-type=\"widget\" data-widget_type=\"divider.default\">\n\t\t\t\t<div class=\"elementor-widget-container\">\n\t\t\t\t\t\t\t<div class=\"elementor-divider\">\n\t\t\t<span class=\"elementor-divider-separator\">\n\t\t\t\t\t\t<\/span>\n\t\t<\/div>\n\t\t\t\t\t\t<\/div>\n\t\t\t\t<\/div>\n\t\t\t\t<div class=\"elementor-element elementor-element-12b8471 elementor-widget elementor-widget-text-editor\" data-id=\"12b8471\" data-element_type=\"widget\" data-e-type=\"widget\" data-widget_type=\"text-editor.default\">\n\t\t\t\t<div class=\"elementor-widget-container\">\n\t\t\t\t\t\t\t\t\t<p>Kel huvi \u201eloodust\u201c matkida saab austerserviku seenepaku soetada meie e-poest <a href=\"https:\/\/mycoland.ee\/e-pood\/\">mycoland.ee\/e-pood<\/a><\/p>\n<p>SOOME v\u00f5i teistesse riikidesse saatmiseks palume esitada tellimus e-mailile <a href=\"mailto:info@mycoland.ee\">info@mycoland.ee<\/a><\/p>\n<p>P\u00f5nevaid katsetamisi soovides,<br \/><strong><span style=\"color: #98c302;\">Mycoland<\/span><\/strong><\/p>\n\t\t\t\t\t\t\t\t<\/div>\n\t\t\t\t<\/div>\n\t\t\t\t<\/div>\n\t\t\t\t<\/div>\n\t\t\t\t<\/div>\n\t\t","protected":false},"excerpt":{"rendered":"<p>Mushrooms can be grown all year round On levinud ettekujutus, et seeni saab ainult s\u00fcgisel. Tavaliselt l\u00e4hevad inimesed metsa loodust nautima kohtsadesse, kus on mugav jalutada, aga kes on vaevaks v\u00f5tnud v\u00f5tta ette m\u00f5ni rada v\u00f5sas v\u00f5i kraavikaldal, n\u00e4eb, et praegugi on seal seeni. N\u00e4iteks puidu-sametk\u00f5rgest. V\u00f5psikus roomates v\u00f5ib v\u00e4ikse korvi t\u00e4is saada. Ka austerservik [&hellip;]<\/p>\n","protected":false},"author":2,"featured_media":0,"parent":7923,"menu_order":0,"comment_status":"closed","ping_status":"closed","template":"","meta":{"site-sidebar-layout":"no-sidebar","site-content-layout":"page-builder","ast-site-content-layout":"full-width-container","site-content-style":"default","site-sidebar-style":"default","ast-global-header-display":"","ast-banner-title-visibility":"","ast-main-header-display":"","ast-hfb-above-header-display":"","ast-hfb-below-header-display":"","ast-hfb-mobile-header-display":"","site-post-title":"disabled","ast-breadcrumbs-content":"","ast-featured-img":"disabled","footer-sml-layout":"","ast-disable-related-posts":"","theme-transparent-header-meta":"","adv-header-id-meta":"","stick-header-meta":"","header-above-stick-meta":"","header-main-stick-meta":"","header-below-stick-meta":"","astra-migrate-meta-layouts":"default","ast-page-background-enabled":"default","ast-page-background-meta":{"desktop":{"background-color":"","background-image":"","background-repeat":"repeat","background-position":"center center","background-size":"auto","background-attachment":"scroll","background-type":"","background-media":"","overlay-type":"","overlay-color":"","overlay-opacity":"","overlay-gradient":""},"tablet":{"background-color":"","background-image":"","background-repeat":"repeat","background-position":"center center","background-size":"auto","background-attachment":"scroll","background-type":"","background-media":"","overlay-type":"","overlay-color":"","overlay-opacity":"","overlay-gradient":""},"mobile":{"background-color":"","background-image":"","background-repeat":"repeat","background-position":"center center","background-size":"auto","background-attachment":"scroll","background-type":"","background-media":"","overlay-type":"","overlay-color":"","overlay-opacity":"","overlay-gradient":""}},"ast-content-background-meta":{"desktop":{"background-color":"var(--ast-global-color-5)","background-image":"","background-repeat":"repeat","background-position":"center center","background-size":"auto","background-attachment":"scroll","background-type":"","background-media":"","overlay-type":"","overlay-color":"","overlay-opacity":"","overlay-gradient":""},"tablet":{"background-color":"var(--ast-global-color-5)","background-image":"","background-repeat":"repeat","background-position":"center center","background-size":"auto","background-attachment":"scroll","background-type":"","background-media":"","overlay-type":"","overlay-color":"","overlay-opacity":"","overlay-gradient":""},"mobile":{"background-color":"var(--ast-global-color-5)","background-image":"","background-repeat":"repeat","background-position":"center center","background-size":"auto","background-attachment":"scroll","background-type":"","background-media":"","overlay-type":"","overlay-color":"","overlay-opacity":"","overlay-gradient":""}},"footnotes":""},"class_list":["post-7935","page","type-page","status-publish","hentry"],"yoast_head":"<!-- This site is optimized with the Yoast SEO plugin v27.1.1 - https:\/\/yoast.com\/product\/yoast-seo-wordpress\/ -->\n<title>Mushrooms can be grown all year round - Mycoland<\/title>\n<meta name=\"robots\" content=\"index, follow, max-snippet:-1, max-image-preview:large, max-video-preview:-1\" \/>\n<link rel=\"canonical\" href=\"https:\/\/www.mycoland.ee\/en\/guides-2\/mushrooms-can-be-grown-all-year-round\/\" \/>\n<meta property=\"og:locale\" content=\"en_US\" \/>\n<meta property=\"og:type\" content=\"article\" \/>\n<meta property=\"og:title\" content=\"Mushrooms can be grown all year round - Mycoland\" \/>\n<meta property=\"og:description\" content=\"Mushrooms can be grown all year round On levinud ettekujutus, et seeni saab ainult s\u00fcgisel. Tavaliselt l\u00e4hevad inimesed metsa loodust nautima kohtsadesse, kus on mugav jalutada, aga kes on vaevaks v\u00f5tnud v\u00f5tta ette m\u00f5ni rada v\u00f5sas v\u00f5i kraavikaldal, n\u00e4eb, et praegugi on seal seeni. N\u00e4iteks puidu-sametk\u00f5rgest. V\u00f5psikus roomates v\u00f5ib v\u00e4ikse korvi t\u00e4is saada. Ka austerservik [&hellip;]\" \/>\n<meta property=\"og:url\" content=\"https:\/\/www.mycoland.ee\/en\/guides-2\/mushrooms-can-be-grown-all-year-round\/\" \/>\n<meta property=\"og:site_name\" content=\"Mycoland\" \/>\n<meta property=\"og:image\" content=\"https:\/\/mycoland.ee\/wp-content\/uploads\/2020\/10\/seenepakk_talvel_austerservikutega-1-768x511.png\" \/>\n<meta name=\"twitter:card\" content=\"summary_large_image\" \/>\n<meta name=\"twitter:label1\" content=\"Est. reading time\" \/>\n\t<meta name=\"twitter:data1\" content=\"1 minute\" \/>\n<script type=\"application\/ld+json\" class=\"yoast-schema-graph\">{\"@context\":\"https:\/\/schema.org\",\"@graph\":[{\"@type\":\"WebPage\",\"@id\":\"https:\/\/www.mycoland.ee\/en\/guides-2\/mushrooms-can-be-grown-all-year-round\/\",\"url\":\"https:\/\/www.mycoland.ee\/en\/guides-2\/mushrooms-can-be-grown-all-year-round\/\",\"name\":\"Mushrooms can be grown all year round - Mycoland\",\"isPartOf\":{\"@id\":\"https:\/\/www.mycoland.ee\/#website\"},\"primaryImageOfPage\":{\"@id\":\"https:\/\/www.mycoland.ee\/en\/guides-2\/mushrooms-can-be-grown-all-year-round\/#primaryimage\"},\"image\":{\"@id\":\"https:\/\/www.mycoland.ee\/en\/guides-2\/mushrooms-can-be-grown-all-year-round\/#primaryimage\"},\"thumbnailUrl\":\"https:\/\/mycoland.ee\/wp-content\/uploads\/2020\/10\/seenepakk_talvel_austerservikutega-1-768x511.png\",\"datePublished\":\"2024-04-04T16:17:02+00:00\",\"breadcrumb\":{\"@id\":\"https:\/\/www.mycoland.ee\/en\/guides-2\/mushrooms-can-be-grown-all-year-round\/#breadcrumb\"},\"inLanguage\":\"en-US\",\"potentialAction\":[{\"@type\":\"ReadAction\",\"target\":[\"https:\/\/www.mycoland.ee\/en\/guides-2\/mushrooms-can-be-grown-all-year-round\/\"]}]},{\"@type\":\"ImageObject\",\"inLanguage\":\"en-US\",\"@id\":\"https:\/\/www.mycoland.ee\/en\/guides-2\/mushrooms-can-be-grown-all-year-round\/#primaryimage\",\"url\":\"https:\/\/mycoland.ee\/wp-content\/uploads\/2020\/10\/seenepakk_talvel_austerservikutega-1-768x511.png\",\"contentUrl\":\"https:\/\/mycoland.ee\/wp-content\/uploads\/2020\/10\/seenepakk_talvel_austerservikutega-1-768x511.png\"},{\"@type\":\"BreadcrumbList\",\"@id\":\"https:\/\/www.mycoland.ee\/en\/guides-2\/mushrooms-can-be-grown-all-year-round\/#breadcrumb\",\"itemListElement\":[{\"@type\":\"ListItem\",\"position\":1,\"name\":\"Home\",\"item\":\"https:\/\/mycoland.ee\/en\/\"},{\"@type\":\"ListItem\",\"position\":2,\"name\":\"Guides\",\"item\":\"https:\/\/mycoland.ee\/en\/guides-2\/\"},{\"@type\":\"ListItem\",\"position\":3,\"name\":\"Mushrooms can be grown all year round\"}]},{\"@type\":\"WebSite\",\"@id\":\"https:\/\/www.mycoland.ee\/#website\",\"url\":\"https:\/\/www.mycoland.ee\/\",\"name\":\"Mycoland\",\"description\":\"Lihtne ja kasulik lahendus s\u00f6\u00f6giseente kasvatuseks!\",\"publisher\":{\"@id\":\"https:\/\/www.mycoland.ee\/#organization\"},\"potentialAction\":[{\"@type\":\"SearchAction\",\"target\":{\"@type\":\"EntryPoint\",\"urlTemplate\":\"https:\/\/www.mycoland.ee\/?s={search_term_string}\"},\"query-input\":{\"@type\":\"PropertyValueSpecification\",\"valueRequired\":true,\"valueName\":\"search_term_string\"}}],\"inLanguage\":\"en-US\"},{\"@type\":\"Organization\",\"@id\":\"https:\/\/www.mycoland.ee\/#organization\",\"name\":\"Mycoland\",\"url\":\"https:\/\/www.mycoland.ee\/\",\"logo\":{\"@type\":\"ImageObject\",\"inLanguage\":\"en-US\",\"@id\":\"https:\/\/www.mycoland.ee\/#\/schema\/logo\/image\/\",\"url\":\"https:\/\/www.mycoland.ee\/wp-content\/uploads\/2020\/10\/Mycoland-logo-taustata-e1602578100166.png\",\"contentUrl\":\"https:\/\/www.mycoland.ee\/wp-content\/uploads\/2020\/10\/Mycoland-logo-taustata-e1602578100166.png\",\"width\":300,\"height\":128,\"caption\":\"Mycoland\"},\"image\":{\"@id\":\"https:\/\/www.mycoland.ee\/#\/schema\/logo\/image\/\"}}]}<\/script>\n<!-- \/ Yoast SEO plugin. -->","yoast_head_json":{"title":"Mushrooms can be grown all year round - Mycoland","robots":{"index":"index","follow":"follow","max-snippet":"max-snippet:-1","max-image-preview":"max-image-preview:large","max-video-preview":"max-video-preview:-1"},"canonical":"https:\/\/www.mycoland.ee\/en\/guides-2\/mushrooms-can-be-grown-all-year-round\/","og_locale":"en_US","og_type":"article","og_title":"Mushrooms can be grown all year round - Mycoland","og_description":"Mushrooms can be grown all year round On levinud ettekujutus, et seeni saab ainult s\u00fcgisel. Tavaliselt l\u00e4hevad inimesed metsa loodust nautima kohtsadesse, kus on mugav jalutada, aga kes on vaevaks v\u00f5tnud v\u00f5tta ette m\u00f5ni rada v\u00f5sas v\u00f5i kraavikaldal, n\u00e4eb, et praegugi on seal seeni. N\u00e4iteks puidu-sametk\u00f5rgest. V\u00f5psikus roomates v\u00f5ib v\u00e4ikse korvi t\u00e4is saada. Ka austerservik [&hellip;]","og_url":"https:\/\/www.mycoland.ee\/en\/guides-2\/mushrooms-can-be-grown-all-year-round\/","og_site_name":"Mycoland","og_image":[{"url":"https:\/\/mycoland.ee\/wp-content\/uploads\/2020\/10\/seenepakk_talvel_austerservikutega-1-768x511.png","type":"","width":"","height":""}],"twitter_card":"summary_large_image","twitter_misc":{"Est. reading time":"1 minute"},"schema":{"@context":"https:\/\/schema.org","@graph":[{"@type":"WebPage","@id":"https:\/\/www.mycoland.ee\/en\/guides-2\/mushrooms-can-be-grown-all-year-round\/","url":"https:\/\/www.mycoland.ee\/en\/guides-2\/mushrooms-can-be-grown-all-year-round\/","name":"Mushrooms can be grown all year round - Mycoland","isPartOf":{"@id":"https:\/\/www.mycoland.ee\/#website"},"primaryImageOfPage":{"@id":"https:\/\/www.mycoland.ee\/en\/guides-2\/mushrooms-can-be-grown-all-year-round\/#primaryimage"},"image":{"@id":"https:\/\/www.mycoland.ee\/en\/guides-2\/mushrooms-can-be-grown-all-year-round\/#primaryimage"},"thumbnailUrl":"https:\/\/mycoland.ee\/wp-content\/uploads\/2020\/10\/seenepakk_talvel_austerservikutega-1-768x511.png","datePublished":"2024-04-04T16:17:02+00:00","breadcrumb":{"@id":"https:\/\/www.mycoland.ee\/en\/guides-2\/mushrooms-can-be-grown-all-year-round\/#breadcrumb"},"inLanguage":"en-US","potentialAction":[{"@type":"ReadAction","target":["https:\/\/www.mycoland.ee\/en\/guides-2\/mushrooms-can-be-grown-all-year-round\/"]}]},{"@type":"ImageObject","inLanguage":"en-US","@id":"https:\/\/www.mycoland.ee\/en\/guides-2\/mushrooms-can-be-grown-all-year-round\/#primaryimage","url":"https:\/\/mycoland.ee\/wp-content\/uploads\/2020\/10\/seenepakk_talvel_austerservikutega-1-768x511.png","contentUrl":"https:\/\/mycoland.ee\/wp-content\/uploads\/2020\/10\/seenepakk_talvel_austerservikutega-1-768x511.png"},{"@type":"BreadcrumbList","@id":"https:\/\/www.mycoland.ee\/en\/guides-2\/mushrooms-can-be-grown-all-year-round\/#breadcrumb","itemListElement":[{"@type":"ListItem","position":1,"name":"Home","item":"https:\/\/mycoland.ee\/en\/"},{"@type":"ListItem","position":2,"name":"Guides","item":"https:\/\/mycoland.ee\/en\/guides-2\/"},{"@type":"ListItem","position":3,"name":"Mushrooms can be grown all year round"}]},{"@type":"WebSite","@id":"https:\/\/www.mycoland.ee\/#website","url":"https:\/\/www.mycoland.ee\/","name":"Mycoland","description":"Lihtne ja kasulik lahendus s\u00f6\u00f6giseente kasvatuseks!","publisher":{"@id":"https:\/\/www.mycoland.ee\/#organization"},"potentialAction":[{"@type":"SearchAction","target":{"@type":"EntryPoint","urlTemplate":"https:\/\/www.mycoland.ee\/?s={search_term_string}"},"query-input":{"@type":"PropertyValueSpecification","valueRequired":true,"valueName":"search_term_string"}}],"inLanguage":"en-US"},{"@type":"Organization","@id":"https:\/\/www.mycoland.ee\/#organization","name":"Mycoland","url":"https:\/\/www.mycoland.ee\/","logo":{"@type":"ImageObject","inLanguage":"en-US","@id":"https:\/\/www.mycoland.ee\/#\/schema\/logo\/image\/","url":"https:\/\/www.mycoland.ee\/wp-content\/uploads\/2020\/10\/Mycoland-logo-taustata-e1602578100166.png","contentUrl":"https:\/\/www.mycoland.ee\/wp-content\/uploads\/2020\/10\/Mycoland-logo-taustata-e1602578100166.png","width":300,"height":128,"caption":"Mycoland"},"image":{"@id":"https:\/\/www.mycoland.ee\/#\/schema\/logo\/image\/"}}]}},"_links":{"self":[{"href":"https:\/\/mycoland.ee\/en\/wp-json\/wp\/v2\/pages\/7935","targetHints":{"allow":["GET"]}}],"collection":[{"href":"https:\/\/mycoland.ee\/en\/wp-json\/wp\/v2\/pages"}],"about":[{"href":"https:\/\/mycoland.ee\/en\/wp-json\/wp\/v2\/types\/page"}],"author":[{"embeddable":true,"href":"https:\/\/mycoland.ee\/en\/wp-json\/wp\/v2\/users\/2"}],"replies":[{"embeddable":true,"href":"https:\/\/mycoland.ee\/en\/wp-json\/wp\/v2\/comments?post=7935"}],"version-history":[{"count":1,"href":"https:\/\/mycoland.ee\/en\/wp-json\/wp\/v2\/pages\/7935\/revisions"}],"predecessor-version":[{"id":7936,"href":"https:\/\/mycoland.ee\/en\/wp-json\/wp\/v2\/pages\/7935\/revisions\/7936"}],"up":[{"embeddable":true,"href":"https:\/\/mycoland.ee\/en\/wp-json\/wp\/v2\/pages\/7923"}],"wp:attachment":[{"href":"https:\/\/mycoland.ee\/en\/wp-json\/wp\/v2\/media?parent=7935"}],"curies":[{"name":"wp","href":"https:\/\/api.w.org\/{rel}","templated":true}]}}