{"id":7929,"date":"2024-04-04T16:14:37","date_gmt":"2024-04-04T16:14:37","guid":{"rendered":"https:\/\/mycoland.ee\/guides-2\/growing-coral-barnacles-with-dowels\/"},"modified":"2024-04-04T16:14:37","modified_gmt":"2024-04-04T16:14:37","slug":"growing-coral-barnacles-with-dowels","status":"publish","type":"page","link":"https:\/\/mycoland.ee\/en\/guides-2\/growing-coral-barnacles-with-dowels\/","title":{"rendered":"Growing coral barnacles with dowels"},"content":{"rendered":"\t\t<div data-elementor-type=\"wp-page\" data-elementor-id=\"7929\" class=\"elementor elementor-7929 elementor-7497\">\n\t\t\t\t<div class=\"elementor-element elementor-element-6768345 e-con-full e-flex e-con e-parent\" data-id=\"6768345\" data-element_type=\"container\" data-e-type=\"container\" data-settings=\"{&quot;background_background&quot;:&quot;classic&quot;}\">\n\t\t<div class=\"elementor-element elementor-element-c2589a7 e-con-full e-flex e-con e-child\" data-id=\"c2589a7\" data-element_type=\"container\" data-e-type=\"container\">\n\t\t\t\t<div class=\"elementor-element elementor-element-d1e036e elementor-widget elementor-widget-heading\" data-id=\"d1e036e\" data-element_type=\"widget\" data-e-type=\"widget\" data-widget_type=\"heading.default\">\n\t\t\t\t<div class=\"elementor-widget-container\">\n\t\t\t\t\t<h1 class=\"elementor-heading-title elementor-size-default\">Growing coral barnacles with dowels<\/h1>\t\t\t\t<\/div>\n\t\t\t\t<\/div>\n\t\t\t\t<\/div>\n\t\t\t\t<\/div>\n\t\t<div class=\"elementor-element elementor-element-90bbd5f e-con-full e-flex e-con e-child\" data-id=\"90bbd5f\" data-element_type=\"container\" data-e-type=\"container\">\n\t\t<div class=\"elementor-element elementor-element-08756ae e-con-full e-flex e-con e-child\" data-id=\"08756ae\" data-element_type=\"container\" data-e-type=\"container\" data-settings=\"{&quot;background_background&quot;:&quot;classic&quot;}\">\n\t\t\t\t<div class=\"elementor-element elementor-element-449f384 elementor-widget elementor-widget-text-editor\" data-id=\"449f384\" data-element_type=\"widget\" data-e-type=\"widget\" data-widget_type=\"text-editor.default\">\n\t\t\t\t<div class=\"elementor-widget-container\">\n\t\t\t\t\t\t\t\t\t<p><strong>Lion&#8217;s mane lions mane Hericium erinaceus<br \/><\/strong>Korallnarmiku t\u00fc\u00fcbleid saab <a href=\"https:\/\/mycoland.ee\/toode\/korallnarmiku-tuublid\/\"><strong>SIIT<\/strong><\/a><\/p>\n\t\t\t\t\t\t\t\t<\/div>\n\t\t\t\t<\/div>\n\t\t\t\t<div class=\"elementor-element elementor-element-68e0d3e elementor-widget-divider--view-line elementor-widget elementor-widget-divider\" data-id=\"68e0d3e\" data-element_type=\"widget\" data-e-type=\"widget\" data-widget_type=\"divider.default\">\n\t\t\t\t<div class=\"elementor-widget-container\">\n\t\t\t\t\t\t\t<div class=\"elementor-divider\">\n\t\t\t<span class=\"elementor-divider-separator\">\n\t\t\t\t\t\t<\/span>\n\t\t<\/div>\n\t\t\t\t\t\t<\/div>\n\t\t\t\t<\/div>\n\t\t\t\t<div class=\"elementor-element elementor-element-b3aa3fa elementor-widget elementor-widget-heading\" data-id=\"b3aa3fa\" data-element_type=\"widget\" data-e-type=\"widget\" data-widget_type=\"heading.default\">\n\t\t\t\t<div class=\"elementor-widget-container\">\n\t\t\t\t\t<h2 class=\"elementor-heading-title elementor-size-default\">Omadused<\/h2>\t\t\t\t<\/div>\n\t\t\t\t<\/div>\n\t\t\t\t<div class=\"elementor-element elementor-element-077123b elementor-widget elementor-widget-text-editor\" data-id=\"077123b\" data-element_type=\"widget\" data-e-type=\"widget\" data-widget_type=\"text-editor.default\">\n\t\t\t\t<div class=\"elementor-widget-container\">\n\t\t\t\t\t\t\t\t\t<p>L\u00f5vilakk on eriliselt dekoratiivne gourmet seen, kuid millel on ka meditsiinilised omadused.<\/p>\n<p>Looduslikeks kasvualadeks on P\u00f5hja-Ameerika, Euroopa, Hiina ja Jaapan. Looduslikult kasvab surnud v\u00f5i surevatel puudel, mahakukkunud pakkudel ning k\u00e4ndudel nagu kreeka p\u00e4hklipuul, vahtral, p\u00f6\u00f6gil.<\/p>\n\t\t\t\t\t\t\t\t<\/div>\n\t\t\t\t<\/div>\n\t\t\t\t<div class=\"elementor-element elementor-element-b96baa1 elementor-widget-divider--view-line elementor-widget elementor-widget-divider\" data-id=\"b96baa1\" data-element_type=\"widget\" data-e-type=\"widget\" data-widget_type=\"divider.default\">\n\t\t\t\t<div class=\"elementor-widget-container\">\n\t\t\t\t\t\t\t<div class=\"elementor-divider\">\n\t\t\t<span class=\"elementor-divider-separator\">\n\t\t\t\t\t\t<\/span>\n\t\t<\/div>\n\t\t\t\t\t\t<\/div>\n\t\t\t\t<\/div>\n\t\t\t\t<div class=\"elementor-element elementor-element-542dcdd elementor-widget elementor-widget-heading\" data-id=\"542dcdd\" data-element_type=\"widget\" data-e-type=\"widget\" data-widget_type=\"heading.default\">\n\t\t\t\t<div class=\"elementor-widget-container\">\n\t\t\t\t\t<h2 class=\"elementor-heading-title elementor-size-default\">Toiduks<\/h2>\t\t\t\t<\/div>\n\t\t\t\t<\/div>\n\t\t\t\t<div class=\"elementor-element elementor-element-33ad01b elementor-widget elementor-widget-text-editor\" data-id=\"33ad01b\" data-element_type=\"widget\" data-e-type=\"widget\" data-widget_type=\"text-editor.default\">\n\t\t\t\t<div class=\"elementor-widget-container\">\n\t\t\t\t\t\t\t\t\t<p>L\u00f5vilakk on v\u00e4ga h\u00f5rk seen, millel tekib k\u00fcpsetades homaari maitse. For best results, heat rapidly over high heat in butter and oil until the liquid disappears. When baked, it forms strips that vegans can use to replace meat in their meals.<\/p>\n\t\t\t\t\t\t\t\t<\/div>\n\t\t\t\t<\/div>\n\t\t\t\t<div class=\"elementor-element elementor-element-c312fd4 elementor-widget-divider--view-line elementor-widget elementor-widget-divider\" data-id=\"c312fd4\" data-element_type=\"widget\" data-e-type=\"widget\" data-widget_type=\"divider.default\">\n\t\t\t\t<div class=\"elementor-widget-container\">\n\t\t\t\t\t\t\t<div class=\"elementor-divider\">\n\t\t\t<span class=\"elementor-divider-separator\">\n\t\t\t\t\t\t<\/span>\n\t\t<\/div>\n\t\t\t\t\t\t<\/div>\n\t\t\t\t<\/div>\n\t\t\t\t<div class=\"elementor-element elementor-element-03242fe elementor-widget elementor-widget-heading\" data-id=\"03242fe\" data-element_type=\"widget\" data-e-type=\"widget\" data-widget_type=\"heading.default\">\n\t\t\t\t<div class=\"elementor-widget-container\">\n\t\t\t\t\t<h2 class=\"elementor-heading-title elementor-size-default\">Ravitoime<\/h2>\t\t\t\t<\/div>\n\t\t\t\t<\/div>\n\t\t\t\t<div class=\"elementor-element elementor-element-1c81b3b elementor-widget elementor-widget-text-editor\" data-id=\"1c81b3b\" data-element_type=\"widget\" data-e-type=\"widget\" data-widget_type=\"text-editor.default\">\n\t\t\t\t<div class=\"elementor-widget-container\">\n\t\t\t\t\t\t\t\t\t<p>L\u00f5vilakk on p\u00f5letikuvastane ning on t\u00f5estatud m\u00f5ju soolestiku haavandite, Alzeimeri t\u00f5ve ning leukeemia v\u00e4hiravis. Samuti reguleerib soolestiku mikrofloorat.<\/p>\n\t\t\t\t\t\t\t\t<\/div>\n\t\t\t\t<\/div>\n\t\t\t\t<div class=\"elementor-element elementor-element-afe3ed6 elementor-widget-divider--view-line elementor-widget elementor-widget-divider\" data-id=\"afe3ed6\" data-element_type=\"widget\" data-e-type=\"widget\" data-widget_type=\"divider.default\">\n\t\t\t\t<div class=\"elementor-widget-container\">\n\t\t\t\t\t\t\t<div class=\"elementor-divider\">\n\t\t\t<span class=\"elementor-divider-separator\">\n\t\t\t\t\t\t<\/span>\n\t\t<\/div>\n\t\t\t\t\t\t<\/div>\n\t\t\t\t<\/div>\n\t\t\t\t<div class=\"elementor-element elementor-element-543a15c elementor-widget elementor-widget-heading\" data-id=\"543a15c\" data-element_type=\"widget\" data-e-type=\"widget\" data-widget_type=\"heading.default\">\n\t\t\t\t<div class=\"elementor-widget-container\">\n\t\t\t\t\t<h2 class=\"elementor-heading-title elementor-size-default\">Seenepaku nakatamine\n<\/h2>\t\t\t\t<\/div>\n\t\t\t\t<\/div>\n\t\t\t\t<div class=\"elementor-element elementor-element-c19efe7 elementor-widget elementor-widget-text-editor\" data-id=\"c19efe7\" data-element_type=\"widget\" data-e-type=\"widget\" data-widget_type=\"text-editor.default\">\n\t\t\t\t<div class=\"elementor-widget-container\">\n\t\t\t\t\t\t\t\t\t<ul>\n<li>Sae v\u00e4rske haavapakk (suits-kollanutile kuusepakk) 40-45 cm pikk, 15-50 cm l\u00e4bim\u00f5\u00f5duga. Nakatamiseks sobib ka peale mahlajooksu l\u00f5ppemist langetatud lehtpuu k\u00e4nd (suits-kollanutil kuusek\u00e4nd). K\u00e4nnule puuritakse augud k\u00fclgedele samuti 10-12 cm vahega. L\u00f5ikekoht kaetakse kilega, et k\u00e4nd ei kuivaks.<\/li>\n<li>Puuri iga 10-12 cm tagant auk, mis oleks paar mm suurem ja s\u00fcgavam, kui t\u00fc\u00fcbel.<\/li>\n<li>Pane t\u00fc\u00fcblid auku puhaste, seebiga pestud k\u00e4te v\u00f5i kinnastega<\/li>\n<li>Toksi haamriga t\u00fc\u00fcbel l\u00f5plikult sisse.<\/li>\n<li>Sulata vaha veevannis ning j\u00e4tagi terveks vahatamise ajaks veevanni, sest vaha hangub ruttu.<\/li>\n<li>Pintselda v\u00f5i vala sorts igale t\u00fc\u00fcbli otsale.<\/li>\n<li>Seej\u00e4rel paki nakatatud pakk kilesse (toidukilesse v\u00f5i kilekottidesse). J\u00e4ta toatemperatuurile (20-24\u00b0C l\u00e4bi kasvama v\u00e4hemalt paariks kuuks. L\u00e4bi kasvades muutub t\u00fc\u00fcbli juurest puidu pind valgeks.<\/li>\n<li>Kui pakk on l\u00e4bi kasvanud, kaeva seenepakk \u00f5ue maasse v\u00f5i suurde lillepotti r\u00f5dule 2\/3 ulatuses (vt joonist &#8220;kaeva maasse&#8221;). Sobib igasugune aiamuld, kuid mitte liivmuld. Sobivaks kasvukohaks on p\u00e4ikese eest varjatud koht, kuhu sajaks ka vihma, aga ei oleks seisvat vett. Maasse kaevata v\u00f5ib aastaringselt. Kahe istutatud puupaku vahe peaks olema v\u00e4hemalt 30 cm. Kui kohe maha kaevata ei ole v\u00f5imalik, v\u00f5ib j\u00e4tta seenepaku samasse kilekotti toatemperatuurile isegi kuni aastaks. Istutatud seenepakku on vaja kuival perioodil kasta, lillepotis kasvatades tihedamalt. Talvel pakku katta pole vaja, talub k\u00fclma. L\u00f5plik l\u00e4bikasvamine m\u00fctseeliga toimub 3-6 kuu jooksul. Juba maha kaevatud seenepakku ei soovita \u00fcmber istutada, m\u00fctseel v\u00f5ib hukkuda. Pakk j\u00e4\u00e4b samasse kohta 4-5 aastaks kuni laguneb. Sel ajal annab tavaliselt 2-3 saaki aastas olenevalt liigist.<\/li>\n<\/ul>\n\t\t\t\t\t\t\t\t<\/div>\n\t\t\t\t<\/div>\n\t\t\t\t<div class=\"elementor-element elementor-element-08bb413 elementor-widget-divider--view-line elementor-widget elementor-widget-divider\" data-id=\"08bb413\" data-element_type=\"widget\" data-e-type=\"widget\" data-widget_type=\"divider.default\">\n\t\t\t\t<div class=\"elementor-widget-container\">\n\t\t\t\t\t\t\t<div class=\"elementor-divider\">\n\t\t\t<span class=\"elementor-divider-separator\">\n\t\t\t\t\t\t<\/span>\n\t\t<\/div>\n\t\t\t\t\t\t<\/div>\n\t\t\t\t<\/div>\n\t\t\t\t<div class=\"elementor-element elementor-element-5b5a1f2 elementor-widget elementor-widget-image-gallery\" data-id=\"5b5a1f2\" data-element_type=\"widget\" data-e-type=\"widget\" data-widget_type=\"image-gallery.default\">\n\t\t\t\t<div class=\"elementor-widget-container\">\n\t\t\t\t\t\t\t<div class=\"elementor-image-gallery\">\n\t\t\t<div id='gallery-1' class='gallery galleryid-7929 gallery-columns-2 gallery-size-medium'><figure class='gallery-item'>\n\t\t\t<div class='gallery-icon landscape'>\n\t\t\t\t<a data-elementor-open-lightbox=\"yes\" data-elementor-lightbox-slideshow=\"5b5a1f2\" data-elementor-lightbox-title=\"tuublitega-pakk\" data-e-action-hash=\"#elementor-action%3Aaction%3Dlightbox%26settings%3DeyJpZCI6MzA1OSwidXJsIjoiaHR0cHM6XC9cL215Y29sYW5kLmVlXC93cC1jb250ZW50XC91cGxvYWRzXC8yMDIyXC8wM1wvdHV1YmxpdGVnYS1wYWtrLnBuZyIsInNsaWRlc2hvdyI6IjViNWExZjIifQ%3D%3D\" href='https:\/\/mycoland.ee\/wp-content\/uploads\/2022\/03\/tuublitega-pakk.png'><img decoding=\"async\" width=\"300\" height=\"166\" src=\"https:\/\/mycoland.ee\/wp-content\/uploads\/2022\/03\/tuublitega-pakk-300x166.png\" class=\"attachment-medium size-medium\" alt=\"\" aria-describedby=\"gallery-1-3059\" srcset=\"https:\/\/mycoland.ee\/wp-content\/uploads\/2022\/03\/tuublitega-pakk-300x166.png 300w, https:\/\/mycoland.ee\/wp-content\/uploads\/2022\/03\/tuublitega-pakk-600x332.png 600w, https:\/\/mycoland.ee\/wp-content\/uploads\/2022\/03\/tuublitega-pakk.png 634w\" sizes=\"(max-width: 300px) 100vw, 300px\" \/><\/a>\n\t\t\t<\/div>\n\t\t\t\t<figcaption class='wp-caption-text gallery-caption' id='gallery-1-3059'>\n\t\t\t\tPuuri iga 10-12 cm tagant augud, toksi sisse t\u00fc\u00fcbel, kata auk sulavahaga.\n\t\t\t\t<\/figcaption><\/figure><figure class='gallery-item'>\n\t\t\t<div class='gallery-icon portrait'>\n\t\t\t\t<a data-elementor-open-lightbox=\"yes\" data-elementor-lightbox-slideshow=\"5b5a1f2\" data-elementor-lightbox-title=\"maha-kaevatud-tuublitega-pakk\" data-e-action-hash=\"#elementor-action%3Aaction%3Dlightbox%26settings%3DeyJpZCI6MzA2MSwidXJsIjoiaHR0cHM6XC9cL215Y29sYW5kLmVlXC93cC1jb250ZW50XC91cGxvYWRzXC8yMDIyXC8wM1wvbWFoYS1rYWV2YXR1ZC10dXVibGl0ZWdhLXBha2sucG5nIiwic2xpZGVzaG93IjoiNWI1YTFmMiJ9\" href='https:\/\/mycoland.ee\/wp-content\/uploads\/2022\/03\/maha-kaevatud-tuublitega-pakk.png'><img fetchpriority=\"high\" decoding=\"async\" width=\"300\" height=\"300\" src=\"https:\/\/mycoland.ee\/wp-content\/uploads\/2022\/03\/maha-kaevatud-tuublitega-pakk-300x300.png\" class=\"attachment-medium size-medium\" alt=\"\" aria-describedby=\"gallery-1-3061\" srcset=\"https:\/\/mycoland.ee\/wp-content\/uploads\/2022\/03\/maha-kaevatud-tuublitega-pakk-300x300.png 300w, https:\/\/mycoland.ee\/wp-content\/uploads\/2022\/03\/maha-kaevatud-tuublitega-pakk-150x150.png 150w, https:\/\/mycoland.ee\/wp-content\/uploads\/2022\/03\/maha-kaevatud-tuublitega-pakk-100x100.png 100w, https:\/\/mycoland.ee\/wp-content\/uploads\/2022\/03\/maha-kaevatud-tuublitega-pakk.png 866w\" sizes=\"(max-width: 300px) 100vw, 300px\" \/><\/a>\n\t\t\t<\/div>\n\t\t\t\t<figcaption class='wp-caption-text gallery-caption' id='gallery-1-3061'>\n\t\t\t\tKaeva 2\/3 maasse\n\t\t\t\t<\/figcaption><\/figure>\n\t\t<\/div>\n\t\t<\/div>\n\t\t\t\t\t\t<\/div>\n\t\t\t\t<\/div>\n\t\t\t\t<\/div>\n\t\t\t\t<\/div>\n\t\t\t\t<\/div>\n\t\t","protected":false},"excerpt":{"rendered":"<p>Growing coral barnacles with dowels Lion&#8217;s mane lions mane Hericium erinaceusKorallnarmiku t\u00fc\u00fcbleid saab SIIT Omadused L\u00f5vilakk on eriliselt dekoratiivne gourmet seen, kuid millel on ka meditsiinilised omadused. Looduslikeks kasvualadeks on P\u00f5hja-Ameerika, Euroopa, Hiina ja Jaapan. Looduslikult kasvab surnud v\u00f5i surevatel puudel, mahakukkunud pakkudel ning k\u00e4ndudel nagu kreeka p\u00e4hklipuul, vahtral, p\u00f6\u00f6gil. Toiduks L\u00f5vilakk on v\u00e4ga h\u00f5rk [&hellip;]<\/p>\n","protected":false},"author":2,"featured_media":0,"parent":7923,"menu_order":0,"comment_status":"closed","ping_status":"closed","template":"elementor_header_footer","meta":{"site-sidebar-layout":"no-sidebar","site-content-layout":"page-builder","ast-site-content-layout":"full-width-container","site-content-style":"default","site-sidebar-style":"default","ast-global-header-display":"","ast-banner-title-visibility":"","ast-main-header-display":"","ast-hfb-above-header-display":"","ast-hfb-below-header-display":"","ast-hfb-mobile-header-display":"","site-post-title":"disabled","ast-breadcrumbs-content":"","ast-featured-img":"disabled","footer-sml-layout":"","ast-disable-related-posts":"","theme-transparent-header-meta":"","adv-header-id-meta":"","stick-header-meta":"","header-above-stick-meta":"","header-main-stick-meta":"","header-below-stick-meta":"","astra-migrate-meta-layouts":"default","ast-page-background-enabled":"default","ast-page-background-meta":{"desktop":{"background-color":"","background-image":"","background-repeat":"repeat","background-position":"center center","background-size":"auto","background-attachment":"scroll","background-type":"","background-media":"","overlay-type":"","overlay-color":"","overlay-opacity":"","overlay-gradient":""},"tablet":{"background-color":"","background-image":"","background-repeat":"repeat","background-position":"center center","background-size":"auto","background-attachment":"scroll","background-type":"","background-media":"","overlay-type":"","overlay-color":"","overlay-opacity":"","overlay-gradient":""},"mobile":{"background-color":"","background-image":"","background-repeat":"repeat","background-position":"center center","background-size":"auto","background-attachment":"scroll","background-type":"","background-media":"","overlay-type":"","overlay-color":"","overlay-opacity":"","overlay-gradient":""}},"ast-content-background-meta":{"desktop":{"background-color":"var(--ast-global-color-5)","background-image":"","background-repeat":"repeat","background-position":"center center","background-size":"auto","background-attachment":"scroll","background-type":"","background-media":"","overlay-type":"","overlay-color":"","overlay-opacity":"","overlay-gradient":""},"tablet":{"background-color":"var(--ast-global-color-5)","background-image":"","background-repeat":"repeat","background-position":"center center","background-size":"auto","background-attachment":"scroll","background-type":"","background-media":"","overlay-type":"","overlay-color":"","overlay-opacity":"","overlay-gradient":""},"mobile":{"background-color":"var(--ast-global-color-5)","background-image":"","background-repeat":"repeat","background-position":"center center","background-size":"auto","background-attachment":"scroll","background-type":"","background-media":"","overlay-type":"","overlay-color":"","overlay-opacity":"","overlay-gradient":""}},"footnotes":""},"class_list":["post-7929","page","type-page","status-publish","hentry"],"yoast_head":"<!-- This site is optimized with the Yoast SEO plugin v27.1.1 - https:\/\/yoast.com\/product\/yoast-seo-wordpress\/ -->\n<title>Growing coral barnacles with dowels - Mycoland<\/title>\n<meta name=\"robots\" content=\"index, follow, max-snippet:-1, max-image-preview:large, max-video-preview:-1\" \/>\n<link rel=\"canonical\" href=\"https:\/\/mycoland.ee\/en\/guides-2\/growing-coral-barnacles-with-dowels\/\" \/>\n<meta property=\"og:locale\" content=\"en_US\" \/>\n<meta property=\"og:type\" content=\"article\" \/>\n<meta property=\"og:title\" content=\"Growing coral barnacles with dowels - Mycoland\" \/>\n<meta property=\"og:description\" content=\"Growing coral barnacles with dowels Lion&#8217;s mane lions mane Hericium erinaceusKorallnarmiku t\u00fc\u00fcbleid saab SIIT Omadused L\u00f5vilakk on eriliselt dekoratiivne gourmet seen, kuid millel on ka meditsiinilised omadused. Looduslikeks kasvualadeks on P\u00f5hja-Ameerika, Euroopa, Hiina ja Jaapan. Looduslikult kasvab surnud v\u00f5i surevatel puudel, mahakukkunud pakkudel ning k\u00e4ndudel nagu kreeka p\u00e4hklipuul, vahtral, p\u00f6\u00f6gil. Toiduks L\u00f5vilakk on v\u00e4ga h\u00f5rk [&hellip;]\" \/>\n<meta property=\"og:url\" content=\"https:\/\/mycoland.ee\/en\/guides-2\/growing-coral-barnacles-with-dowels\/\" \/>\n<meta property=\"og:site_name\" content=\"Mycoland\" \/>\n<meta property=\"og:image\" content=\"https:\/\/mycoland.ee\/wp-content\/uploads\/2022\/03\/tuublitega-pakk-300x166.png\" \/>\n<meta name=\"twitter:card\" content=\"summary_large_image\" \/>\n<meta name=\"twitter:label1\" content=\"Est. reading time\" \/>\n\t<meta name=\"twitter:data1\" content=\"2 minutes\" \/>\n<script type=\"application\/ld+json\" class=\"yoast-schema-graph\">{\"@context\":\"https:\/\/schema.org\",\"@graph\":[{\"@type\":\"WebPage\",\"@id\":\"https:\/\/mycoland.ee\/en\/guides-2\/growing-coral-barnacles-with-dowels\/\",\"url\":\"https:\/\/mycoland.ee\/en\/guides-2\/growing-coral-barnacles-with-dowels\/\",\"name\":\"Growing coral barnacles with dowels - Mycoland\",\"isPartOf\":{\"@id\":\"https:\/\/www.mycoland.ee\/#website\"},\"primaryImageOfPage\":{\"@id\":\"https:\/\/mycoland.ee\/en\/guides-2\/growing-coral-barnacles-with-dowels\/#primaryimage\"},\"image\":{\"@id\":\"https:\/\/mycoland.ee\/en\/guides-2\/growing-coral-barnacles-with-dowels\/#primaryimage\"},\"thumbnailUrl\":\"https:\/\/mycoland.ee\/wp-content\/uploads\/2022\/03\/tuublitega-pakk-300x166.png\",\"datePublished\":\"2024-04-04T16:14:37+00:00\",\"breadcrumb\":{\"@id\":\"https:\/\/mycoland.ee\/en\/guides-2\/growing-coral-barnacles-with-dowels\/#breadcrumb\"},\"inLanguage\":\"en-US\",\"potentialAction\":[{\"@type\":\"ReadAction\",\"target\":[\"https:\/\/mycoland.ee\/en\/guides-2\/growing-coral-barnacles-with-dowels\/\"]}]},{\"@type\":\"ImageObject\",\"inLanguage\":\"en-US\",\"@id\":\"https:\/\/mycoland.ee\/en\/guides-2\/growing-coral-barnacles-with-dowels\/#primaryimage\",\"url\":\"https:\/\/mycoland.ee\/wp-content\/uploads\/2022\/03\/tuublitega-pakk-300x166.png\",\"contentUrl\":\"https:\/\/mycoland.ee\/wp-content\/uploads\/2022\/03\/tuublitega-pakk-300x166.png\"},{\"@type\":\"BreadcrumbList\",\"@id\":\"https:\/\/mycoland.ee\/en\/guides-2\/growing-coral-barnacles-with-dowels\/#breadcrumb\",\"itemListElement\":[{\"@type\":\"ListItem\",\"position\":1,\"name\":\"Home\",\"item\":\"https:\/\/mycoland.ee\/en\/\"},{\"@type\":\"ListItem\",\"position\":2,\"name\":\"Guides\",\"item\":\"https:\/\/mycoland.ee\/en\/guides-2\/\"},{\"@type\":\"ListItem\",\"position\":3,\"name\":\"Growing coral barnacles with dowels\"}]},{\"@type\":\"WebSite\",\"@id\":\"https:\/\/www.mycoland.ee\/#website\",\"url\":\"https:\/\/www.mycoland.ee\/\",\"name\":\"Mycoland\",\"description\":\"Lihtne ja kasulik lahendus s\u00f6\u00f6giseente kasvatuseks!\",\"publisher\":{\"@id\":\"https:\/\/www.mycoland.ee\/#organization\"},\"potentialAction\":[{\"@type\":\"SearchAction\",\"target\":{\"@type\":\"EntryPoint\",\"urlTemplate\":\"https:\/\/www.mycoland.ee\/?s={search_term_string}\"},\"query-input\":{\"@type\":\"PropertyValueSpecification\",\"valueRequired\":true,\"valueName\":\"search_term_string\"}}],\"inLanguage\":\"en-US\"},{\"@type\":\"Organization\",\"@id\":\"https:\/\/www.mycoland.ee\/#organization\",\"name\":\"Mycoland\",\"url\":\"https:\/\/www.mycoland.ee\/\",\"logo\":{\"@type\":\"ImageObject\",\"inLanguage\":\"en-US\",\"@id\":\"https:\/\/www.mycoland.ee\/#\/schema\/logo\/image\/\",\"url\":\"https:\/\/mycoland.ee\/wp-content\/uploads\/2020\/10\/Mycoland-logo-taustata-e1602578100166.png\",\"contentUrl\":\"https:\/\/mycoland.ee\/wp-content\/uploads\/2020\/10\/Mycoland-logo-taustata-e1602578100166.png\",\"width\":300,\"height\":128,\"caption\":\"Mycoland\"},\"image\":{\"@id\":\"https:\/\/www.mycoland.ee\/#\/schema\/logo\/image\/\"}}]}<\/script>\n<!-- \/ Yoast SEO plugin. -->","yoast_head_json":{"title":"Growing coral barnacles with dowels - Mycoland","robots":{"index":"index","follow":"follow","max-snippet":"max-snippet:-1","max-image-preview":"max-image-preview:large","max-video-preview":"max-video-preview:-1"},"canonical":"https:\/\/mycoland.ee\/en\/guides-2\/growing-coral-barnacles-with-dowels\/","og_locale":"en_US","og_type":"article","og_title":"Growing coral barnacles with dowels - Mycoland","og_description":"Growing coral barnacles with dowels Lion&#8217;s mane lions mane Hericium erinaceusKorallnarmiku t\u00fc\u00fcbleid saab SIIT Omadused L\u00f5vilakk on eriliselt dekoratiivne gourmet seen, kuid millel on ka meditsiinilised omadused. Looduslikeks kasvualadeks on P\u00f5hja-Ameerika, Euroopa, Hiina ja Jaapan. Looduslikult kasvab surnud v\u00f5i surevatel puudel, mahakukkunud pakkudel ning k\u00e4ndudel nagu kreeka p\u00e4hklipuul, vahtral, p\u00f6\u00f6gil. Toiduks L\u00f5vilakk on v\u00e4ga h\u00f5rk [&hellip;]","og_url":"https:\/\/mycoland.ee\/en\/guides-2\/growing-coral-barnacles-with-dowels\/","og_site_name":"Mycoland","og_image":[{"url":"https:\/\/mycoland.ee\/wp-content\/uploads\/2022\/03\/tuublitega-pakk-300x166.png","type":"","width":"","height":""}],"twitter_card":"summary_large_image","twitter_misc":{"Est. reading time":"2 minutes"},"schema":{"@context":"https:\/\/schema.org","@graph":[{"@type":"WebPage","@id":"https:\/\/mycoland.ee\/en\/guides-2\/growing-coral-barnacles-with-dowels\/","url":"https:\/\/mycoland.ee\/en\/guides-2\/growing-coral-barnacles-with-dowels\/","name":"Growing coral barnacles with dowels - Mycoland","isPartOf":{"@id":"https:\/\/www.mycoland.ee\/#website"},"primaryImageOfPage":{"@id":"https:\/\/mycoland.ee\/en\/guides-2\/growing-coral-barnacles-with-dowels\/#primaryimage"},"image":{"@id":"https:\/\/mycoland.ee\/en\/guides-2\/growing-coral-barnacles-with-dowels\/#primaryimage"},"thumbnailUrl":"https:\/\/mycoland.ee\/wp-content\/uploads\/2022\/03\/tuublitega-pakk-300x166.png","datePublished":"2024-04-04T16:14:37+00:00","breadcrumb":{"@id":"https:\/\/mycoland.ee\/en\/guides-2\/growing-coral-barnacles-with-dowels\/#breadcrumb"},"inLanguage":"en-US","potentialAction":[{"@type":"ReadAction","target":["https:\/\/mycoland.ee\/en\/guides-2\/growing-coral-barnacles-with-dowels\/"]}]},{"@type":"ImageObject","inLanguage":"en-US","@id":"https:\/\/mycoland.ee\/en\/guides-2\/growing-coral-barnacles-with-dowels\/#primaryimage","url":"https:\/\/mycoland.ee\/wp-content\/uploads\/2022\/03\/tuublitega-pakk-300x166.png","contentUrl":"https:\/\/mycoland.ee\/wp-content\/uploads\/2022\/03\/tuublitega-pakk-300x166.png"},{"@type":"BreadcrumbList","@id":"https:\/\/mycoland.ee\/en\/guides-2\/growing-coral-barnacles-with-dowels\/#breadcrumb","itemListElement":[{"@type":"ListItem","position":1,"name":"Home","item":"https:\/\/mycoland.ee\/en\/"},{"@type":"ListItem","position":2,"name":"Guides","item":"https:\/\/mycoland.ee\/en\/guides-2\/"},{"@type":"ListItem","position":3,"name":"Growing coral barnacles with dowels"}]},{"@type":"WebSite","@id":"https:\/\/www.mycoland.ee\/#website","url":"https:\/\/www.mycoland.ee\/","name":"Mycoland","description":"Lihtne ja kasulik lahendus s\u00f6\u00f6giseente kasvatuseks!","publisher":{"@id":"https:\/\/www.mycoland.ee\/#organization"},"potentialAction":[{"@type":"SearchAction","target":{"@type":"EntryPoint","urlTemplate":"https:\/\/www.mycoland.ee\/?s={search_term_string}"},"query-input":{"@type":"PropertyValueSpecification","valueRequired":true,"valueName":"search_term_string"}}],"inLanguage":"en-US"},{"@type":"Organization","@id":"https:\/\/www.mycoland.ee\/#organization","name":"Mycoland","url":"https:\/\/www.mycoland.ee\/","logo":{"@type":"ImageObject","inLanguage":"en-US","@id":"https:\/\/www.mycoland.ee\/#\/schema\/logo\/image\/","url":"https:\/\/mycoland.ee\/wp-content\/uploads\/2020\/10\/Mycoland-logo-taustata-e1602578100166.png","contentUrl":"https:\/\/mycoland.ee\/wp-content\/uploads\/2020\/10\/Mycoland-logo-taustata-e1602578100166.png","width":300,"height":128,"caption":"Mycoland"},"image":{"@id":"https:\/\/www.mycoland.ee\/#\/schema\/logo\/image\/"}}]}},"_links":{"self":[{"href":"https:\/\/mycoland.ee\/en\/wp-json\/wp\/v2\/pages\/7929","targetHints":{"allow":["GET"]}}],"collection":[{"href":"https:\/\/mycoland.ee\/en\/wp-json\/wp\/v2\/pages"}],"about":[{"href":"https:\/\/mycoland.ee\/en\/wp-json\/wp\/v2\/types\/page"}],"author":[{"embeddable":true,"href":"https:\/\/mycoland.ee\/en\/wp-json\/wp\/v2\/users\/2"}],"replies":[{"embeddable":true,"href":"https:\/\/mycoland.ee\/en\/wp-json\/wp\/v2\/comments?post=7929"}],"version-history":[{"count":1,"href":"https:\/\/mycoland.ee\/en\/wp-json\/wp\/v2\/pages\/7929\/revisions"}],"predecessor-version":[{"id":7930,"href":"https:\/\/mycoland.ee\/en\/wp-json\/wp\/v2\/pages\/7929\/revisions\/7930"}],"up":[{"embeddable":true,"href":"https:\/\/mycoland.ee\/en\/wp-json\/wp\/v2\/pages\/7923"}],"wp:attachment":[{"href":"https:\/\/mycoland.ee\/en\/wp-json\/wp\/v2\/media?parent=7929"}],"curies":[{"name":"wp","href":"https:\/\/api.w.org\/{rel}","templated":true}]}}