{"id":7925,"date":"2024-04-04T16:11:53","date_gmt":"2024-04-04T16:11:53","guid":{"rendered":"https:\/\/mycoland.ee\/guides-2\/planting-oyster-mushroom\/"},"modified":"2024-04-04T16:11:53","modified_gmt":"2024-04-04T16:11:53","slug":"planting-oyster-mushroom","status":"publish","type":"page","link":"https:\/\/mycoland.ee\/en\/guides-2\/planting-oyster-mushroom\/","title":{"rendered":"Planting oyster mushroom"},"content":{"rendered":"\t\t<div data-elementor-type=\"wp-page\" data-elementor-id=\"7925\" class=\"elementor elementor-7925 elementor-7426\">\n\t\t\t\t<div class=\"elementor-element elementor-element-b3fbe73 e-con-full e-flex e-con e-parent\" data-id=\"b3fbe73\" data-element_type=\"container\" data-e-type=\"container\" data-settings=\"{&quot;background_background&quot;:&quot;classic&quot;}\">\n\t\t<div class=\"elementor-element elementor-element-3a30a55 e-con-full e-flex e-con e-child\" data-id=\"3a30a55\" data-element_type=\"container\" data-e-type=\"container\">\n\t\t\t\t<div class=\"elementor-element elementor-element-79e20de elementor-widget elementor-widget-heading\" data-id=\"79e20de\" data-element_type=\"widget\" data-e-type=\"widget\" data-widget_type=\"heading.default\">\n\t\t\t\t<div class=\"elementor-widget-container\">\n\t\t\t\t\t<h1 class=\"elementor-heading-title elementor-size-default\">Planting oyster mushroom<\/h1>\t\t\t\t<\/div>\n\t\t\t\t<\/div>\n\t\t\t\t<\/div>\n\t\t\t\t<\/div>\n\t\t<div class=\"elementor-element elementor-element-200cea9 e-con-full e-flex e-con e-child\" data-id=\"200cea9\" data-element_type=\"container\" data-e-type=\"container\">\n\t\t<div class=\"elementor-element elementor-element-d0e2ebc e-con-full e-flex e-con e-child\" data-id=\"d0e2ebc\" data-element_type=\"container\" data-e-type=\"container\" data-settings=\"{&quot;background_background&quot;:&quot;classic&quot;}\">\n\t\t\t\t<div class=\"elementor-element elementor-element-8f56eaf elementor-widget-divider--view-line elementor-widget elementor-widget-divider\" data-id=\"8f56eaf\" data-element_type=\"widget\" data-e-type=\"widget\" data-widget_type=\"divider.default\">\n\t\t\t\t<div class=\"elementor-widget-container\">\n\t\t\t\t\t\t\t<div class=\"elementor-divider\">\n\t\t\t<span class=\"elementor-divider-separator\">\n\t\t\t\t\t\t<\/span>\n\t\t<\/div>\n\t\t\t\t\t\t<\/div>\n\t\t\t\t<\/div>\n\t\t\t\t<div class=\"elementor-element elementor-element-74d8845 elementor-widget elementor-widget-heading\" data-id=\"74d8845\" data-element_type=\"widget\" data-e-type=\"widget\" data-widget_type=\"heading.default\">\n\t\t\t\t<div class=\"elementor-widget-container\">\n\t\t\t\t\t<h2 class=\"elementor-heading-title elementor-size-default\">Omadused<\/h2>\t\t\t\t<\/div>\n\t\t\t\t<\/div>\n\t\t\t\t<div class=\"elementor-element elementor-element-ccd3266 elementor-widget elementor-widget-text-editor\" data-id=\"ccd3266\" data-element_type=\"widget\" data-e-type=\"widget\" data-widget_type=\"text-editor.default\">\n\t\t\t\t<div class=\"elementor-widget-container\">\n\t\t\t\t\t\t\t\t\t<p>Seen kasvab looduses paljudel puudel: pappel, lepp, vaher, haab, saar, p\u00f6\u00f6k, tamm, kask, paju. V\u00f5ib kasvada ka elavate puude surnud osadel.<\/p>\n<p>Austerservik on \u00fcks lihtsamini kasvatatavaid seeni \u2013 saab kasvatada k\u00e4ndudel, puupakkudel, p\u00f5hul jt. p\u00f5llundus- ja metsaj\u00e4\u00e4kidel, paberil, kohvil ning p\u00f5hupeenras koos k\u00f6\u00f6giviljadega.Austerservik on raviomadustega, alandades kolesterooli taset ja omab v\u00e4hivastast toimet.<\/p>\n<p>Kasvatamisel peab arvestama, et seene eosed v\u00f5ivad tekitada allergian\u00e4hte. Seenek\u00fcbara v\u00e4rvus s\u00f5ltub valgusest &#8211; v\u00e4hese valgusega valmivad tumedamad seened.<\/p>\n\t\t\t\t\t\t\t\t<\/div>\n\t\t\t\t<\/div>\n\t\t\t\t<\/div>\n\t\t\t\t<\/div>\n\t\t<div class=\"elementor-element elementor-element-777d407 e-con-full e-flex e-con e-child\" data-id=\"777d407\" data-element_type=\"container\" data-e-type=\"container\">\n\t\t<div class=\"elementor-element elementor-element-c566654 e-con-full e-flex e-con e-child\" data-id=\"c566654\" data-element_type=\"container\" data-e-type=\"container\" data-settings=\"{&quot;background_background&quot;:&quot;classic&quot;}\">\n\t\t\t\t<div class=\"elementor-element elementor-element-5d6e6dd elementor-widget-divider--view-line elementor-widget elementor-widget-divider\" data-id=\"5d6e6dd\" data-element_type=\"widget\" data-e-type=\"widget\" data-widget_type=\"divider.default\">\n\t\t\t\t<div class=\"elementor-widget-container\">\n\t\t\t\t\t\t\t<div class=\"elementor-divider\">\n\t\t\t<span class=\"elementor-divider-separator\">\n\t\t\t\t\t\t<\/span>\n\t\t<\/div>\n\t\t\t\t\t\t<\/div>\n\t\t\t\t<\/div>\n\t\t\t\t<div class=\"elementor-element elementor-element-fb3298c elementor-widget elementor-widget-heading\" data-id=\"fb3298c\" data-element_type=\"widget\" data-e-type=\"widget\" data-widget_type=\"heading.default\">\n\t\t\t\t<div class=\"elementor-widget-container\">\n\t\t\t\t\t<h2 class=\"elementor-heading-title elementor-size-default\">SEENEPAKU HOOLDUS<\/h2>\t\t\t\t<\/div>\n\t\t\t\t<\/div>\n\t\t\t\t<div class=\"elementor-element elementor-element-e56ffa8 elementor-widget elementor-widget-text-editor\" data-id=\"e56ffa8\" data-element_type=\"widget\" data-e-type=\"widget\" data-widget_type=\"text-editor.default\">\n\t\t\t\t<div class=\"elementor-widget-container\">\n\t\t\t\t\t\t\t\t\t<p>Seenepakk j\u00e4tta samasse kilekotti toatemperatuurile 20-24\u00b0C 3-4 n\u00e4dalaks v\u00f5i kui on n\u00e4ha, et seenepakk on juba ostes h\u00e4sti l\u00e4bikasvanud ning valgeks muutunud (vt foto), v\u00f5ib seenepaku otsekohe maasse kaevata. Talvel kui maa on k\u00fclmunud, v\u00f5ib seenepakku hoida kilekotis soojas kohas 20-24\u00b0C isegi kuni aasta. L\u00f5puks kaevatakse pakk maasse v\u00f5i suurde lillepotti r\u00f5dule 2\/3 ulatuses, nii, et valgem (rohkem l\u00e4bikasvanud) ots l\u00e4heb mulla alla ning maa peale j\u00e4\u00e4b vaid kolmandik ehk maksimum 13 cm v\u00f5i isegi v\u00e4hem (vaata pilti). Eemalda pakult plastik ja kruvi, et mitte reostada keskkonda. Sobivaks kasvukohaks on p\u00e4ikese eest varjatud koht, kuhu sajaks ka vihma, aga ei oleks seisvat vett. Maasse kaevata v\u00f5ib aastaringselt. Kahe istutatud puupaku vahe peaks olema v\u00e4hemalt 30 cm. Istutatud seenepakku on vaja kuival perioodil kasta, lillepotis kasvatades tihedamalt. Talvel pakku katta pole vaja, talub k\u00fclma. L\u00f5plik l\u00e4bikasvamine m\u00fctseeliga toimub 3-6 kuu jooksul. Juba maha kaevatud seenepakku ei soovita \u00fcmber istutada, m\u00fctseel v\u00f5ib hukkuda. Pakk j\u00e4\u00e4b samasse kohta 4-5 aastaks kuni laguneb<\/p>\n\t\t\t\t\t\t\t\t<\/div>\n\t\t\t\t<\/div>\n\t\t\t\t<\/div>\n\t\t\t\t<\/div>\n\t\t<div class=\"elementor-element elementor-element-1c4dc2f e-con-full e-flex e-con e-child\" data-id=\"1c4dc2f\" data-element_type=\"container\" data-e-type=\"container\">\n\t\t<div class=\"elementor-element elementor-element-1bc5df0 e-con-full e-flex e-con e-child\" data-id=\"1bc5df0\" data-element_type=\"container\" data-e-type=\"container\" data-settings=\"{&quot;background_background&quot;:&quot;classic&quot;}\">\n\t\t\t\t<div class=\"elementor-element elementor-element-87d2b30 elementor-widget-divider--view-line elementor-widget elementor-widget-divider\" data-id=\"87d2b30\" data-element_type=\"widget\" data-e-type=\"widget\" data-widget_type=\"divider.default\">\n\t\t\t\t<div class=\"elementor-widget-container\">\n\t\t\t\t\t\t\t<div class=\"elementor-divider\">\n\t\t\t<span class=\"elementor-divider-separator\">\n\t\t\t\t\t\t<\/span>\n\t\t<\/div>\n\t\t\t\t\t\t<\/div>\n\t\t\t\t<\/div>\n\t\t\t\t<div class=\"elementor-element elementor-element-e966c4e elementor-widget elementor-widget-heading\" data-id=\"e966c4e\" data-element_type=\"widget\" data-e-type=\"widget\" data-widget_type=\"heading.default\">\n\t\t\t\t<div class=\"elementor-widget-container\">\n\t\t\t\t\t<h2 class=\"elementor-heading-title elementor-size-default\">SEENESAAK<\/h2>\t\t\t\t<\/div>\n\t\t\t\t<\/div>\n\t\t\t\t<div class=\"elementor-element elementor-element-dd79b16 elementor-widget elementor-widget-text-editor\" data-id=\"dd79b16\" data-element_type=\"widget\" data-e-type=\"widget\" data-widget_type=\"text-editor.default\">\n\t\t\t\t<div class=\"elementor-widget-container\">\n\t\t\t\t\t\t\t\t\t<p>Saaki v\u00f5ib saada 2-3 korda aastas 4-5 aasta jooksul. Seeni 0,5 &#8211; 1 kg aastas. Seened kupatamist ei vaja. Austerservikut v\u00f5ib kasutada nagu teisi metsaseeni kastmetes, suppides, pirukates. V\u00e4ga maitsev on austerservik munas ja jahus \u0161nitslina praetult. Head isu! \ud83d\ude42<\/p>\n<p><strong>NB!<\/strong> Seenepakul v\u00f5ivad kasvama hakata ka teised seened. J\u00e4lgi t\u00e4helepanelikult, et korjad austerservikuid!<\/p>\n\t\t\t\t\t\t\t\t<\/div>\n\t\t\t\t<\/div>\n\t\t\t\t<div class=\"elementor-element elementor-element-966a818 elementor-widget-divider--view-line elementor-widget elementor-widget-divider\" data-id=\"966a818\" data-element_type=\"widget\" data-e-type=\"widget\" data-widget_type=\"divider.default\">\n\t\t\t\t<div class=\"elementor-widget-container\">\n\t\t\t\t\t\t\t<div class=\"elementor-divider\">\n\t\t\t<span class=\"elementor-divider-separator\">\n\t\t\t\t\t\t<\/span>\n\t\t<\/div>\n\t\t\t\t\t\t<\/div>\n\t\t\t\t<\/div>\n\t\t\t\t<div class=\"elementor-element elementor-element-56834c4 elementor-widget elementor-widget-image-gallery\" data-id=\"56834c4\" data-element_type=\"widget\" data-e-type=\"widget\" data-widget_type=\"image-gallery.default\">\n\t\t\t\t<div class=\"elementor-widget-container\">\n\t\t\t\t\t\t\t<div class=\"elementor-image-gallery\">\n\t\t\t<div id='gallery-1' class='gallery galleryid-7925 gallery-columns-2 gallery-size-medium'><figure class='gallery-item'>\n\t\t\t<div class='gallery-icon landscape'>\n\t\t\t\t<a data-elementor-open-lightbox=\"yes\" data-elementor-lightbox-slideshow=\"56834c4\" data-elementor-lightbox-title=\"Austerserviku-v2\" data-e-action-hash=\"#elementor-action%3Aaction%3Dlightbox%26settings%3DeyJpZCI6NzQ0MCwidXJsIjoiaHR0cHM6XC9cL215Y29sYW5kLmVlXC93cC1jb250ZW50XC91cGxvYWRzXC8yMDI0XC8wM1wvQXVzdGVyc2VydmlrdS12Mi5wbmciLCJzbGlkZXNob3ciOiI1NjgzNGM0In0%3D\" href='https:\/\/mycoland.ee\/wp-content\/uploads\/2024\/03\/Austerserviku-v2.png'><img fetchpriority=\"high\" decoding=\"async\" width=\"300\" height=\"280\" src=\"https:\/\/mycoland.ee\/wp-content\/uploads\/2024\/03\/Austerserviku-v2-300x280.png\" class=\"attachment-medium size-medium\" alt=\"\" srcset=\"https:\/\/mycoland.ee\/wp-content\/uploads\/2024\/03\/Austerserviku-v2-300x280.png 300w, https:\/\/mycoland.ee\/wp-content\/uploads\/2024\/03\/Austerserviku-v2-64x60.png 64w, https:\/\/mycoland.ee\/wp-content\/uploads\/2024\/03\/Austerserviku-v2.png 305w\" sizes=\"(max-width: 300px) 100vw, 300px\" \/><\/a>\n\t\t\t<\/div><\/figure><figure class='gallery-item'>\n\t\t\t<div class='gallery-icon landscape'>\n\t\t\t\t<a data-elementor-open-lightbox=\"yes\" data-elementor-lightbox-slideshow=\"56834c4\" data-elementor-lightbox-title=\"Austerserviku-v1\" data-e-action-hash=\"#elementor-action%3Aaction%3Dlightbox%26settings%3DeyJpZCI6NzQ0MywidXJsIjoiaHR0cHM6XC9cL215Y29sYW5kLmVlXC93cC1jb250ZW50XC91cGxvYWRzXC8yMDI0XC8wM1wvQXVzdGVyc2VydmlrdS12MS5wbmciLCJzbGlkZXNob3ciOiI1NjgzNGM0In0%3D\" href='https:\/\/mycoland.ee\/wp-content\/uploads\/2024\/03\/Austerserviku-v1.png'><img decoding=\"async\" width=\"257\" height=\"230\" src=\"https:\/\/mycoland.ee\/wp-content\/uploads\/2024\/03\/Austerserviku-v1.png\" class=\"attachment-medium size-medium\" alt=\"\" srcset=\"https:\/\/mycoland.ee\/wp-content\/uploads\/2024\/03\/Austerserviku-v1.png 257w, https:\/\/mycoland.ee\/wp-content\/uploads\/2024\/03\/Austerserviku-v1-64x57.png 64w\" sizes=\"(max-width: 257px) 100vw, 257px\" \/><\/a>\n\t\t\t<\/div><\/figure>\n\t\t<\/div>\n\t\t<\/div>\n\t\t\t\t\t\t<\/div>\n\t\t\t\t<\/div>\n\t\t\t\t<\/div>\n\t\t\t\t<\/div>\n\t\t\t\t<\/div>\n\t\t","protected":false},"excerpt":{"rendered":"<p>Planting oyster mushroom Omadused Seen kasvab looduses paljudel puudel: pappel, lepp, vaher, haab, saar, p\u00f6\u00f6k, tamm, kask, paju. V\u00f5ib kasvada ka elavate puude surnud osadel. Austerservik on \u00fcks lihtsamini kasvatatavaid seeni \u2013 saab kasvatada k\u00e4ndudel, puupakkudel, p\u00f5hul jt. p\u00f5llundus- ja metsaj\u00e4\u00e4kidel, paberil, kohvil ning p\u00f5hupeenras koos k\u00f6\u00f6giviljadega.Austerservik on raviomadustega, alandades kolesterooli taset ja omab v\u00e4hivastast [&hellip;]<\/p>\n","protected":false},"author":2,"featured_media":0,"parent":7923,"menu_order":0,"comment_status":"closed","ping_status":"closed","template":"","meta":{"site-sidebar-layout":"no-sidebar","site-content-layout":"page-builder","ast-site-content-layout":"full-width-container","site-content-style":"default","site-sidebar-style":"default","ast-global-header-display":"","ast-banner-title-visibility":"","ast-main-header-display":"","ast-hfb-above-header-display":"","ast-hfb-below-header-display":"","ast-hfb-mobile-header-display":"","site-post-title":"disabled","ast-breadcrumbs-content":"","ast-featured-img":"disabled","footer-sml-layout":"","ast-disable-related-posts":"","theme-transparent-header-meta":"","adv-header-id-meta":"","stick-header-meta":"","header-above-stick-meta":"","header-main-stick-meta":"","header-below-stick-meta":"","astra-migrate-meta-layouts":"default","ast-page-background-enabled":"default","ast-page-background-meta":{"desktop":{"background-color":"","background-image":"","background-repeat":"repeat","background-position":"center center","background-size":"auto","background-attachment":"scroll","background-type":"","background-media":"","overlay-type":"","overlay-color":"","overlay-opacity":"","overlay-gradient":""},"tablet":{"background-color":"","background-image":"","background-repeat":"repeat","background-position":"center center","background-size":"auto","background-attachment":"scroll","background-type":"","background-media":"","overlay-type":"","overlay-color":"","overlay-opacity":"","overlay-gradient":""},"mobile":{"background-color":"","background-image":"","background-repeat":"repeat","background-position":"center center","background-size":"auto","background-attachment":"scroll","background-type":"","background-media":"","overlay-type":"","overlay-color":"","overlay-opacity":"","overlay-gradient":""}},"ast-content-background-meta":{"desktop":{"background-color":"var(--ast-global-color-5)","background-image":"","background-repeat":"repeat","background-position":"center center","background-size":"auto","background-attachment":"scroll","background-type":"","background-media":"","overlay-type":"","overlay-color":"","overlay-opacity":"","overlay-gradient":""},"tablet":{"background-color":"var(--ast-global-color-5)","background-image":"","background-repeat":"repeat","background-position":"center center","background-size":"auto","background-attachment":"scroll","background-type":"","background-media":"","overlay-type":"","overlay-color":"","overlay-opacity":"","overlay-gradient":""},"mobile":{"background-color":"var(--ast-global-color-5)","background-image":"","background-repeat":"repeat","background-position":"center center","background-size":"auto","background-attachment":"scroll","background-type":"","background-media":"","overlay-type":"","overlay-color":"","overlay-opacity":"","overlay-gradient":""}},"footnotes":""},"class_list":["post-7925","page","type-page","status-publish","hentry"],"yoast_head":"<!-- This site is optimized with the Yoast SEO plugin v27.1.1 - https:\/\/yoast.com\/product\/yoast-seo-wordpress\/ -->\n<title>Planting oyster mushroom - Mycoland<\/title>\n<meta name=\"robots\" content=\"index, follow, max-snippet:-1, max-image-preview:large, max-video-preview:-1\" \/>\n<link rel=\"canonical\" href=\"https:\/\/mycoland.ee\/en\/guides-2\/planting-oyster-mushroom\/\" \/>\n<meta property=\"og:locale\" content=\"en_US\" \/>\n<meta property=\"og:type\" content=\"article\" \/>\n<meta property=\"og:title\" content=\"Planting oyster mushroom - Mycoland\" \/>\n<meta property=\"og:description\" content=\"Planting oyster mushroom Omadused Seen kasvab looduses paljudel puudel: pappel, lepp, vaher, haab, saar, p\u00f6\u00f6k, tamm, kask, paju. V\u00f5ib kasvada ka elavate puude surnud osadel. Austerservik on \u00fcks lihtsamini kasvatatavaid seeni \u2013 saab kasvatada k\u00e4ndudel, puupakkudel, p\u00f5hul jt. p\u00f5llundus- ja metsaj\u00e4\u00e4kidel, paberil, kohvil ning p\u00f5hupeenras koos k\u00f6\u00f6giviljadega.Austerservik on raviomadustega, alandades kolesterooli taset ja omab v\u00e4hivastast [&hellip;]\" \/>\n<meta property=\"og:url\" content=\"https:\/\/mycoland.ee\/en\/guides-2\/planting-oyster-mushroom\/\" \/>\n<meta property=\"og:site_name\" content=\"Mycoland\" \/>\n<meta property=\"og:image\" content=\"https:\/\/mycoland.ee\/wp-content\/uploads\/2024\/03\/Austerserviku-v2-300x280.png\" \/>\n<meta name=\"twitter:card\" content=\"summary_large_image\" \/>\n<meta name=\"twitter:label1\" content=\"Est. reading time\" \/>\n\t<meta name=\"twitter:data1\" content=\"2 minutes\" \/>\n<script type=\"application\/ld+json\" class=\"yoast-schema-graph\">{\"@context\":\"https:\/\/schema.org\",\"@graph\":[{\"@type\":\"WebPage\",\"@id\":\"https:\/\/mycoland.ee\/en\/guides-2\/planting-oyster-mushroom\/\",\"url\":\"https:\/\/mycoland.ee\/en\/guides-2\/planting-oyster-mushroom\/\",\"name\":\"Planting oyster mushroom - Mycoland\",\"isPartOf\":{\"@id\":\"https:\/\/mycoland.ee\/en\/#website\"},\"primaryImageOfPage\":{\"@id\":\"https:\/\/mycoland.ee\/en\/guides-2\/planting-oyster-mushroom\/#primaryimage\"},\"image\":{\"@id\":\"https:\/\/mycoland.ee\/en\/guides-2\/planting-oyster-mushroom\/#primaryimage\"},\"thumbnailUrl\":\"https:\/\/mycoland.ee\/wp-content\/uploads\/2024\/03\/Austerserviku-v2-300x280.png\",\"datePublished\":\"2024-04-04T16:11:53+00:00\",\"breadcrumb\":{\"@id\":\"https:\/\/mycoland.ee\/en\/guides-2\/planting-oyster-mushroom\/#breadcrumb\"},\"inLanguage\":\"en-US\",\"potentialAction\":[{\"@type\":\"ReadAction\",\"target\":[\"https:\/\/mycoland.ee\/en\/guides-2\/planting-oyster-mushroom\/\"]}]},{\"@type\":\"ImageObject\",\"inLanguage\":\"en-US\",\"@id\":\"https:\/\/mycoland.ee\/en\/guides-2\/planting-oyster-mushroom\/#primaryimage\",\"url\":\"https:\/\/mycoland.ee\/wp-content\/uploads\/2024\/03\/Austerserviku-v2-300x280.png\",\"contentUrl\":\"https:\/\/mycoland.ee\/wp-content\/uploads\/2024\/03\/Austerserviku-v2-300x280.png\"},{\"@type\":\"BreadcrumbList\",\"@id\":\"https:\/\/mycoland.ee\/en\/guides-2\/planting-oyster-mushroom\/#breadcrumb\",\"itemListElement\":[{\"@type\":\"ListItem\",\"position\":1,\"name\":\"Home\",\"item\":\"https:\/\/mycoland.ee\/en\/\"},{\"@type\":\"ListItem\",\"position\":2,\"name\":\"Guides\",\"item\":\"https:\/\/mycoland.ee\/en\/guides-2\/\"},{\"@type\":\"ListItem\",\"position\":3,\"name\":\"Planting oyster mushroom\"}]},{\"@type\":\"WebSite\",\"@id\":\"https:\/\/mycoland.ee\/en\/#website\",\"url\":\"https:\/\/mycoland.ee\/en\/\",\"name\":\"Mycoland\",\"description\":\"Lihtne ja kasulik lahendus s\u00f6\u00f6giseente kasvatuseks!\",\"publisher\":{\"@id\":\"https:\/\/mycoland.ee\/en\/#organization\"},\"potentialAction\":[{\"@type\":\"SearchAction\",\"target\":{\"@type\":\"EntryPoint\",\"urlTemplate\":\"https:\/\/mycoland.ee\/en\/?s={search_term_string}\"},\"query-input\":{\"@type\":\"PropertyValueSpecification\",\"valueRequired\":true,\"valueName\":\"search_term_string\"}}],\"inLanguage\":\"en-US\"},{\"@type\":\"Organization\",\"@id\":\"https:\/\/mycoland.ee\/en\/#organization\",\"name\":\"Mycoland\",\"url\":\"https:\/\/mycoland.ee\/en\/\",\"logo\":{\"@type\":\"ImageObject\",\"inLanguage\":\"en-US\",\"@id\":\"https:\/\/mycoland.ee\/en\/#\/schema\/logo\/image\/\",\"url\":\"https:\/\/mycoland.ee\/wp-content\/uploads\/2020\/10\/Mycoland-logo-taustata-e1602578100166.png\",\"contentUrl\":\"https:\/\/mycoland.ee\/wp-content\/uploads\/2020\/10\/Mycoland-logo-taustata-e1602578100166.png\",\"width\":300,\"height\":128,\"caption\":\"Mycoland\"},\"image\":{\"@id\":\"https:\/\/mycoland.ee\/en\/#\/schema\/logo\/image\/\"}}]}<\/script>\n<!-- \/ Yoast SEO plugin. -->","yoast_head_json":{"title":"Planting oyster mushroom - Mycoland","robots":{"index":"index","follow":"follow","max-snippet":"max-snippet:-1","max-image-preview":"max-image-preview:large","max-video-preview":"max-video-preview:-1"},"canonical":"https:\/\/mycoland.ee\/en\/guides-2\/planting-oyster-mushroom\/","og_locale":"en_US","og_type":"article","og_title":"Planting oyster mushroom - Mycoland","og_description":"Planting oyster mushroom Omadused Seen kasvab looduses paljudel puudel: pappel, lepp, vaher, haab, saar, p\u00f6\u00f6k, tamm, kask, paju. V\u00f5ib kasvada ka elavate puude surnud osadel. Austerservik on \u00fcks lihtsamini kasvatatavaid seeni \u2013 saab kasvatada k\u00e4ndudel, puupakkudel, p\u00f5hul jt. p\u00f5llundus- ja metsaj\u00e4\u00e4kidel, paberil, kohvil ning p\u00f5hupeenras koos k\u00f6\u00f6giviljadega.Austerservik on raviomadustega, alandades kolesterooli taset ja omab v\u00e4hivastast [&hellip;]","og_url":"https:\/\/mycoland.ee\/en\/guides-2\/planting-oyster-mushroom\/","og_site_name":"Mycoland","og_image":[{"url":"https:\/\/mycoland.ee\/wp-content\/uploads\/2024\/03\/Austerserviku-v2-300x280.png","type":"","width":"","height":""}],"twitter_card":"summary_large_image","twitter_misc":{"Est. reading time":"2 minutes"},"schema":{"@context":"https:\/\/schema.org","@graph":[{"@type":"WebPage","@id":"https:\/\/mycoland.ee\/en\/guides-2\/planting-oyster-mushroom\/","url":"https:\/\/mycoland.ee\/en\/guides-2\/planting-oyster-mushroom\/","name":"Planting oyster mushroom - Mycoland","isPartOf":{"@id":"https:\/\/mycoland.ee\/en\/#website"},"primaryImageOfPage":{"@id":"https:\/\/mycoland.ee\/en\/guides-2\/planting-oyster-mushroom\/#primaryimage"},"image":{"@id":"https:\/\/mycoland.ee\/en\/guides-2\/planting-oyster-mushroom\/#primaryimage"},"thumbnailUrl":"https:\/\/mycoland.ee\/wp-content\/uploads\/2024\/03\/Austerserviku-v2-300x280.png","datePublished":"2024-04-04T16:11:53+00:00","breadcrumb":{"@id":"https:\/\/mycoland.ee\/en\/guides-2\/planting-oyster-mushroom\/#breadcrumb"},"inLanguage":"en-US","potentialAction":[{"@type":"ReadAction","target":["https:\/\/mycoland.ee\/en\/guides-2\/planting-oyster-mushroom\/"]}]},{"@type":"ImageObject","inLanguage":"en-US","@id":"https:\/\/mycoland.ee\/en\/guides-2\/planting-oyster-mushroom\/#primaryimage","url":"https:\/\/mycoland.ee\/wp-content\/uploads\/2024\/03\/Austerserviku-v2-300x280.png","contentUrl":"https:\/\/mycoland.ee\/wp-content\/uploads\/2024\/03\/Austerserviku-v2-300x280.png"},{"@type":"BreadcrumbList","@id":"https:\/\/mycoland.ee\/en\/guides-2\/planting-oyster-mushroom\/#breadcrumb","itemListElement":[{"@type":"ListItem","position":1,"name":"Home","item":"https:\/\/mycoland.ee\/en\/"},{"@type":"ListItem","position":2,"name":"Guides","item":"https:\/\/mycoland.ee\/en\/guides-2\/"},{"@type":"ListItem","position":3,"name":"Planting oyster mushroom"}]},{"@type":"WebSite","@id":"https:\/\/mycoland.ee\/en\/#website","url":"https:\/\/mycoland.ee\/en\/","name":"Mycoland","description":"Lihtne ja kasulik lahendus s\u00f6\u00f6giseente kasvatuseks!","publisher":{"@id":"https:\/\/mycoland.ee\/en\/#organization"},"potentialAction":[{"@type":"SearchAction","target":{"@type":"EntryPoint","urlTemplate":"https:\/\/mycoland.ee\/en\/?s={search_term_string}"},"query-input":{"@type":"PropertyValueSpecification","valueRequired":true,"valueName":"search_term_string"}}],"inLanguage":"en-US"},{"@type":"Organization","@id":"https:\/\/mycoland.ee\/en\/#organization","name":"Mycoland","url":"https:\/\/mycoland.ee\/en\/","logo":{"@type":"ImageObject","inLanguage":"en-US","@id":"https:\/\/mycoland.ee\/en\/#\/schema\/logo\/image\/","url":"https:\/\/mycoland.ee\/wp-content\/uploads\/2020\/10\/Mycoland-logo-taustata-e1602578100166.png","contentUrl":"https:\/\/mycoland.ee\/wp-content\/uploads\/2020\/10\/Mycoland-logo-taustata-e1602578100166.png","width":300,"height":128,"caption":"Mycoland"},"image":{"@id":"https:\/\/mycoland.ee\/en\/#\/schema\/logo\/image\/"}}]}},"_links":{"self":[{"href":"https:\/\/mycoland.ee\/en\/wp-json\/wp\/v2\/pages\/7925","targetHints":{"allow":["GET"]}}],"collection":[{"href":"https:\/\/mycoland.ee\/en\/wp-json\/wp\/v2\/pages"}],"about":[{"href":"https:\/\/mycoland.ee\/en\/wp-json\/wp\/v2\/types\/page"}],"author":[{"embeddable":true,"href":"https:\/\/mycoland.ee\/en\/wp-json\/wp\/v2\/users\/2"}],"replies":[{"embeddable":true,"href":"https:\/\/mycoland.ee\/en\/wp-json\/wp\/v2\/comments?post=7925"}],"version-history":[{"count":1,"href":"https:\/\/mycoland.ee\/en\/wp-json\/wp\/v2\/pages\/7925\/revisions"}],"predecessor-version":[{"id":7926,"href":"https:\/\/mycoland.ee\/en\/wp-json\/wp\/v2\/pages\/7925\/revisions\/7926"}],"up":[{"embeddable":true,"href":"https:\/\/mycoland.ee\/en\/wp-json\/wp\/v2\/pages\/7923"}],"wp:attachment":[{"href":"https:\/\/mycoland.ee\/en\/wp-json\/wp\/v2\/media?parent=7925"}],"curies":[{"name":"wp","href":"https:\/\/api.w.org\/{rel}","templated":true}]}}