{"id":6161,"date":"2023-12-15T10:06:24","date_gmt":"2023-12-15T10:06:24","guid":{"rendered":"https:\/\/mycoland.ee\/about-us\/establishment-of-a-meadow-for-a-hedgehog-dyeing-plant\/"},"modified":"2023-12-15T10:06:24","modified_gmt":"2023-12-15T10:06:24","slug":"establishment-of-a-meadow-for-a-hedgehog-dyeing-plant","status":"publish","type":"page","link":"https:\/\/mycoland.ee\/en\/establishment-of-a-meadow-for-a-hedgehog-dyeing-plant\/","title":{"rendered":"Establishment of a meadow for a hedgehog dyeing plant"},"content":{"rendered":"\n<h2 class=\"wp-block-heading\">Hiidv\u00e4rviku peenra rajamine<\/h2>\n\n<p>1. Kindlasti on su aias m\u00f5ni m\u00f5ttetu nurk, kus midagi muud ei kasva, peale seente <img decoding=\"async\" height=\"16\" width=\"16\" src=\"https:\/\/static.xx.fbcdn.net\/images\/emoji.php\/v9\/t4c\/1\/16\/1f642.png\" alt=\"&#x1F642;\"\/> Sobib varjuline koht &#8211; marjap\u00f5\u00f5saalune, maja p\u00f5hjak\u00fclg, ka k\u00f6\u00f6giviljapeenar, sest seda kastetakse pidevalt ning k\u00f6\u00f6giviljad kasvavad suureks, andes varju. <\/p>\n\n<figure class=\"wp-block-image size-large is-resized\"><img fetchpriority=\"high\" decoding=\"async\" src=\"https:\/\/mycoland.ee\/wp-content\/uploads\/2022\/06\/1kata-peenar-papiga-1024x1024.png\" alt=\"\" class=\"wp-image-3983\" width=\"512\" height=\"512\" srcset=\"https:\/\/mycoland.ee\/wp-content\/uploads\/2022\/06\/1kata-peenar-papiga-1024x1024.png 1024w, https:\/\/mycoland.ee\/wp-content\/uploads\/2022\/06\/1kata-peenar-papiga-300x300.png 300w, https:\/\/mycoland.ee\/wp-content\/uploads\/2022\/06\/1kata-peenar-papiga-150x150.png 150w, https:\/\/mycoland.ee\/wp-content\/uploads\/2022\/06\/1kata-peenar-papiga-768x768.png 768w, https:\/\/mycoland.ee\/wp-content\/uploads\/2022\/06\/1kata-peenar-papiga-600x600.png 600w, https:\/\/mycoland.ee\/wp-content\/uploads\/2022\/06\/1kata-peenar-papiga-100x100.png 100w, https:\/\/mycoland.ee\/wp-content\/uploads\/2022\/06\/1kata-peenar-papiga-64x64.png 64w, https:\/\/mycoland.ee\/wp-content\/uploads\/2022\/06\/1kata-peenar-papiga.png 1200w\" sizes=\"(max-width: 512px) 100vw, 512px\" \/><\/figure>\n\n<p>2. Kata peenar papiga<\/p>\n\n<figure class=\"wp-block-image size-large is-resized\"><img decoding=\"async\" src=\"https:\/\/mycoland.ee\/wp-content\/uploads\/2022\/06\/2kata-peenar-papiga2-1024x1024.png\" alt=\"\" class=\"wp-image-3986\" width=\"512\" height=\"512\" srcset=\"https:\/\/mycoland.ee\/wp-content\/uploads\/2022\/06\/2kata-peenar-papiga2-1024x1024.png 1024w, https:\/\/mycoland.ee\/wp-content\/uploads\/2022\/06\/2kata-peenar-papiga2-300x300.png 300w, https:\/\/mycoland.ee\/wp-content\/uploads\/2022\/06\/2kata-peenar-papiga2-150x150.png 150w, https:\/\/mycoland.ee\/wp-content\/uploads\/2022\/06\/2kata-peenar-papiga2-768x768.png 768w, https:\/\/mycoland.ee\/wp-content\/uploads\/2022\/06\/2kata-peenar-papiga2-600x600.png 600w, https:\/\/mycoland.ee\/wp-content\/uploads\/2022\/06\/2kata-peenar-papiga2-100x100.png 100w, https:\/\/mycoland.ee\/wp-content\/uploads\/2022\/06\/2kata-peenar-papiga2-64x64.png 64w, https:\/\/mycoland.ee\/wp-content\/uploads\/2022\/06\/2kata-peenar-papiga2.png 1200w\" sizes=\"(max-width: 512px) 100vw, 512px\" \/><\/figure>\n\n<p>3. Lisa kiht ajalehte v\u00f5i j\u00f5upaberit, et umbrohi l\u00e4bi ei tuleks. V\u00e4hem rohimist=rohkem l\u00f5busat elu <img decoding=\"async\" height=\"16\" width=\"16\" src=\"https:\/\/static.xx.fbcdn.net\/images\/emoji.php\/v9\/t4c\/1\/16\/1f642.png\" alt=\"&#x1F642;\"\/><\/p>\n\n<figure class=\"wp-block-image size-large is-resized\"><img loading=\"lazy\" decoding=\"async\" src=\"https:\/\/mycoland.ee\/wp-content\/uploads\/2022\/06\/3lao-paar-kihti-ajalehte-voi-joupaberit-1024x1024.png\" alt=\"\" class=\"wp-image-3989\" width=\"512\" height=\"512\" srcset=\"https:\/\/mycoland.ee\/wp-content\/uploads\/2022\/06\/3lao-paar-kihti-ajalehte-voi-joupaberit-1024x1024.png 1024w, https:\/\/mycoland.ee\/wp-content\/uploads\/2022\/06\/3lao-paar-kihti-ajalehte-voi-joupaberit-300x300.png 300w, https:\/\/mycoland.ee\/wp-content\/uploads\/2022\/06\/3lao-paar-kihti-ajalehte-voi-joupaberit-150x150.png 150w, https:\/\/mycoland.ee\/wp-content\/uploads\/2022\/06\/3lao-paar-kihti-ajalehte-voi-joupaberit-768x768.png 768w, https:\/\/mycoland.ee\/wp-content\/uploads\/2022\/06\/3lao-paar-kihti-ajalehte-voi-joupaberit-600x600.png 600w, https:\/\/mycoland.ee\/wp-content\/uploads\/2022\/06\/3lao-paar-kihti-ajalehte-voi-joupaberit-100x100.png 100w, https:\/\/mycoland.ee\/wp-content\/uploads\/2022\/06\/3lao-paar-kihti-ajalehte-voi-joupaberit-64x64.png 64w, https:\/\/mycoland.ee\/wp-content\/uploads\/2022\/06\/3lao-paar-kihti-ajalehte-voi-joupaberit.png 1200w\" sizes=\"(max-width: 512px) 100vw, 512px\" \/><\/figure>\n\n<ul class=\"wp-block-list\"><li>4. Kasta, et ajalehed putku ei paneks. <\/li><\/ul>\n\n<figure class=\"wp-block-image size-large is-resized\"><img loading=\"lazy\" decoding=\"async\" src=\"https:\/\/mycoland.ee\/wp-content\/uploads\/2022\/06\/4kasta-1024x1024.png\" alt=\"\" class=\"wp-image-3992\" width=\"512\" height=\"512\" srcset=\"https:\/\/mycoland.ee\/wp-content\/uploads\/2022\/06\/4kasta-1024x1024.png 1024w, https:\/\/mycoland.ee\/wp-content\/uploads\/2022\/06\/4kasta-300x300.png 300w, https:\/\/mycoland.ee\/wp-content\/uploads\/2022\/06\/4kasta-150x150.png 150w, https:\/\/mycoland.ee\/wp-content\/uploads\/2022\/06\/4kasta-768x768.png 768w, https:\/\/mycoland.ee\/wp-content\/uploads\/2022\/06\/4kasta-600x600.png 600w, https:\/\/mycoland.ee\/wp-content\/uploads\/2022\/06\/4kasta-100x100.png 100w, https:\/\/mycoland.ee\/wp-content\/uploads\/2022\/06\/4kasta-64x64.png 64w, https:\/\/mycoland.ee\/wp-content\/uploads\/2022\/06\/4kasta.png 1200w\" sizes=\"(max-width: 512px) 100vw, 512px\" \/><\/figure>\n\n<p>5. Vala kiht p\u00f5hupelletit. Seda kasutatakse loomakasvatuses, kuid on v\u00e4ga hea ka seente kasvatamiseks. Saab mycoland.ee e-poest: <a href=\"https:\/\/l.facebook.com\/l.php?u=https%3A%2F%2Fmycoland.ee%2Ftoode%2Fpohupellet-15kg%2F%3Ffbclid%3DIwAR14sbBaN91N-YSVAcy0w0UjNjz1VqXngWvNZd5y43TZcUD7cYcQG2BTKbM&amp;h=AT3CXSXR4IKKi0ykp2b9B6ogH0Uo3GzGimOh6y8pjdqi6y5LgJ00T-GnwOObl0adTak2n8p6Cli_0-n9o3hDiA6eo997fweWf95VsL-Y3GKVIVJjP19Z-DxhG7D5QGPQeRUGSO9TclpBnoi4AiuD&amp;__tn__=-UK-R&amp;c[0]=AT1EDcl4xOnz09H_3iOjQ6UDPe-38tNg01q0DtzTWixr-dYeOjQ9qFNVwP7wJI2Z8VgakFdk9J7viIPe_0EExVAGptHE4LbyuXiSRhU_0HFmnAPcRQ8AQXma4k-dHoSO2yoGPuT2jCOa2pvdiBl2Clul5xAnmpowdyR8sOoWBrtlg_o_mjjEzIAr6bX_yTGABjhNp5UaBQEsubHAHWC5BIpGZHM_TSVKlQ\" target=\"_blank\" rel=\"noreferrer noopener\">https:\/\/mycoland.ee\/toode\/pohupellet-15kg\/<\/a>. \u00dchest kotist pelletist saab 2,5m2 peenart. <\/p>\n\n<figure class=\"wp-block-image size-large is-resized\"><img loading=\"lazy\" decoding=\"async\" src=\"https:\/\/mycoland.ee\/wp-content\/uploads\/2022\/06\/5puista-kiht-pohupelletit-1024x1024.png\" alt=\"\" class=\"wp-image-3995\" width=\"512\" height=\"512\" srcset=\"https:\/\/mycoland.ee\/wp-content\/uploads\/2022\/06\/5puista-kiht-pohupelletit-1024x1024.png 1024w, https:\/\/mycoland.ee\/wp-content\/uploads\/2022\/06\/5puista-kiht-pohupelletit-300x300.png 300w, https:\/\/mycoland.ee\/wp-content\/uploads\/2022\/06\/5puista-kiht-pohupelletit-150x150.png 150w, https:\/\/mycoland.ee\/wp-content\/uploads\/2022\/06\/5puista-kiht-pohupelletit-768x768.png 768w, https:\/\/mycoland.ee\/wp-content\/uploads\/2022\/06\/5puista-kiht-pohupelletit-600x600.png 600w, https:\/\/mycoland.ee\/wp-content\/uploads\/2022\/06\/5puista-kiht-pohupelletit-100x100.png 100w, https:\/\/mycoland.ee\/wp-content\/uploads\/2022\/06\/5puista-kiht-pohupelletit-64x64.png 64w, https:\/\/mycoland.ee\/wp-content\/uploads\/2022\/06\/5puista-kiht-pohupelletit.png 1200w\" sizes=\"(max-width: 512px) 100vw, 512px\" \/><\/figure>\n\n<p>6. Kasta. Oota. P\u00f5hupellet paisub ajaga kuni 3 korda. <\/p>\n\n<figure class=\"wp-block-image size-large is-resized\"><img loading=\"lazy\" decoding=\"async\" src=\"https:\/\/mycoland.ee\/wp-content\/uploads\/2022\/06\/6kasta_oota-1024x1024.png\" alt=\"\" class=\"wp-image-3998\" width=\"512\" height=\"512\" srcset=\"https:\/\/mycoland.ee\/wp-content\/uploads\/2022\/06\/6kasta_oota-1024x1024.png 1024w, https:\/\/mycoland.ee\/wp-content\/uploads\/2022\/06\/6kasta_oota-300x300.png 300w, https:\/\/mycoland.ee\/wp-content\/uploads\/2022\/06\/6kasta_oota-150x150.png 150w, https:\/\/mycoland.ee\/wp-content\/uploads\/2022\/06\/6kasta_oota-768x768.png 768w, https:\/\/mycoland.ee\/wp-content\/uploads\/2022\/06\/6kasta_oota-600x600.png 600w, https:\/\/mycoland.ee\/wp-content\/uploads\/2022\/06\/6kasta_oota-100x100.png 100w, https:\/\/mycoland.ee\/wp-content\/uploads\/2022\/06\/6kasta_oota-64x64.png 64w, https:\/\/mycoland.ee\/wp-content\/uploads\/2022\/06\/6kasta_oota.png 1200w\" sizes=\"(max-width: 512px) 100vw, 512px\" \/><\/figure>\n\n<p>7. Hoia m\u00fctseeli m\u00f5ned tunnid soojas ning ava kott esmakordselt. M\u00fctseeli saab siit: <a href=\"https:\/\/mycoland.ee\/en\/product\/hiidvarviku-hat\/?fbclid=IwAR1HARDzf7lU0-P_4-uaVpPSJKkzTAlvqgQiSapUyvkj8_NK5Np1b0xzkFc\" target=\"_blank\" rel=\"noreferrer noopener\">https:\/\/mycoland.ee\/toode\/hiidvarviku-mutseel\/<\/a>\u00dchest kotist m\u00fctseelist jagub 5m2 peenrale. <\/p>\n\n<figure class=\"wp-block-image size-large is-resized\"><img loading=\"lazy\" decoding=\"async\" src=\"https:\/\/mycoland.ee\/wp-content\/uploads\/2022\/06\/7-ava-mutseelikott-1024x1024.png\" alt=\"\" class=\"wp-image-4001\" width=\"512\" height=\"512\" srcset=\"https:\/\/mycoland.ee\/wp-content\/uploads\/2022\/06\/7-ava-mutseelikott-1024x1024.png 1024w, https:\/\/mycoland.ee\/wp-content\/uploads\/2022\/06\/7-ava-mutseelikott-300x300.png 300w, https:\/\/mycoland.ee\/wp-content\/uploads\/2022\/06\/7-ava-mutseelikott-150x150.png 150w, https:\/\/mycoland.ee\/wp-content\/uploads\/2022\/06\/7-ava-mutseelikott-768x768.png 768w, https:\/\/mycoland.ee\/wp-content\/uploads\/2022\/06\/7-ava-mutseelikott-600x600.png 600w, https:\/\/mycoland.ee\/wp-content\/uploads\/2022\/06\/7-ava-mutseelikott-100x100.png 100w, https:\/\/mycoland.ee\/wp-content\/uploads\/2022\/06\/7-ava-mutseelikott-64x64.png 64w, https:\/\/mycoland.ee\/wp-content\/uploads\/2022\/06\/7-ava-mutseelikott.png 1200w\" sizes=\"(max-width: 512px) 100vw, 512px\" \/><\/figure>\n\n<p>8. Puista puhaste kinnastega \u00f5huke kiht m\u00fctseeli pelletile. <\/p>\n\n<figure class=\"wp-block-image size-large is-resized\"><img loading=\"lazy\" decoding=\"async\" src=\"https:\/\/mycoland.ee\/wp-content\/uploads\/2022\/06\/8puista-kiht-mutseeli-1024x1024.png\" alt=\"\" class=\"wp-image-4004\" width=\"512\" height=\"512\" srcset=\"https:\/\/mycoland.ee\/wp-content\/uploads\/2022\/06\/8puista-kiht-mutseeli-1024x1024.png 1024w, https:\/\/mycoland.ee\/wp-content\/uploads\/2022\/06\/8puista-kiht-mutseeli-300x300.png 300w, https:\/\/mycoland.ee\/wp-content\/uploads\/2022\/06\/8puista-kiht-mutseeli-150x150.png 150w, https:\/\/mycoland.ee\/wp-content\/uploads\/2022\/06\/8puista-kiht-mutseeli-768x768.png 768w, https:\/\/mycoland.ee\/wp-content\/uploads\/2022\/06\/8puista-kiht-mutseeli-600x600.png 600w, https:\/\/mycoland.ee\/wp-content\/uploads\/2022\/06\/8puista-kiht-mutseeli-100x100.png 100w, https:\/\/mycoland.ee\/wp-content\/uploads\/2022\/06\/8puista-kiht-mutseeli-64x64.png 64w, https:\/\/mycoland.ee\/wp-content\/uploads\/2022\/06\/8puista-kiht-mutseeli.png 1200w\" sizes=\"(max-width: 512px) 100vw, 512px\" \/><\/figure>\n\n<p>9. Lisa uus kiht pelletit. Kasta. <\/p>\n\n<figure class=\"wp-block-image size-large is-resized\"><img loading=\"lazy\" decoding=\"async\" src=\"https:\/\/mycoland.ee\/wp-content\/uploads\/2022\/06\/9korda-1024x1024.png\" alt=\"\" class=\"wp-image-4007\" width=\"512\" height=\"512\" srcset=\"https:\/\/mycoland.ee\/wp-content\/uploads\/2022\/06\/9korda-1024x1024.png 1024w, https:\/\/mycoland.ee\/wp-content\/uploads\/2022\/06\/9korda-300x300.png 300w, https:\/\/mycoland.ee\/wp-content\/uploads\/2022\/06\/9korda-150x150.png 150w, https:\/\/mycoland.ee\/wp-content\/uploads\/2022\/06\/9korda-768x768.png 768w, https:\/\/mycoland.ee\/wp-content\/uploads\/2022\/06\/9korda-600x600.png 600w, https:\/\/mycoland.ee\/wp-content\/uploads\/2022\/06\/9korda-100x100.png 100w, https:\/\/mycoland.ee\/wp-content\/uploads\/2022\/06\/9korda-64x64.png 64w, https:\/\/mycoland.ee\/wp-content\/uploads\/2022\/06\/9korda.png 1200w\" sizes=\"(max-width: 512px) 100vw, 512px\" \/><\/figure>\n\n<p>Hiidv\u00e4rvik hakkab peenart l\u00e4bi kasvatama ning teeb seda sooja ilmaga. Samuti on vaja niiskust. Kasta, aga \u00e4ra \u00fcle kasta. Esimene saak v\u00f5ib tulla ka aasta p\u00e4rast. Aga kui tuleb, siis on vaja vaid lisada v\u00e4rsket saepuru, p\u00f5hupelletit v\u00f5i p\u00f5hku, \u00fches\u00f5naga &#8211; seenele uut toitu. M\u00fctseeli enam lisada ei ole vaja. Hiidv\u00e4rvik l\u00f5hnab v\u00e4rskelt veidi nagu kumm, aga k\u00fcpsetades l\u00f5hn kaob. Tekstuur on tal m\u00f5nus \u00f5rn ning v\u00f5ib kasutada toiduks nagu teisi metsaseeni &#8211; kastmetes, pirukates, pitsadel v\u00f5i lihtsalt v\u00f5iga praadides. N\u00e4mm!<\/p>\n","protected":false},"excerpt":{"rendered":"<p>Hiidv\u00e4rviku peenra rajamine 1. Kindlasti on su aias m\u00f5ni m\u00f5ttetu nurk, kus midagi muud ei kasva, peale seente Sobib varjuline koht &#8211; marjap\u00f5\u00f5saalune, maja p\u00f5hjak\u00fclg, ka k\u00f6\u00f6giviljapeenar, sest seda kastetakse pidevalt ning k\u00f6\u00f6giviljad kasvavad suureks, andes varju. 2. Kata peenar papiga 3. Lisa kiht ajalehte v\u00f5i j\u00f5upaberit, et umbrohi l\u00e4bi ei tuleks. V\u00e4hem rohimist=rohkem l\u00f5busat [&hellip;]<\/p>\n","protected":false},"author":2,"featured_media":0,"parent":0,"menu_order":0,"comment_status":"closed","ping_status":"closed","template":"","meta":{"site-sidebar-layout":"default","site-content-layout":"","ast-site-content-layout":"default","site-content-style":"default","site-sidebar-style":"default","ast-global-header-display":"","ast-banner-title-visibility":"","ast-main-header-display":"","ast-hfb-above-header-display":"","ast-hfb-below-header-display":"","ast-hfb-mobile-header-display":"","site-post-title":"","ast-breadcrumbs-content":"","ast-featured-img":"","footer-sml-layout":"","ast-disable-related-posts":"","theme-transparent-header-meta":"","adv-header-id-meta":"","stick-header-meta":"","header-above-stick-meta":"","header-main-stick-meta":"","header-below-stick-meta":"","astra-migrate-meta-layouts":"default","ast-page-background-enabled":"default","ast-page-background-meta":{"desktop":{"background-color":"","background-image":"","background-repeat":"repeat","background-position":"center center","background-size":"auto","background-attachment":"scroll","background-type":"","background-media":"","overlay-type":"","overlay-color":"","overlay-opacity":"","overlay-gradient":""},"tablet":{"background-color":"","background-image":"","background-repeat":"repeat","background-position":"center center","background-size":"auto","background-attachment":"scroll","background-type":"","background-media":"","overlay-type":"","overlay-color":"","overlay-opacity":"","overlay-gradient":""},"mobile":{"background-color":"","background-image":"","background-repeat":"repeat","background-position":"center center","background-size":"auto","background-attachment":"scroll","background-type":"","background-media":"","overlay-type":"","overlay-color":"","overlay-opacity":"","overlay-gradient":""}},"ast-content-background-meta":{"desktop":{"background-color":"var(--ast-global-color-5)","background-image":"","background-repeat":"repeat","background-position":"center center","background-size":"auto","background-attachment":"scroll","background-type":"","background-media":"","overlay-type":"","overlay-color":"","overlay-opacity":"","overlay-gradient":""},"tablet":{"background-color":"var(--ast-global-color-5)","background-image":"","background-repeat":"repeat","background-position":"center center","background-size":"auto","background-attachment":"scroll","background-type":"","background-media":"","overlay-type":"","overlay-color":"","overlay-opacity":"","overlay-gradient":""},"mobile":{"background-color":"var(--ast-global-color-5)","background-image":"","background-repeat":"repeat","background-position":"center center","background-size":"auto","background-attachment":"scroll","background-type":"","background-media":"","overlay-type":"","overlay-color":"","overlay-opacity":"","overlay-gradient":""}},"footnotes":""},"class_list":["post-6161","page","type-page","status-publish","hentry"],"yoast_head":"<!-- This site is optimized with the Yoast SEO plugin v27.1.1 - https:\/\/yoast.com\/product\/yoast-seo-wordpress\/ -->\n<title>Establishment of a meadow for a hedgehog dyeing plant - Mycoland<\/title>\n<meta name=\"description\" content=\"Making oyster mushroom spawn. From 1 kg of oyster mushroom mycelium, you can make 10 mushroom packs at home and harvest the mushrooms for 4-5 years.\" \/>\n<meta name=\"robots\" content=\"index, follow, max-snippet:-1, max-image-preview:large, max-video-preview:-1\" \/>\n<link rel=\"canonical\" href=\"https:\/\/mycoland.ee\/en\/establishment-of-a-meadow-for-a-hedgehog-dyeing-plant\/\" \/>\n<meta property=\"og:locale\" content=\"en_US\" \/>\n<meta property=\"og:type\" content=\"article\" \/>\n<meta property=\"og:title\" content=\"Establishment of a meadow for a hedgehog dyeing plant - Mycoland\" \/>\n<meta property=\"og:description\" content=\"Making oyster mushroom spawn. From 1 kg of oyster mushroom mycelium, you can make 10 mushroom packs at home and harvest the mushrooms for 4-5 years.\" \/>\n<meta property=\"og:url\" content=\"https:\/\/mycoland.ee\/en\/establishment-of-a-meadow-for-a-hedgehog-dyeing-plant\/\" \/>\n<meta property=\"og:site_name\" content=\"Mycoland\" \/>\n<meta property=\"og:image\" content=\"https:\/\/static.xx.fbcdn.net\/images\/emoji.php\/v9\/t4c\/1\/16\/1f642.png\" \/>\n<meta name=\"twitter:card\" content=\"summary_large_image\" \/>\n<meta name=\"twitter:label1\" content=\"Est. reading time\" \/>\n\t<meta name=\"twitter:data1\" content=\"1 minute\" \/>\n<script type=\"application\/ld+json\" class=\"yoast-schema-graph\">{\"@context\":\"https:\/\/schema.org\",\"@graph\":[{\"@type\":\"WebPage\",\"@id\":\"https:\/\/mycoland.ee\/en\/establishment-of-a-meadow-for-a-hedgehog-dyeing-plant\/\",\"url\":\"https:\/\/mycoland.ee\/en\/establishment-of-a-meadow-for-a-hedgehog-dyeing-plant\/\",\"name\":\"Establishment of a meadow for a hedgehog dyeing plant - Mycoland\",\"isPartOf\":{\"@id\":\"https:\/\/mycoland.ee\/#website\"},\"primaryImageOfPage\":{\"@id\":\"https:\/\/mycoland.ee\/en\/establishment-of-a-meadow-for-a-hedgehog-dyeing-plant\/#primaryimage\"},\"image\":{\"@id\":\"https:\/\/mycoland.ee\/en\/establishment-of-a-meadow-for-a-hedgehog-dyeing-plant\/#primaryimage\"},\"thumbnailUrl\":\"https:\/\/static.xx.fbcdn.net\/images\/emoji.php\/v9\/t4c\/1\/16\/1f642.png\",\"datePublished\":\"2023-12-15T10:06:24+00:00\",\"description\":\"Making oyster mushroom spawn. From 1 kg of oyster mushroom mycelium, you can make 10 mushroom packs at home and harvest the mushrooms for 4-5 years.\",\"breadcrumb\":{\"@id\":\"https:\/\/mycoland.ee\/en\/establishment-of-a-meadow-for-a-hedgehog-dyeing-plant\/#breadcrumb\"},\"inLanguage\":\"en-US\",\"potentialAction\":[{\"@type\":\"ReadAction\",\"target\":[\"https:\/\/mycoland.ee\/en\/establishment-of-a-meadow-for-a-hedgehog-dyeing-plant\/\"]}]},{\"@type\":\"ImageObject\",\"inLanguage\":\"en-US\",\"@id\":\"https:\/\/mycoland.ee\/en\/establishment-of-a-meadow-for-a-hedgehog-dyeing-plant\/#primaryimage\",\"url\":\"https:\/\/static.xx.fbcdn.net\/images\/emoji.php\/v9\/t4c\/1\/16\/1f642.png\",\"contentUrl\":\"https:\/\/static.xx.fbcdn.net\/images\/emoji.php\/v9\/t4c\/1\/16\/1f642.png\"},{\"@type\":\"BreadcrumbList\",\"@id\":\"https:\/\/mycoland.ee\/en\/establishment-of-a-meadow-for-a-hedgehog-dyeing-plant\/#breadcrumb\",\"itemListElement\":[{\"@type\":\"ListItem\",\"position\":1,\"name\":\"Home\",\"item\":\"https:\/\/mycoland.ee\/en\/\"},{\"@type\":\"ListItem\",\"position\":2,\"name\":\"Establishment of a meadow for a hedgehog dyeing plant\"}]},{\"@type\":\"WebSite\",\"@id\":\"https:\/\/mycoland.ee\/#website\",\"url\":\"https:\/\/mycoland.ee\/\",\"name\":\"Mycoland\",\"description\":\"Lihtne ja kasulik lahendus s\u00f6\u00f6giseente kasvatuseks!\",\"publisher\":{\"@id\":\"https:\/\/mycoland.ee\/#organization\"},\"potentialAction\":[{\"@type\":\"SearchAction\",\"target\":{\"@type\":\"EntryPoint\",\"urlTemplate\":\"https:\/\/mycoland.ee\/?s={search_term_string}\"},\"query-input\":{\"@type\":\"PropertyValueSpecification\",\"valueRequired\":true,\"valueName\":\"search_term_string\"}}],\"inLanguage\":\"en-US\"},{\"@type\":\"Organization\",\"@id\":\"https:\/\/mycoland.ee\/#organization\",\"name\":\"Mycoland\",\"url\":\"https:\/\/mycoland.ee\/\",\"logo\":{\"@type\":\"ImageObject\",\"inLanguage\":\"en-US\",\"@id\":\"https:\/\/mycoland.ee\/#\/schema\/logo\/image\/\",\"url\":\"https:\/\/mycoland.ee\/wp-content\/uploads\/2020\/10\/Mycoland-logo-taustata-e1602578100166.png\",\"contentUrl\":\"https:\/\/mycoland.ee\/wp-content\/uploads\/2020\/10\/Mycoland-logo-taustata-e1602578100166.png\",\"width\":300,\"height\":128,\"caption\":\"Mycoland\"},\"image\":{\"@id\":\"https:\/\/mycoland.ee\/#\/schema\/logo\/image\/\"}}]}<\/script>\n<!-- \/ Yoast SEO plugin. -->","yoast_head_json":{"title":"Establishment of a meadow for a hedgehog dyeing plant - Mycoland","description":"Making oyster mushroom spawn. From 1 kg of oyster mushroom mycelium, you can make 10 mushroom packs at home and harvest the mushrooms for 4-5 years.","robots":{"index":"index","follow":"follow","max-snippet":"max-snippet:-1","max-image-preview":"max-image-preview:large","max-video-preview":"max-video-preview:-1"},"canonical":"https:\/\/mycoland.ee\/en\/establishment-of-a-meadow-for-a-hedgehog-dyeing-plant\/","og_locale":"en_US","og_type":"article","og_title":"Establishment of a meadow for a hedgehog dyeing plant - Mycoland","og_description":"Making oyster mushroom spawn. From 1 kg of oyster mushroom mycelium, you can make 10 mushroom packs at home and harvest the mushrooms for 4-5 years.","og_url":"https:\/\/mycoland.ee\/en\/establishment-of-a-meadow-for-a-hedgehog-dyeing-plant\/","og_site_name":"Mycoland","og_image":[{"url":"https:\/\/static.xx.fbcdn.net\/images\/emoji.php\/v9\/t4c\/1\/16\/1f642.png","type":"","width":"","height":""}],"twitter_card":"summary_large_image","twitter_misc":{"Est. reading time":"1 minute"},"schema":{"@context":"https:\/\/schema.org","@graph":[{"@type":"WebPage","@id":"https:\/\/mycoland.ee\/en\/establishment-of-a-meadow-for-a-hedgehog-dyeing-plant\/","url":"https:\/\/mycoland.ee\/en\/establishment-of-a-meadow-for-a-hedgehog-dyeing-plant\/","name":"Establishment of a meadow for a hedgehog dyeing plant - Mycoland","isPartOf":{"@id":"https:\/\/mycoland.ee\/#website"},"primaryImageOfPage":{"@id":"https:\/\/mycoland.ee\/en\/establishment-of-a-meadow-for-a-hedgehog-dyeing-plant\/#primaryimage"},"image":{"@id":"https:\/\/mycoland.ee\/en\/establishment-of-a-meadow-for-a-hedgehog-dyeing-plant\/#primaryimage"},"thumbnailUrl":"https:\/\/static.xx.fbcdn.net\/images\/emoji.php\/v9\/t4c\/1\/16\/1f642.png","datePublished":"2023-12-15T10:06:24+00:00","description":"Making oyster mushroom spawn. From 1 kg of oyster mushroom mycelium, you can make 10 mushroom packs at home and harvest the mushrooms for 4-5 years.","breadcrumb":{"@id":"https:\/\/mycoland.ee\/en\/establishment-of-a-meadow-for-a-hedgehog-dyeing-plant\/#breadcrumb"},"inLanguage":"en-US","potentialAction":[{"@type":"ReadAction","target":["https:\/\/mycoland.ee\/en\/establishment-of-a-meadow-for-a-hedgehog-dyeing-plant\/"]}]},{"@type":"ImageObject","inLanguage":"en-US","@id":"https:\/\/mycoland.ee\/en\/establishment-of-a-meadow-for-a-hedgehog-dyeing-plant\/#primaryimage","url":"https:\/\/static.xx.fbcdn.net\/images\/emoji.php\/v9\/t4c\/1\/16\/1f642.png","contentUrl":"https:\/\/static.xx.fbcdn.net\/images\/emoji.php\/v9\/t4c\/1\/16\/1f642.png"},{"@type":"BreadcrumbList","@id":"https:\/\/mycoland.ee\/en\/establishment-of-a-meadow-for-a-hedgehog-dyeing-plant\/#breadcrumb","itemListElement":[{"@type":"ListItem","position":1,"name":"Home","item":"https:\/\/mycoland.ee\/en\/"},{"@type":"ListItem","position":2,"name":"Establishment of a meadow for a hedgehog dyeing plant"}]},{"@type":"WebSite","@id":"https:\/\/mycoland.ee\/#website","url":"https:\/\/mycoland.ee\/","name":"Mycoland","description":"Lihtne ja kasulik lahendus s\u00f6\u00f6giseente kasvatuseks!","publisher":{"@id":"https:\/\/mycoland.ee\/#organization"},"potentialAction":[{"@type":"SearchAction","target":{"@type":"EntryPoint","urlTemplate":"https:\/\/mycoland.ee\/?s={search_term_string}"},"query-input":{"@type":"PropertyValueSpecification","valueRequired":true,"valueName":"search_term_string"}}],"inLanguage":"en-US"},{"@type":"Organization","@id":"https:\/\/mycoland.ee\/#organization","name":"Mycoland","url":"https:\/\/mycoland.ee\/","logo":{"@type":"ImageObject","inLanguage":"en-US","@id":"https:\/\/mycoland.ee\/#\/schema\/logo\/image\/","url":"https:\/\/mycoland.ee\/wp-content\/uploads\/2020\/10\/Mycoland-logo-taustata-e1602578100166.png","contentUrl":"https:\/\/mycoland.ee\/wp-content\/uploads\/2020\/10\/Mycoland-logo-taustata-e1602578100166.png","width":300,"height":128,"caption":"Mycoland"},"image":{"@id":"https:\/\/mycoland.ee\/#\/schema\/logo\/image\/"}}]}},"_links":{"self":[{"href":"https:\/\/mycoland.ee\/en\/wp-json\/wp\/v2\/pages\/6161","targetHints":{"allow":["GET"]}}],"collection":[{"href":"https:\/\/mycoland.ee\/en\/wp-json\/wp\/v2\/pages"}],"about":[{"href":"https:\/\/mycoland.ee\/en\/wp-json\/wp\/v2\/types\/page"}],"author":[{"embeddable":true,"href":"https:\/\/mycoland.ee\/en\/wp-json\/wp\/v2\/users\/2"}],"replies":[{"embeddable":true,"href":"https:\/\/mycoland.ee\/en\/wp-json\/wp\/v2\/comments?post=6161"}],"version-history":[{"count":2,"href":"https:\/\/mycoland.ee\/en\/wp-json\/wp\/v2\/pages\/6161\/revisions"}],"predecessor-version":[{"id":6163,"href":"https:\/\/mycoland.ee\/en\/wp-json\/wp\/v2\/pages\/6161\/revisions\/6163"}],"wp:attachment":[{"href":"https:\/\/mycoland.ee\/en\/wp-json\/wp\/v2\/media?parent=6161"}],"curies":[{"name":"wp","href":"https:\/\/api.w.org\/{rel}","templated":true}]}}