{"id":6121,"date":"2023-12-15T10:06:17","date_gmt":"2023-12-15T10:06:17","guid":{"rendered":"https:\/\/mycoland.ee\/about-us\/a-mushroom-pack-with-sprouts-for-mothers-day\/"},"modified":"2023-12-15T10:06:17","modified_gmt":"2023-12-15T10:06:17","slug":"a-mushroom-pack-with-sprouts-for-mothers-day","status":"publish","type":"page","link":"https:\/\/mycoland.ee\/en\/a-mushroom-pack-with-sprouts-for-mothers-day\/","title":{"rendered":"A MUSHROOM PACK WITH SPROUTS FOR MOTHER&#8217;S DAY!"},"content":{"rendered":"\n<div class=\"wp-block-columns is-layout-flex wp-container-core-columns-is-layout-28f84493 wp-block-columns-is-layout-flex\">\n<div class=\"wp-block-column is-layout-flow wp-block-column-is-layout-flow\" style=\"flex-basis:100%\">\n<h3 class=\"wp-block-heading\">\u00dchtlasi l\u00e4heb igalt pakult ka 20% Ukraina toetuseks<\/h3>\n\n\n\n<p>EMADEP\u00c4EVA AUSTERSERVIKU SEENEPAKK KANNIKESTEGA on \u00e4ge kaks \u00fches kingiidee! Pakk istutatakse \u00f6\u00f6k\u00fclmade m\u00f6\u00f6dudes r\u00f5dule v\u00f5i terrassile lillepotti v\u00f5i otse aeda maasse. Pakk peaks mulda minema paku \u00fclemise servani. Selliselt pakult saab austerserviku saaki 2-3 korda aastas, 3 aastat j\u00e4rjest. Kuiva ilmaga peaks pakku ja taime kastma. Talveks v\u00e4lja kaevama v\u00f5i katma ei pea. Kui kannikesed \u00e4ra \u00f5itsevad v\u00f5ib paku sisse istutada ka m\u00f5ne teise lille. Taim pakub varju ning aitab paku niiskust hoida.<\/p>\n\n\n\n<p>Austerservik on v\u00e4ga maitsev seen, mis on \u00fcsna tihke, m\u00f5nusa seenel\u00f5hnaga ning ei ole limane. Teda ei pea kupatama, vaid saab panna otse pannile, kastmetesse, hautistesse. Parim on austerservik paneeritult nagu \u0161nitsel, siis meenutab isegi veidi sirmikut. N\u00e4mmm!<\/p>\n\n\n\n<p>Paku m\u00f5\u00f5dud on ca 12-15 cm l\u00e4bim\u00f5\u00f5duga, 20 cm pikad haavapakud. Tootega tuleb kaasa istutamise ning hooldamise juhend.<\/p>\n\n\n\n<p>NB! Kannikeste v\u00e4rvus v\u00f5ib varieeruda.<\/p>\n\n\n\n<figure class=\"wp-block-image size-large\"><img fetchpriority=\"high\" decoding=\"async\" width=\"1024\" height=\"1024\" src=\"https:\/\/mycoland.ee\/wp-content\/uploads\/2022\/04\/seenepakk-kannikesega-1024x1024.png\" alt=\"\" class=\"wp-image-3211\" srcset=\"https:\/\/mycoland.ee\/wp-content\/uploads\/2022\/04\/seenepakk-kannikesega-1024x1024.png 1024w, https:\/\/mycoland.ee\/wp-content\/uploads\/2022\/04\/seenepakk-kannikesega-300x300.png 300w, https:\/\/mycoland.ee\/wp-content\/uploads\/2022\/04\/seenepakk-kannikesega-150x150.png 150w, https:\/\/mycoland.ee\/wp-content\/uploads\/2022\/04\/seenepakk-kannikesega-768x768.png 768w, https:\/\/mycoland.ee\/wp-content\/uploads\/2022\/04\/seenepakk-kannikesega-600x600.png 600w, https:\/\/mycoland.ee\/wp-content\/uploads\/2022\/04\/seenepakk-kannikesega-100x100.png 100w, https:\/\/mycoland.ee\/wp-content\/uploads\/2022\/04\/seenepakk-kannikesega.png 1200w\" sizes=\"(max-width: 1024px) 100vw, 1024px\" \/><\/figure>\n\n\n\n<h3 class=\"wp-block-heading\">ISTUTAMINE:<\/h3>\n\n\n\n<p>K\u00f5ik taimega seenepakud istutatakse paku servani otse aiamulda, suurde potti terrassile v\u00f5i r\u00f5dule v\u00f5i m\u00f5nda teise suurde n\u00f5usse, mille p\u00f5hjas on augud. Muld vajub ajaga paar cm allapoole. P\u00f5hjus, miks taimega seenepakke s\u00fcgavamale istutatakse kui nn. tavalisi, on see, et neid saaks ka p\u00e4ikselisel kohal kasvatada. Vastasel juhul kuivab pakk lihtsalt \u00e4ra v\u00f5i ei hakka saaki andma. <\/p>\n\n\n\n<figure class=\"wp-block-image size-large\"><img decoding=\"async\" width=\"681\" height=\"1024\" src=\"https:\/\/mycoland.ee\/wp-content\/uploads\/2022\/04\/DSC_0126-681x1024.jpg\" alt=\"\" class=\"wp-image-3216\" srcset=\"https:\/\/mycoland.ee\/wp-content\/uploads\/2022\/04\/DSC_0126-681x1024.jpg 681w, https:\/\/mycoland.ee\/wp-content\/uploads\/2022\/04\/DSC_0126-199x300.jpg 199w, https:\/\/mycoland.ee\/wp-content\/uploads\/2022\/04\/DSC_0126-768x1155.jpg 768w, https:\/\/mycoland.ee\/wp-content\/uploads\/2022\/04\/DSC_0126-1021x1536.jpg 1021w, https:\/\/mycoland.ee\/wp-content\/uploads\/2022\/04\/DSC_0126-1362x2048.jpg 1362w, https:\/\/mycoland.ee\/wp-content\/uploads\/2022\/04\/DSC_0126-600x902.jpg 600w, https:\/\/mycoland.ee\/wp-content\/uploads\/2022\/04\/DSC_0126-scaled.jpg 1702w\" sizes=\"(max-width: 681px) 100vw, 681px\" \/><\/figure>\n<\/div>\n<\/div>\n\n<p><\/p>\n\n<p><\/p>\n","protected":false},"excerpt":{"rendered":"<p>\u00dchtlasi l\u00e4heb igalt pakult ka 20% Ukraina toetuseks EMADEP\u00c4EVA AUSTERSERVIKU SEENEPAKK KANNIKESTEGA on \u00e4ge kaks \u00fches kingiidee! Pakk istutatakse \u00f6\u00f6k\u00fclmade m\u00f6\u00f6dudes r\u00f5dule v\u00f5i terrassile lillepotti v\u00f5i otse aeda maasse. Pakk peaks mulda minema paku \u00fclemise servani. Selliselt pakult saab austerserviku saaki 2-3 korda aastas, 3 aastat j\u00e4rjest. Kuiva ilmaga peaks pakku ja taime kastma. Talveks [&hellip;]<\/p>\n","protected":false},"author":2,"featured_media":0,"parent":0,"menu_order":0,"comment_status":"closed","ping_status":"closed","template":"","meta":{"site-sidebar-layout":"default","site-content-layout":"","ast-site-content-layout":"default","site-content-style":"default","site-sidebar-style":"default","ast-global-header-display":"","ast-banner-title-visibility":"","ast-main-header-display":"","ast-hfb-above-header-display":"","ast-hfb-below-header-display":"","ast-hfb-mobile-header-display":"","site-post-title":"","ast-breadcrumbs-content":"","ast-featured-img":"","footer-sml-layout":"","ast-disable-related-posts":"","theme-transparent-header-meta":"","adv-header-id-meta":"","stick-header-meta":"","header-above-stick-meta":"","header-main-stick-meta":"","header-below-stick-meta":"","astra-migrate-meta-layouts":"default","ast-page-background-enabled":"default","ast-page-background-meta":{"desktop":{"background-color":"","background-image":"","background-repeat":"repeat","background-position":"center center","background-size":"auto","background-attachment":"scroll","background-type":"","background-media":"","overlay-type":"","overlay-color":"","overlay-opacity":"","overlay-gradient":""},"tablet":{"background-color":"","background-image":"","background-repeat":"repeat","background-position":"center center","background-size":"auto","background-attachment":"scroll","background-type":"","background-media":"","overlay-type":"","overlay-color":"","overlay-opacity":"","overlay-gradient":""},"mobile":{"background-color":"","background-image":"","background-repeat":"repeat","background-position":"center center","background-size":"auto","background-attachment":"scroll","background-type":"","background-media":"","overlay-type":"","overlay-color":"","overlay-opacity":"","overlay-gradient":""}},"ast-content-background-meta":{"desktop":{"background-color":"var(--ast-global-color-5)","background-image":"","background-repeat":"repeat","background-position":"center center","background-size":"auto","background-attachment":"scroll","background-type":"","background-media":"","overlay-type":"","overlay-color":"","overlay-opacity":"","overlay-gradient":""},"tablet":{"background-color":"var(--ast-global-color-5)","background-image":"","background-repeat":"repeat","background-position":"center center","background-size":"auto","background-attachment":"scroll","background-type":"","background-media":"","overlay-type":"","overlay-color":"","overlay-opacity":"","overlay-gradient":""},"mobile":{"background-color":"var(--ast-global-color-5)","background-image":"","background-repeat":"repeat","background-position":"center center","background-size":"auto","background-attachment":"scroll","background-type":"","background-media":"","overlay-type":"","overlay-color":"","overlay-opacity":"","overlay-gradient":""}},"footnotes":""},"class_list":["post-6121","page","type-page","status-publish","hentry"],"yoast_head":"<!-- This site is optimized with the Yoast SEO plugin v27.1.1 - https:\/\/yoast.com\/product\/yoast-seo-wordpress\/ -->\n<title>A MUSHROOM PACK WITH SPROUTS FOR MOTHER&#039;S DAY! - Mycoland<\/title>\n<meta name=\"description\" content=\"Making oyster mushroom spawn. From 1 kg of oyster mushroom mycelium, you can make 10 mushroom packs at home and harvest the mushrooms for 4-5 years.\" \/>\n<meta name=\"robots\" content=\"index, follow, max-snippet:-1, max-image-preview:large, max-video-preview:-1\" \/>\n<link rel=\"canonical\" href=\"https:\/\/mycoland.ee\/en\/a-mushroom-pack-with-sprouts-for-mothers-day\/\" \/>\n<meta property=\"og:locale\" content=\"en_US\" \/>\n<meta property=\"og:type\" content=\"article\" \/>\n<meta property=\"og:title\" content=\"A MUSHROOM PACK WITH SPROUTS FOR MOTHER&#039;S DAY! - Mycoland\" \/>\n<meta property=\"og:description\" content=\"Making oyster mushroom spawn. From 1 kg of oyster mushroom mycelium, you can make 10 mushroom packs at home and harvest the mushrooms for 4-5 years.\" \/>\n<meta property=\"og:url\" content=\"https:\/\/mycoland.ee\/en\/a-mushroom-pack-with-sprouts-for-mothers-day\/\" \/>\n<meta property=\"og:site_name\" content=\"Mycoland\" \/>\n<meta property=\"og:image\" content=\"https:\/\/mycoland.ee\/wp-content\/uploads\/2022\/04\/seenepakk-kannikesega-1024x1024.png\" \/>\n<meta name=\"twitter:card\" content=\"summary_large_image\" \/>\n<meta name=\"twitter:label1\" content=\"Est. reading time\" \/>\n\t<meta name=\"twitter:data1\" content=\"1 minute\" \/>\n<script type=\"application\/ld+json\" class=\"yoast-schema-graph\">{\"@context\":\"https:\/\/schema.org\",\"@graph\":[{\"@type\":\"WebPage\",\"@id\":\"https:\/\/mycoland.ee\/en\/a-mushroom-pack-with-sprouts-for-mothers-day\/\",\"url\":\"https:\/\/mycoland.ee\/en\/a-mushroom-pack-with-sprouts-for-mothers-day\/\",\"name\":\"A MUSHROOM PACK WITH SPROUTS FOR MOTHER'S DAY! - Mycoland\",\"isPartOf\":{\"@id\":\"https:\/\/mycoland.ee\/en\/#website\"},\"primaryImageOfPage\":{\"@id\":\"https:\/\/mycoland.ee\/en\/a-mushroom-pack-with-sprouts-for-mothers-day\/#primaryimage\"},\"image\":{\"@id\":\"https:\/\/mycoland.ee\/en\/a-mushroom-pack-with-sprouts-for-mothers-day\/#primaryimage\"},\"thumbnailUrl\":\"https:\/\/mycoland.ee\/wp-content\/uploads\/2022\/04\/seenepakk-kannikesega-1024x1024.png\",\"datePublished\":\"2023-12-15T10:06:17+00:00\",\"description\":\"Making oyster mushroom spawn. From 1 kg of oyster mushroom mycelium, you can make 10 mushroom packs at home and harvest the mushrooms for 4-5 years.\",\"breadcrumb\":{\"@id\":\"https:\/\/mycoland.ee\/en\/a-mushroom-pack-with-sprouts-for-mothers-day\/#breadcrumb\"},\"inLanguage\":\"en-US\",\"potentialAction\":[{\"@type\":\"ReadAction\",\"target\":[\"https:\/\/mycoland.ee\/en\/a-mushroom-pack-with-sprouts-for-mothers-day\/\"]}]},{\"@type\":\"ImageObject\",\"inLanguage\":\"en-US\",\"@id\":\"https:\/\/mycoland.ee\/en\/a-mushroom-pack-with-sprouts-for-mothers-day\/#primaryimage\",\"url\":\"https:\/\/mycoland.ee\/wp-content\/uploads\/2022\/04\/seenepakk-kannikesega-1024x1024.png\",\"contentUrl\":\"https:\/\/mycoland.ee\/wp-content\/uploads\/2022\/04\/seenepakk-kannikesega-1024x1024.png\"},{\"@type\":\"BreadcrumbList\",\"@id\":\"https:\/\/mycoland.ee\/en\/a-mushroom-pack-with-sprouts-for-mothers-day\/#breadcrumb\",\"itemListElement\":[{\"@type\":\"ListItem\",\"position\":1,\"name\":\"Home\",\"item\":\"https:\/\/mycoland.ee\/en\/\"},{\"@type\":\"ListItem\",\"position\":2,\"name\":\"A MUSHROOM PACK WITH SPROUTS FOR MOTHER&#8217;S DAY!\"}]},{\"@type\":\"WebSite\",\"@id\":\"https:\/\/mycoland.ee\/en\/#website\",\"url\":\"https:\/\/mycoland.ee\/en\/\",\"name\":\"Mycoland\",\"description\":\"Lihtne ja kasulik lahendus s\u00f6\u00f6giseente kasvatuseks!\",\"publisher\":{\"@id\":\"https:\/\/mycoland.ee\/en\/#organization\"},\"potentialAction\":[{\"@type\":\"SearchAction\",\"target\":{\"@type\":\"EntryPoint\",\"urlTemplate\":\"https:\/\/mycoland.ee\/en\/?s={search_term_string}\"},\"query-input\":{\"@type\":\"PropertyValueSpecification\",\"valueRequired\":true,\"valueName\":\"search_term_string\"}}],\"inLanguage\":\"en-US\"},{\"@type\":\"Organization\",\"@id\":\"https:\/\/mycoland.ee\/en\/#organization\",\"name\":\"Mycoland\",\"url\":\"https:\/\/mycoland.ee\/en\/\",\"logo\":{\"@type\":\"ImageObject\",\"inLanguage\":\"en-US\",\"@id\":\"https:\/\/mycoland.ee\/en\/#\/schema\/logo\/image\/\",\"url\":\"https:\/\/mycoland.ee\/wp-content\/uploads\/2020\/10\/Mycoland-logo-taustata-e1602578100166.png\",\"contentUrl\":\"https:\/\/mycoland.ee\/wp-content\/uploads\/2020\/10\/Mycoland-logo-taustata-e1602578100166.png\",\"width\":300,\"height\":128,\"caption\":\"Mycoland\"},\"image\":{\"@id\":\"https:\/\/mycoland.ee\/en\/#\/schema\/logo\/image\/\"}}]}<\/script>\n<!-- \/ Yoast SEO plugin. -->","yoast_head_json":{"title":"A MUSHROOM PACK WITH SPROUTS FOR MOTHER'S DAY! - Mycoland","description":"Making oyster mushroom spawn. From 1 kg of oyster mushroom mycelium, you can make 10 mushroom packs at home and harvest the mushrooms for 4-5 years.","robots":{"index":"index","follow":"follow","max-snippet":"max-snippet:-1","max-image-preview":"max-image-preview:large","max-video-preview":"max-video-preview:-1"},"canonical":"https:\/\/mycoland.ee\/en\/a-mushroom-pack-with-sprouts-for-mothers-day\/","og_locale":"en_US","og_type":"article","og_title":"A MUSHROOM PACK WITH SPROUTS FOR MOTHER'S DAY! - Mycoland","og_description":"Making oyster mushroom spawn. From 1 kg of oyster mushroom mycelium, you can make 10 mushroom packs at home and harvest the mushrooms for 4-5 years.","og_url":"https:\/\/mycoland.ee\/en\/a-mushroom-pack-with-sprouts-for-mothers-day\/","og_site_name":"Mycoland","og_image":[{"url":"https:\/\/mycoland.ee\/wp-content\/uploads\/2022\/04\/seenepakk-kannikesega-1024x1024.png","type":"","width":"","height":""}],"twitter_card":"summary_large_image","twitter_misc":{"Est. reading time":"1 minute"},"schema":{"@context":"https:\/\/schema.org","@graph":[{"@type":"WebPage","@id":"https:\/\/mycoland.ee\/en\/a-mushroom-pack-with-sprouts-for-mothers-day\/","url":"https:\/\/mycoland.ee\/en\/a-mushroom-pack-with-sprouts-for-mothers-day\/","name":"A MUSHROOM PACK WITH SPROUTS FOR MOTHER'S DAY! - Mycoland","isPartOf":{"@id":"https:\/\/mycoland.ee\/en\/#website"},"primaryImageOfPage":{"@id":"https:\/\/mycoland.ee\/en\/a-mushroom-pack-with-sprouts-for-mothers-day\/#primaryimage"},"image":{"@id":"https:\/\/mycoland.ee\/en\/a-mushroom-pack-with-sprouts-for-mothers-day\/#primaryimage"},"thumbnailUrl":"https:\/\/mycoland.ee\/wp-content\/uploads\/2022\/04\/seenepakk-kannikesega-1024x1024.png","datePublished":"2023-12-15T10:06:17+00:00","description":"Making oyster mushroom spawn. From 1 kg of oyster mushroom mycelium, you can make 10 mushroom packs at home and harvest the mushrooms for 4-5 years.","breadcrumb":{"@id":"https:\/\/mycoland.ee\/en\/a-mushroom-pack-with-sprouts-for-mothers-day\/#breadcrumb"},"inLanguage":"en-US","potentialAction":[{"@type":"ReadAction","target":["https:\/\/mycoland.ee\/en\/a-mushroom-pack-with-sprouts-for-mothers-day\/"]}]},{"@type":"ImageObject","inLanguage":"en-US","@id":"https:\/\/mycoland.ee\/en\/a-mushroom-pack-with-sprouts-for-mothers-day\/#primaryimage","url":"https:\/\/mycoland.ee\/wp-content\/uploads\/2022\/04\/seenepakk-kannikesega-1024x1024.png","contentUrl":"https:\/\/mycoland.ee\/wp-content\/uploads\/2022\/04\/seenepakk-kannikesega-1024x1024.png"},{"@type":"BreadcrumbList","@id":"https:\/\/mycoland.ee\/en\/a-mushroom-pack-with-sprouts-for-mothers-day\/#breadcrumb","itemListElement":[{"@type":"ListItem","position":1,"name":"Home","item":"https:\/\/mycoland.ee\/en\/"},{"@type":"ListItem","position":2,"name":"A MUSHROOM PACK WITH SPROUTS FOR MOTHER&#8217;S DAY!"}]},{"@type":"WebSite","@id":"https:\/\/mycoland.ee\/en\/#website","url":"https:\/\/mycoland.ee\/en\/","name":"Mycoland","description":"Lihtne ja kasulik lahendus s\u00f6\u00f6giseente kasvatuseks!","publisher":{"@id":"https:\/\/mycoland.ee\/en\/#organization"},"potentialAction":[{"@type":"SearchAction","target":{"@type":"EntryPoint","urlTemplate":"https:\/\/mycoland.ee\/en\/?s={search_term_string}"},"query-input":{"@type":"PropertyValueSpecification","valueRequired":true,"valueName":"search_term_string"}}],"inLanguage":"en-US"},{"@type":"Organization","@id":"https:\/\/mycoland.ee\/en\/#organization","name":"Mycoland","url":"https:\/\/mycoland.ee\/en\/","logo":{"@type":"ImageObject","inLanguage":"en-US","@id":"https:\/\/mycoland.ee\/en\/#\/schema\/logo\/image\/","url":"https:\/\/mycoland.ee\/wp-content\/uploads\/2020\/10\/Mycoland-logo-taustata-e1602578100166.png","contentUrl":"https:\/\/mycoland.ee\/wp-content\/uploads\/2020\/10\/Mycoland-logo-taustata-e1602578100166.png","width":300,"height":128,"caption":"Mycoland"},"image":{"@id":"https:\/\/mycoland.ee\/en\/#\/schema\/logo\/image\/"}}]}},"_links":{"self":[{"href":"https:\/\/mycoland.ee\/en\/wp-json\/wp\/v2\/pages\/6121","targetHints":{"allow":["GET"]}}],"collection":[{"href":"https:\/\/mycoland.ee\/en\/wp-json\/wp\/v2\/pages"}],"about":[{"href":"https:\/\/mycoland.ee\/en\/wp-json\/wp\/v2\/types\/page"}],"author":[{"embeddable":true,"href":"https:\/\/mycoland.ee\/en\/wp-json\/wp\/v2\/users\/2"}],"replies":[{"embeddable":true,"href":"https:\/\/mycoland.ee\/en\/wp-json\/wp\/v2\/comments?post=6121"}],"version-history":[{"count":2,"href":"https:\/\/mycoland.ee\/en\/wp-json\/wp\/v2\/pages\/6121\/revisions"}],"predecessor-version":[{"id":6123,"href":"https:\/\/mycoland.ee\/en\/wp-json\/wp\/v2\/pages\/6121\/revisions\/6123"}],"wp:attachment":[{"href":"https:\/\/mycoland.ee\/en\/wp-json\/wp\/v2\/media?parent=6121"}],"curies":[{"name":"wp","href":"https:\/\/api.w.org\/{rel}","templated":true}]}}