{"id":6062,"date":"2023-12-15T10:06:12","date_gmt":"2023-12-15T10:06:12","guid":{"rendered":"https:\/\/mycoland.ee\/establishment-of-a-shampoo-barrier\/"},"modified":"2023-12-15T10:06:13","modified_gmt":"2023-12-15T10:06:13","slug":"establishment-of-a-shampoo-barrier","status":"publish","type":"page","link":"https:\/\/mycoland.ee\/en\/establishment-of-a-shampoo-barrier\/","title":{"rendered":"Establishment of a shampoo barrier"},"content":{"rendered":"\n<h2 class=\"wp-block-heading\">Shampinjonipeenra rajamine<\/h2>\n\n<div style=\"height:48px\" aria-hidden=\"true\" class=\"wp-block-spacer\"><\/div>\n\n<figure class=\"wp-block-image size-large is-resized\"><img fetchpriority=\"high\" decoding=\"async\" src=\"https:\/\/mycoland.ee\/wp-content\/uploads\/2022\/02\/shampinjoni-mutseel-1024x576.png\" alt=\"\" class=\"wp-image-2716\" width=\"839\" height=\"472\" srcset=\"https:\/\/mycoland.ee\/wp-content\/uploads\/2022\/02\/shampinjoni-mutseel-1024x576.png 1024w, https:\/\/mycoland.ee\/wp-content\/uploads\/2022\/02\/shampinjoni-mutseel-300x169.png 300w, https:\/\/mycoland.ee\/wp-content\/uploads\/2022\/02\/shampinjoni-mutseel-768x432.png 768w, https:\/\/mycoland.ee\/wp-content\/uploads\/2022\/02\/shampinjoni-mutseel-1536x864.png 1536w, https:\/\/mycoland.ee\/wp-content\/uploads\/2022\/02\/shampinjoni-mutseel-600x338.png 600w, https:\/\/mycoland.ee\/wp-content\/uploads\/2022\/02\/shampinjoni-mutseel.png 1600w\" sizes=\"(max-width: 839px) 100vw, 839px\" \/><\/figure>\n\n<div class=\"wp-block-columns is-layout-flex wp-container-core-columns-is-layout-28f84493 wp-block-columns-is-layout-flex\">\n<div class=\"wp-block-column is-layout-flow wp-block-column-is-layout-flow\" style=\"flex-basis:100%\">\n<h2 class=\"wp-block-heading\">Omadused<\/h2>\n\n\n\n<p>Shampinjoni kasvatamine kodustes tingimustes sai alguse juhuslikult kui lagunenud hobuses\u00f5nnikut t\u00f5steti \u00fchest kuhjast teise ning shampinjon seal edasi kasvama hakkas. T\u00e4nap\u00e4eval kasvatatakse teda siseruumides h\u00e4sti kontrollitud tingimustes, aga ka hobikasvatajad saavad seda kasvatada peenardes s\u00f5nnikul, mis on segatud p\u00f5hu ning mullaga.<\/p>\n<\/div>\n<\/div>\n\n<h2 class=\"wp-block-heading\">Substraadiks sobivad materjalid:<\/h2>\n\n<ul class=\"wp-block-list\"><li>hobuse s\u00f5nnik koos p\u00f5huga (osades 1:4), kuhu on lisatud kipsi ning nisukliisid<\/li><li>kana ning looma s\u00f5nnik koos p\u00f5huga (osades 1:6), kuhu on lisatud kipsi ning nisukliisid<\/li><\/ul>\n\n<h2 class=\"wp-block-heading\">Substraadi ettevalmistamine peenras, kuhjas, kompostikastis v\u00f5i pr\u00fcgikotis<\/h2>\n\n<p>Shampinjon on ainus m\u00fctseel meie e-poes, mis kasvab mullal. Lihtsustatult siis shampinjon lagundab edasi materjali, mida teised seened ning bakterid on eelnevalt juba lagundanud. Erinevalt teistest seeneliikides, kus tihti seene kasvuks sobilikku substraati past\u00f6riseeritakse, et h\u00e4vitada konkureerivaid baktereid ning seeneeoseid on shampinjoni m\u00fctseeli arenguks elut\u00e4htis mullalagundaja bakter Pseudomonas putida.<br\/>Seega, et seda koost\u00f6\u00f6ks vajalikku bakterit peenrasse kutsuda on vajalik saavutada kasvupeenras temperatuuri t\u00f5us, et tekiks peenra soojenemine ning fermenteerimine. Protsess on \u00fcsna sarnane komposteerimisega. V\u00e4listingimustes peaks peenar olema m\u00f5\u00f5dus v\u00e4hemalt 1x1x1m, et peenar kuumeneks, aga samas ei kuivaks tuule ning p\u00e4ikese m\u00f5jul. Toatemperatuuril kasvatamine v\u00f5ib toimuda ka v\u00e4iksemas kastis, kotis v\u00f5i karbis.<\/p>\n\n<h4 class=\"wp-block-heading\">Peenra asukoht:<\/h4>\n\n<ul class=\"wp-block-list\"><li>aias: leht- v\u00f5i okaspuu varjus<\/li><li>metsa all: kohas, kuhu ei paista \u00fcle paari tunni otsest p\u00e4ikest.<\/li><li>k\u00e4idavas kohas, et saak ei j\u00e4\u00e4ks m\u00e4rkamata<\/li><\/ul>\n\n<h4 class=\"wp-block-heading\">Peenar koosneb kihtidest:<\/h4>\n\n<ul class=\"wp-block-list\"><li>fermenteeritud kompostikihist (vt. Peenra fermenteeimine)<\/li><li>past\u00f6riseeritud kompostikihist, mis segatakse m\u00fctseeliga (vt. Peenra pealiskihi rajamine)<\/li><\/ul>\n\n<h2 class=\"wp-block-heading\">Peenra fermenteerimine:<\/h2>\n\n<ul class=\"wp-block-list\"><li>Lihtsaim on shampinjone kasvatada servadega peenrakastis, et kuhi hoiaks sooja ning ei vajuks laiali. Sobib ka laudadest kompostikast, mille m\u00f5\u00f5t v\u00f5iks olla v\u00e4hemalt 1x1x1m<\/li><li>Varu s\u00f5nnikut ning p\u00f5hku kuupmeetri jagu. Alusta s\u00f5nniku ning p\u00f5hu kastmisest. Tee seda mitmel p\u00e4eval j\u00e4rjest, et s\u00f5nnik ning p\u00f5hk oleks korralikult niisutatud.<\/li><li>Seej\u00e4rel lao kast t\u00e4is s\u00f5nniku ning p\u00f5hu segu, iga kihi vahele raputa nisukliisid ning kipsi. Kuupmeetri segu kohta kulub ca 10 kg kipsi.<\/li><li>Kata kast kilega. Oleneb ka v\u00e4listemperatuurist, aga m\u00f5ne p\u00e4eva kuni n\u00e4dalaga peaks kastis sisetemperatuur t\u00f5usma 60 kraadini.<\/li><li>Seej\u00e4rel sega kasti sisu. Samal ajal ka kasta.<\/li><li>Segamist peaks kordama kokku u. 4 korda iga 5 p\u00e4eva j\u00e4rel. Kontrollima peaks, et sisetemperatuur t\u00f5useks.<\/li><li>Peenra fermenteerimine v\u00f5tab aega suvekuudel umbes 25-30 p\u00e4eva.<\/li><li>Peale fermenteerimist ei tohiks tunda kuhjas ammoniaagi l\u00f5hna, see p\u00e4rsib m\u00fctseeli kasvamist.<\/li><\/ul>\n\n<h2 class=\"wp-block-heading\">Peenra pealiskihi rajamine:<\/h2>\n\n<ul class=\"wp-block-list\"><li>Pealiskihiks fermenteeritud kompostile laotakse 5 cm kiht tavalist aia v\u00f5i poe kompostmulda, mis on l\u00e4bi kuumutatud ehk past\u00f6riseeritud<\/li><li>Past\u00f6riseeri muld suures veevannis, ahjus v\u00f5i ka saunas 75\u00b0C (65-82\u00b0C). Temperatuur ei tohi \u00fcletada 82\u00b0C!<\/li><li>Jahuta enne m\u00fctseeli lisamist, et k\u00e4e all tunduks soe, mitte kuum.<\/li><li>Vala muld fermenteeritud mullakasti pealmiseks kihiks. Kihi paksus v\u00f5iks olla ca 5 cm.<\/li><\/ul>\n\n<h4 class=\"wp-block-heading\">M\u00fctseeli lisamine pealiskihti:<\/h4>\n\n<ul class=\"wp-block-list\"><li>Shampinjoni m\u00fctseeli kulub 10% pealiskihi kohta.<\/li><li>Pudista m\u00fctseel v\u00e4ikesteks t\u00fckkideks.<\/li><li>Raputa peenrale ning sega kergelt mulla sisse.<\/li><li>Kata peenar papiga, et hoida niiskuse taset<\/li><li>Seeneniidistik hakkab l\u00e4bi kasvama esialgu pealiskihis ning hiljem levib kogu kopostikasti sisusse.<\/li><li>Allpool olevas tabelis on kasvutingimused siseruumis kasvatamiseks, kus tingimusi on v\u00f5imalik kontrollida. V\u00e4listingimustes teeb kasvatamisel loodus oma t\u00f6\u00f6.<\/li><\/ul>\n\n<h2 class=\"wp-block-heading\">Orienteeruvad kasvutingimused<\/h2>\n\n<p><strong>M\u00fctseeli l\u00e4bikasvamine substraadil<br\/><\/strong>Niiskus 90-100%<br\/>Temperatuur 23-25\u00b0C<br\/>P\u00e4evade arv 18-20<br\/><strong>Seene viljakeha algmete tekkimine<br\/><\/strong>Niiskus 95-100%<br\/>Valguse vajadus: ei ole vaja<br\/>Temperatuur 16-18\u00b0C<br\/>P\u00e4evade arv 12-18<br\/><strong>Seene viljakehade moodustamine<br\/><\/strong>Niiskus 85-90%<br\/>Temperatuur 16-18\u00b0C<br\/>Valguse vajadus ei ole vaja<br\/>P\u00e4evade arv 4-7<br\/>Saak siseruumides 3 saaki \u00fcle n\u00e4dala<\/p>\n\n<p><\/p>\n","protected":false},"excerpt":{"rendered":"<p>Shampinjonipeenra rajamine Omadused Shampinjoni kasvatamine kodustes tingimustes sai alguse juhuslikult kui lagunenud hobuses\u00f5nnikut t\u00f5steti \u00fchest kuhjast teise ning shampinjon seal edasi kasvama hakkas. T\u00e4nap\u00e4eval kasvatatakse teda siseruumides h\u00e4sti kontrollitud tingimustes, aga ka hobikasvatajad saavad seda kasvatada peenardes s\u00f5nnikul, mis on segatud p\u00f5hu ning mullaga. Substraadiks sobivad materjalid: hobuse s\u00f5nnik koos p\u00f5huga (osades 1:4), kuhu on [&hellip;]<\/p>\n","protected":false},"author":2,"featured_media":0,"parent":0,"menu_order":0,"comment_status":"closed","ping_status":"closed","template":"","meta":{"site-sidebar-layout":"default","site-content-layout":"","ast-site-content-layout":"default","site-content-style":"default","site-sidebar-style":"default","ast-global-header-display":"","ast-banner-title-visibility":"","ast-main-header-display":"","ast-hfb-above-header-display":"","ast-hfb-below-header-display":"","ast-hfb-mobile-header-display":"","site-post-title":"","ast-breadcrumbs-content":"","ast-featured-img":"","footer-sml-layout":"","ast-disable-related-posts":"","theme-transparent-header-meta":"","adv-header-id-meta":"","stick-header-meta":"","header-above-stick-meta":"","header-main-stick-meta":"","header-below-stick-meta":"","astra-migrate-meta-layouts":"default","ast-page-background-enabled":"default","ast-page-background-meta":{"desktop":{"background-color":"","background-image":"","background-repeat":"repeat","background-position":"center center","background-size":"auto","background-attachment":"scroll","background-type":"","background-media":"","overlay-type":"","overlay-color":"","overlay-opacity":"","overlay-gradient":""},"tablet":{"background-color":"","background-image":"","background-repeat":"repeat","background-position":"center center","background-size":"auto","background-attachment":"scroll","background-type":"","background-media":"","overlay-type":"","overlay-color":"","overlay-opacity":"","overlay-gradient":""},"mobile":{"background-color":"","background-image":"","background-repeat":"repeat","background-position":"center center","background-size":"auto","background-attachment":"scroll","background-type":"","background-media":"","overlay-type":"","overlay-color":"","overlay-opacity":"","overlay-gradient":""}},"ast-content-background-meta":{"desktop":{"background-color":"var(--ast-global-color-5)","background-image":"","background-repeat":"repeat","background-position":"center center","background-size":"auto","background-attachment":"scroll","background-type":"","background-media":"","overlay-type":"","overlay-color":"","overlay-opacity":"","overlay-gradient":""},"tablet":{"background-color":"var(--ast-global-color-5)","background-image":"","background-repeat":"repeat","background-position":"center center","background-size":"auto","background-attachment":"scroll","background-type":"","background-media":"","overlay-type":"","overlay-color":"","overlay-opacity":"","overlay-gradient":""},"mobile":{"background-color":"var(--ast-global-color-5)","background-image":"","background-repeat":"repeat","background-position":"center center","background-size":"auto","background-attachment":"scroll","background-type":"","background-media":"","overlay-type":"","overlay-color":"","overlay-opacity":"","overlay-gradient":""}},"footnotes":""},"class_list":["post-6062","page","type-page","status-publish","hentry"],"yoast_head":"<!-- This site is optimized with the Yoast SEO plugin v27.1.1 - https:\/\/yoast.com\/product\/yoast-seo-wordpress\/ -->\n<title>Establishment of a shampoo barrier - Mycoland<\/title>\n<meta name=\"description\" content=\"It&#039;s easiest to grow champignons in a small container with edges so that the pile keeps warm and doesn&#039;t fall apart. A compost bin made of boards is also suitable, the size of which should be at least 1x1x1m.\" \/>\n<meta name=\"robots\" content=\"index, follow, max-snippet:-1, max-image-preview:large, max-video-preview:-1\" \/>\n<link rel=\"canonical\" href=\"https:\/\/mycoland.ee\/en\/establishment-of-a-shampoo-barrier\/\" \/>\n<meta property=\"og:locale\" content=\"en_US\" \/>\n<meta property=\"og:type\" content=\"article\" \/>\n<meta property=\"og:title\" content=\"Establishment of a shampoo barrier - Mycoland\" \/>\n<meta property=\"og:description\" content=\"It&#039;s easiest to grow champignons in a small container with edges so that the pile keeps warm and doesn&#039;t fall apart. A compost bin made of boards is also suitable, the size of which should be at least 1x1x1m.\" \/>\n<meta property=\"og:url\" content=\"https:\/\/mycoland.ee\/en\/establishment-of-a-shampoo-barrier\/\" \/>\n<meta property=\"og:site_name\" content=\"Mycoland\" \/>\n<meta property=\"article:modified_time\" content=\"2023-12-15T10:06:13+00:00\" \/>\n<meta property=\"og:image\" content=\"https:\/\/mycoland.ee\/wp-content\/uploads\/2022\/02\/shampinjoni-mutseel-1024x576.png\" \/>\n<meta name=\"twitter:card\" content=\"summary_large_image\" \/>\n<meta name=\"twitter:label1\" content=\"Est. reading time\" \/>\n\t<meta name=\"twitter:data1\" content=\"3 minutes\" \/>\n<script type=\"application\/ld+json\" class=\"yoast-schema-graph\">{\"@context\":\"https:\/\/schema.org\",\"@graph\":[{\"@type\":\"WebPage\",\"@id\":\"https:\/\/mycoland.ee\/en\/establishment-of-a-shampoo-barrier\/\",\"url\":\"https:\/\/mycoland.ee\/en\/establishment-of-a-shampoo-barrier\/\",\"name\":\"Establishment of a shampoo barrier - Mycoland\",\"isPartOf\":{\"@id\":\"https:\/\/www.mycoland.ee\/ru\/#website\"},\"primaryImageOfPage\":{\"@id\":\"https:\/\/mycoland.ee\/en\/establishment-of-a-shampoo-barrier\/#primaryimage\"},\"image\":{\"@id\":\"https:\/\/mycoland.ee\/en\/establishment-of-a-shampoo-barrier\/#primaryimage\"},\"thumbnailUrl\":\"https:\/\/mycoland.ee\/wp-content\/uploads\/2022\/02\/shampinjoni-mutseel-1024x576.png\",\"datePublished\":\"2023-12-15T10:06:12+00:00\",\"dateModified\":\"2023-12-15T10:06:13+00:00\",\"description\":\"It's easiest to grow champignons in a small container with edges so that the pile keeps warm and doesn't fall apart. A compost bin made of boards is also suitable, the size of which should be at least 1x1x1m.\",\"breadcrumb\":{\"@id\":\"https:\/\/mycoland.ee\/en\/establishment-of-a-shampoo-barrier\/#breadcrumb\"},\"inLanguage\":\"en-US\",\"potentialAction\":[{\"@type\":\"ReadAction\",\"target\":[\"https:\/\/mycoland.ee\/en\/establishment-of-a-shampoo-barrier\/\"]}]},{\"@type\":\"ImageObject\",\"inLanguage\":\"en-US\",\"@id\":\"https:\/\/mycoland.ee\/en\/establishment-of-a-shampoo-barrier\/#primaryimage\",\"url\":\"https:\/\/mycoland.ee\/wp-content\/uploads\/2022\/02\/shampinjoni-mutseel-1024x576.png\",\"contentUrl\":\"https:\/\/mycoland.ee\/wp-content\/uploads\/2022\/02\/shampinjoni-mutseel-1024x576.png\"},{\"@type\":\"BreadcrumbList\",\"@id\":\"https:\/\/mycoland.ee\/en\/establishment-of-a-shampoo-barrier\/#breadcrumb\",\"itemListElement\":[{\"@type\":\"ListItem\",\"position\":1,\"name\":\"Home\",\"item\":\"https:\/\/www.mycoland.ee\/en\/\"},{\"@type\":\"ListItem\",\"position\":2,\"name\":\"Establishment of a shampoo barrier\"}]},{\"@type\":\"WebSite\",\"@id\":\"https:\/\/www.mycoland.ee\/ru\/#website\",\"url\":\"https:\/\/www.mycoland.ee\/ru\/\",\"name\":\"Mycoland\",\"description\":\"Lihtne ja kasulik lahendus s\u00f6\u00f6giseente kasvatuseks!\",\"publisher\":{\"@id\":\"https:\/\/www.mycoland.ee\/ru\/#organization\"},\"potentialAction\":[{\"@type\":\"SearchAction\",\"target\":{\"@type\":\"EntryPoint\",\"urlTemplate\":\"https:\/\/www.mycoland.ee\/ru\/?s={search_term_string}\"},\"query-input\":{\"@type\":\"PropertyValueSpecification\",\"valueRequired\":true,\"valueName\":\"search_term_string\"}}],\"inLanguage\":\"en-US\"},{\"@type\":\"Organization\",\"@id\":\"https:\/\/www.mycoland.ee\/ru\/#organization\",\"name\":\"Mycoland\",\"url\":\"https:\/\/www.mycoland.ee\/ru\/\",\"logo\":{\"@type\":\"ImageObject\",\"inLanguage\":\"en-US\",\"@id\":\"https:\/\/www.mycoland.ee\/ru\/#\/schema\/logo\/image\/\",\"url\":\"https:\/\/mycoland.ee\/wp-content\/uploads\/2020\/10\/Mycoland-logo-taustata-e1602578100166.png\",\"contentUrl\":\"https:\/\/mycoland.ee\/wp-content\/uploads\/2020\/10\/Mycoland-logo-taustata-e1602578100166.png\",\"width\":300,\"height\":128,\"caption\":\"Mycoland\"},\"image\":{\"@id\":\"https:\/\/www.mycoland.ee\/ru\/#\/schema\/logo\/image\/\"}}]}<\/script>\n<!-- \/ Yoast SEO plugin. -->","yoast_head_json":{"title":"Establishment of a shampoo barrier - Mycoland","description":"It's easiest to grow champignons in a small container with edges so that the pile keeps warm and doesn't fall apart. A compost bin made of boards is also suitable, the size of which should be at least 1x1x1m.","robots":{"index":"index","follow":"follow","max-snippet":"max-snippet:-1","max-image-preview":"max-image-preview:large","max-video-preview":"max-video-preview:-1"},"canonical":"https:\/\/mycoland.ee\/en\/establishment-of-a-shampoo-barrier\/","og_locale":"en_US","og_type":"article","og_title":"Establishment of a shampoo barrier - Mycoland","og_description":"It's easiest to grow champignons in a small container with edges so that the pile keeps warm and doesn't fall apart. A compost bin made of boards is also suitable, the size of which should be at least 1x1x1m.","og_url":"https:\/\/mycoland.ee\/en\/establishment-of-a-shampoo-barrier\/","og_site_name":"Mycoland","article_modified_time":"2023-12-15T10:06:13+00:00","og_image":[{"url":"https:\/\/mycoland.ee\/wp-content\/uploads\/2022\/02\/shampinjoni-mutseel-1024x576.png","type":"","width":"","height":""}],"twitter_card":"summary_large_image","twitter_misc":{"Est. reading time":"3 minutes"},"schema":{"@context":"https:\/\/schema.org","@graph":[{"@type":"WebPage","@id":"https:\/\/mycoland.ee\/en\/establishment-of-a-shampoo-barrier\/","url":"https:\/\/mycoland.ee\/en\/establishment-of-a-shampoo-barrier\/","name":"Establishment of a shampoo barrier - Mycoland","isPartOf":{"@id":"https:\/\/www.mycoland.ee\/ru\/#website"},"primaryImageOfPage":{"@id":"https:\/\/mycoland.ee\/en\/establishment-of-a-shampoo-barrier\/#primaryimage"},"image":{"@id":"https:\/\/mycoland.ee\/en\/establishment-of-a-shampoo-barrier\/#primaryimage"},"thumbnailUrl":"https:\/\/mycoland.ee\/wp-content\/uploads\/2022\/02\/shampinjoni-mutseel-1024x576.png","datePublished":"2023-12-15T10:06:12+00:00","dateModified":"2023-12-15T10:06:13+00:00","description":"It's easiest to grow champignons in a small container with edges so that the pile keeps warm and doesn't fall apart. A compost bin made of boards is also suitable, the size of which should be at least 1x1x1m.","breadcrumb":{"@id":"https:\/\/mycoland.ee\/en\/establishment-of-a-shampoo-barrier\/#breadcrumb"},"inLanguage":"en-US","potentialAction":[{"@type":"ReadAction","target":["https:\/\/mycoland.ee\/en\/establishment-of-a-shampoo-barrier\/"]}]},{"@type":"ImageObject","inLanguage":"en-US","@id":"https:\/\/mycoland.ee\/en\/establishment-of-a-shampoo-barrier\/#primaryimage","url":"https:\/\/mycoland.ee\/wp-content\/uploads\/2022\/02\/shampinjoni-mutseel-1024x576.png","contentUrl":"https:\/\/mycoland.ee\/wp-content\/uploads\/2022\/02\/shampinjoni-mutseel-1024x576.png"},{"@type":"BreadcrumbList","@id":"https:\/\/mycoland.ee\/en\/establishment-of-a-shampoo-barrier\/#breadcrumb","itemListElement":[{"@type":"ListItem","position":1,"name":"Home","item":"https:\/\/www.mycoland.ee\/en\/"},{"@type":"ListItem","position":2,"name":"Establishment of a shampoo barrier"}]},{"@type":"WebSite","@id":"https:\/\/www.mycoland.ee\/ru\/#website","url":"https:\/\/www.mycoland.ee\/ru\/","name":"Mycoland","description":"Lihtne ja kasulik lahendus s\u00f6\u00f6giseente kasvatuseks!","publisher":{"@id":"https:\/\/www.mycoland.ee\/ru\/#organization"},"potentialAction":[{"@type":"SearchAction","target":{"@type":"EntryPoint","urlTemplate":"https:\/\/www.mycoland.ee\/ru\/?s={search_term_string}"},"query-input":{"@type":"PropertyValueSpecification","valueRequired":true,"valueName":"search_term_string"}}],"inLanguage":"en-US"},{"@type":"Organization","@id":"https:\/\/www.mycoland.ee\/ru\/#organization","name":"Mycoland","url":"https:\/\/www.mycoland.ee\/ru\/","logo":{"@type":"ImageObject","inLanguage":"en-US","@id":"https:\/\/www.mycoland.ee\/ru\/#\/schema\/logo\/image\/","url":"https:\/\/mycoland.ee\/wp-content\/uploads\/2020\/10\/Mycoland-logo-taustata-e1602578100166.png","contentUrl":"https:\/\/mycoland.ee\/wp-content\/uploads\/2020\/10\/Mycoland-logo-taustata-e1602578100166.png","width":300,"height":128,"caption":"Mycoland"},"image":{"@id":"https:\/\/www.mycoland.ee\/ru\/#\/schema\/logo\/image\/"}}]}},"_links":{"self":[{"href":"https:\/\/mycoland.ee\/en\/wp-json\/wp\/v2\/pages\/6062","targetHints":{"allow":["GET"]}}],"collection":[{"href":"https:\/\/mycoland.ee\/en\/wp-json\/wp\/v2\/pages"}],"about":[{"href":"https:\/\/mycoland.ee\/en\/wp-json\/wp\/v2\/types\/page"}],"author":[{"embeddable":true,"href":"https:\/\/mycoland.ee\/en\/wp-json\/wp\/v2\/users\/2"}],"replies":[{"embeddable":true,"href":"https:\/\/mycoland.ee\/en\/wp-json\/wp\/v2\/comments?post=6062"}],"version-history":[{"count":2,"href":"https:\/\/mycoland.ee\/en\/wp-json\/wp\/v2\/pages\/6062\/revisions"}],"predecessor-version":[{"id":6064,"href":"https:\/\/mycoland.ee\/en\/wp-json\/wp\/v2\/pages\/6062\/revisions\/6064"}],"wp:attachment":[{"href":"https:\/\/mycoland.ee\/en\/wp-json\/wp\/v2\/media?parent=6062"}],"curies":[{"name":"wp","href":"https:\/\/api.w.org\/{rel}","templated":true}]}}