{"id":6011,"date":"2023-12-15T10:03:55","date_gmt":"2023-12-15T10:03:55","guid":{"rendered":"https:\/\/mycoland.ee\/about-us\/making-mushroom-offers\/"},"modified":"2023-12-15T10:03:56","modified_gmt":"2023-12-15T10:03:56","slug":"making-mushroom-offers","status":"publish","type":"page","link":"https:\/\/mycoland.ee\/en\/about-us\/making-mushroom-offers\/","title":{"rendered":"Making mushroom offers"},"content":{"rendered":"\n<h2 class=\"wp-block-heading\">Seenepakkude tegemine<\/h2>\n\n<p>N\u00fc\u00fcd on sobiv aeg panna endale m\u00f5ned austerserviku seened l\u00e4bi kasvama, et kevadel saaks valmis seenepaku maasse kaevata ja juba kohe saaki saada. Selleks on vaja \u00fcht saega meest, \u00a0v\u00e4rsket haava puitu\u00a0ja austerserviku m\u00fctseeli ehk seeneniidistikku \ud83d\ude42<\/p>\n\n<p>V\u00f5ta v\u00e4rskelt langetatud haab, mille koor on terve. P\u00f5him\u00f5tteliselt sobivad ka \u00f5unapuu, lepp, kask jm, aga kogemus on n\u00e4idanud, et haaval kasvab austerservik k\u00f5ige paremini.<\/p>\n\n<ol class=\"wp-block-list\" type=\"1\"><li>L\u00f5ika ca 40-50 cm juppideks, mis oleks umbes 20-40 cm j\u00e4medused. L\u00f5ika \u00e4ra igalt pakult 7cm j\u00e4medune ketas. J\u00e4ta ketas alles.<\/li><li>Pane k\u00e4tte steriliseeritud kindad v\u00f5i puhasta kummikindad antiseptikuga v\u00f5i pese sooja vee ja seebiga.<\/li><li>Ava m\u00fctseelikott esmakordselt. Puista pakule \u00f5huke kiht m\u00fctseeli. 1 kilost m\u00fctseelist peaks jaguma umbes 8-10-le pakule.\u00a0<\/li><li>Pane tagasi varem \u00e4ra l\u00f5igatud ketas ning naeluta kinni. \u00c4ra naela t\u00e4pselt keskele l\u00f6\u00f6, ketas v\u00f5ib katki minna.<\/li><li>T\u00f5mba kettaservale \u00fcmber kiht toidukilet.<\/li><li>Pane seenepakk kilekotti tee n\u00f5elaga m\u00f5ned augud ning j\u00e4ta sooja kohta 1-2 kuuks l\u00e4bi kasvama. K\u00f5igi kiiremini kasvab pakk l\u00e4bi \u00fchtlasel toatemperatuuril ca 20-24 kraadi.<\/li><li>Seenepakk on valmis maasse kaevamiseks kui pakk on muutunud umbes 1\/3 kuni terves osas valgeks ning ka juba paku teisest otsast on n\u00e4ha valget m\u00fctseeli.<\/li><li>Eemalda kilekott ning kaeva seenepakk aeda p\u00e4ikese eest varjatud kohta maha. V\u00e4iksema paku saab \u201eistutada\u201c ka lillepotti. Pakk peab minema v\u00e4hemalt 2\/3 ulatuses mulla sisse, 1\/3 j\u00e4\u00e4b v\u00e4lja. Pane naelaga ots augu p\u00f5hjapoole, siis ei kuiva ketas l\u00e4bi. Vali koht, millest tihedalt m\u00f6\u00f6da k\u00e4id, sest seened tekivad ruttu ning v\u00f5ivad j\u00e4\u00e4da m\u00e4rkamata\u00a0 \ud83d\ude42<\/li><li>Kuival perioodil on pakku vaja kasta.<\/li><li>Seenepakult saab saaki 4-5 aastat, tavaliselt 2-3 korda hooajal kevadest talveni. \u00a0Aga k\u00f5ige t\u00e4htsam on saaki mitte maha magada \u00a0Seega kui kusagil looduses seeni m\u00e4rkad, mine uuri oma pakku ka\u00a0 \ud83d\ude42<\/li><li>Austerservikuid kupatama ei pea. Parimad on nad munas-jahus paneeritult ja praetult, nagu \u0161nitslid. Viivad keele alla!<\/li><\/ol>\n\n<p><\/p>\n\n<p><\/p>\n\n<div class=\"wp-block-columns is-layout-flex wp-container-core-columns-is-layout-28f84493 wp-block-columns-is-layout-flex\">\n<div class=\"wp-block-column is-layout-flow wp-block-column-is-layout-flow\" style=\"flex-basis:100%\">\n<figure class=\"wp-block-gallery has-nested-images columns-default is-cropped wp-block-gallery-1 is-layout-flex wp-block-gallery-is-layout-flex\">\n<figure class=\"wp-block-image size-large\"><img fetchpriority=\"high\" decoding=\"async\" width=\"900\" height=\"598\" data-id=\"172\" src=\"https:\/\/mycoland.ee\/wp-content\/uploads\/2020\/10\/1-Loika-ara-ketas-1.jpg\" alt=\"\" class=\"wp-image-172\" srcset=\"https:\/\/www.mycoland.ee\/wp-content\/uploads\/2020\/10\/1-Loika-ara-ketas-1.jpg 900w, https:\/\/www.mycoland.ee\/wp-content\/uploads\/2020\/10\/1-Loika-ara-ketas-1-300x199.jpg 300w, https:\/\/www.mycoland.ee\/wp-content\/uploads\/2020\/10\/1-Loika-ara-ketas-1-768x510.jpg 768w, https:\/\/www.mycoland.ee\/wp-content\/uploads\/2020\/10\/1-Loika-ara-ketas-1-600x399.jpg 600w\" sizes=\"(max-width: 900px) 100vw, 900px\" \/><figcaption>1. L\u00f5ika \u00e4ra 7cm ketas<\/figcaption><\/figure>\n\n\n\n<figure class=\"wp-block-image size-large\"><img decoding=\"async\" width=\"900\" height=\"598\" data-id=\"173\" src=\"https:\/\/mycoland.ee\/wp-content\/uploads\/2020\/10\/2-Puhasta-kindad.jpg\" alt=\"\" class=\"wp-image-173\" srcset=\"https:\/\/www.mycoland.ee\/wp-content\/uploads\/2020\/10\/2-Puhasta-kindad.jpg 900w, https:\/\/www.mycoland.ee\/wp-content\/uploads\/2020\/10\/2-Puhasta-kindad-300x199.jpg 300w, https:\/\/www.mycoland.ee\/wp-content\/uploads\/2020\/10\/2-Puhasta-kindad-768x510.jpg 768w, https:\/\/www.mycoland.ee\/wp-content\/uploads\/2020\/10\/2-Puhasta-kindad-600x399.jpg 600w\" sizes=\"(max-width: 900px) 100vw, 900px\" \/><figcaption>2. Puhasta kindad<\/figcaption><\/figure>\n\n\n\n<figure class=\"wp-block-image size-large\"><img decoding=\"async\" width=\"598\" height=\"900\" data-id=\"174\" src=\"https:\/\/mycoland.ee\/wp-content\/uploads\/2020\/10\/3-laota-mutseel-1.jpg\" alt=\"\" class=\"wp-image-174\" srcset=\"https:\/\/www.mycoland.ee\/wp-content\/uploads\/2020\/10\/3-laota-mutseel-1.jpg 598w, https:\/\/www.mycoland.ee\/wp-content\/uploads\/2020\/10\/3-laota-mutseel-1-199x300.jpg 199w\" sizes=\"(max-width: 598px) 100vw, 598px\" \/><figcaption>3. Puista \u00f5huke kiht m\u00fctseeli<\/figcaption><\/figure>\n\n\n\n<figure class=\"wp-block-image size-large\"><img loading=\"lazy\" decoding=\"async\" width=\"598\" height=\"900\" data-id=\"177\" src=\"https:\/\/mycoland.ee\/wp-content\/uploads\/2020\/10\/4-naeluta-1.jpg\" alt=\"\" class=\"wp-image-177\" srcset=\"https:\/\/www.mycoland.ee\/wp-content\/uploads\/2020\/10\/4-naeluta-1.jpg 598w, https:\/\/www.mycoland.ee\/wp-content\/uploads\/2020\/10\/4-naeluta-1-199x300.jpg 199w\" sizes=\"(max-width: 598px) 100vw, 598px\" \/><figcaption>4. Naeluta ketas tagasi<\/figcaption><\/figure>\n\n\n\n<figure class=\"wp-block-image size-large\"><img loading=\"lazy\" decoding=\"async\" width=\"900\" height=\"598\" data-id=\"178\" src=\"https:\/\/mycoland.ee\/wp-content\/uploads\/2020\/10\/5-kileriba-1.jpg\" alt=\"\" class=\"wp-image-178\" srcset=\"https:\/\/www.mycoland.ee\/wp-content\/uploads\/2020\/10\/5-kileriba-1.jpg 900w, https:\/\/www.mycoland.ee\/wp-content\/uploads\/2020\/10\/5-kileriba-1-300x199.jpg 300w, https:\/\/www.mycoland.ee\/wp-content\/uploads\/2020\/10\/5-kileriba-1-768x510.jpg 768w, https:\/\/www.mycoland.ee\/wp-content\/uploads\/2020\/10\/5-kileriba-1-600x399.jpg 600w\" sizes=\"(max-width: 900px) 100vw, 900px\" \/><figcaption>5. T\u00f5mba \u00f5huke kiht kilet \u00fcmber l\u00f5ikekoha<\/figcaption><\/figure>\n\n\n\n<figure class=\"wp-block-image size-large\"><img loading=\"lazy\" decoding=\"async\" width=\"900\" height=\"598\" data-id=\"179\" src=\"https:\/\/mycoland.ee\/wp-content\/uploads\/2020\/10\/6-Kilekotti-sooja-1.jpg\" alt=\"\" class=\"wp-image-179\" srcset=\"https:\/\/www.mycoland.ee\/wp-content\/uploads\/2020\/10\/6-Kilekotti-sooja-1.jpg 900w, https:\/\/www.mycoland.ee\/wp-content\/uploads\/2020\/10\/6-Kilekotti-sooja-1-300x199.jpg 300w, https:\/\/www.mycoland.ee\/wp-content\/uploads\/2020\/10\/6-Kilekotti-sooja-1-768x510.jpg 768w, https:\/\/www.mycoland.ee\/wp-content\/uploads\/2020\/10\/6-Kilekotti-sooja-1-600x399.jpg 600w\" sizes=\"(max-width: 900px) 100vw, 900px\" \/><figcaption>6. J\u00e4ta sooja kohta l\u00e4bikasvama<\/figcaption><\/figure>\n\n\n\n<figure class=\"wp-block-image size-large\"><img loading=\"lazy\" decoding=\"async\" width=\"1024\" height=\"768\" data-id=\"2467\" src=\"https:\/\/mycoland.ee\/wp-content\/uploads\/2022\/01\/7-vahemalt-kolmandik-valge-1024x768.jpg\" alt=\"\" class=\"wp-image-2467\" srcset=\"https:\/\/www.mycoland.ee\/wp-content\/uploads\/2022\/01\/7-vahemalt-kolmandik-valge-1024x768.jpg 1024w, https:\/\/www.mycoland.ee\/wp-content\/uploads\/2022\/01\/7-vahemalt-kolmandik-valge-300x225.jpg 300w, https:\/\/www.mycoland.ee\/wp-content\/uploads\/2022\/01\/7-vahemalt-kolmandik-valge-768x576.jpg 768w, https:\/\/www.mycoland.ee\/wp-content\/uploads\/2022\/01\/7-vahemalt-kolmandik-valge-1536x1152.jpg 1536w, https:\/\/www.mycoland.ee\/wp-content\/uploads\/2022\/01\/7-vahemalt-kolmandik-valge-2048x1536.jpg 2048w, https:\/\/www.mycoland.ee\/wp-content\/uploads\/2022\/01\/7-vahemalt-kolmandik-valge-600x450.jpg 600w\" sizes=\"(max-width: 1024px) 100vw, 1024px\" \/><figcaption>7. Seenepakk on muutunud valgeks<\/figcaption><\/figure>\n\n\n\n<figure class=\"wp-block-image size-large\"><img loading=\"lazy\" decoding=\"async\" width=\"900\" height=\"675\" data-id=\"181\" src=\"https:\/\/mycoland.ee\/wp-content\/uploads\/2020\/10\/7-kaks-kolmandikku-maasse.jpg\" alt=\"\" class=\"wp-image-181\" srcset=\"https:\/\/www.mycoland.ee\/wp-content\/uploads\/2020\/10\/7-kaks-kolmandikku-maasse.jpg 900w, https:\/\/www.mycoland.ee\/wp-content\/uploads\/2020\/10\/7-kaks-kolmandikku-maasse-300x225.jpg 300w, https:\/\/www.mycoland.ee\/wp-content\/uploads\/2020\/10\/7-kaks-kolmandikku-maasse-768x576.jpg 768w, https:\/\/www.mycoland.ee\/wp-content\/uploads\/2020\/10\/7-kaks-kolmandikku-maasse-600x450.jpg 600w\" sizes=\"(max-width: 900px) 100vw, 900px\" \/><figcaption>8a. Kaeva 2\/3 ulatuses maasse&#8230;<\/figcaption><\/figure>\n\n\n\n<figure class=\"wp-block-image size-large\"><img loading=\"lazy\" decoding=\"async\" width=\"768\" height=\"1024\" data-id=\"2479\" src=\"https:\/\/mycoland.ee\/wp-content\/uploads\/2022\/01\/20200918_175548-1-768x1024.jpg\" alt=\"\" class=\"wp-image-2479\" srcset=\"https:\/\/www.mycoland.ee\/wp-content\/uploads\/2022\/01\/20200918_175548-1-768x1024.jpg 768w, https:\/\/www.mycoland.ee\/wp-content\/uploads\/2022\/01\/20200918_175548-1-225x300.jpg 225w, https:\/\/www.mycoland.ee\/wp-content\/uploads\/2022\/01\/20200918_175548-1-1152x1536.jpg 1152w, https:\/\/www.mycoland.ee\/wp-content\/uploads\/2022\/01\/20200918_175548-1-1536x2048.jpg 1536w, https:\/\/www.mycoland.ee\/wp-content\/uploads\/2022\/01\/20200918_175548-1-600x800.jpg 600w, https:\/\/www.mycoland.ee\/wp-content\/uploads\/2022\/01\/20200918_175548-1-scaled.jpg 1920w\" sizes=\"(max-width: 768px) 100vw, 768px\" \/><figcaption> 8b. ..v\u00f5i suurde lillepotti<\/figcaption><\/figure>\n\n\n\n<figure class=\"wp-block-image size-large\"><img loading=\"lazy\" decoding=\"async\" width=\"900\" height=\"900\" data-id=\"189\" src=\"https:\/\/mycoland.ee\/wp-content\/uploads\/2020\/10\/kasta.jpg\" alt=\"\" class=\"wp-image-189\" srcset=\"https:\/\/www.mycoland.ee\/wp-content\/uploads\/2020\/10\/kasta.jpg 900w, https:\/\/www.mycoland.ee\/wp-content\/uploads\/2020\/10\/kasta-300x300.jpg 300w, https:\/\/www.mycoland.ee\/wp-content\/uploads\/2020\/10\/kasta-150x150.jpg 150w, https:\/\/www.mycoland.ee\/wp-content\/uploads\/2020\/10\/kasta-768x768.jpg 768w, https:\/\/www.mycoland.ee\/wp-content\/uploads\/2020\/10\/kasta-600x600.jpg 600w, https:\/\/www.mycoland.ee\/wp-content\/uploads\/2020\/10\/kasta-100x100.jpg 100w\" sizes=\"(max-width: 900px) 100vw, 900px\" \/><figcaption>9, Kuival perioodil kasta<\/figcaption><\/figure>\n\n\n\n<figure class=\"wp-block-image size-large\"><img loading=\"lazy\" decoding=\"async\" width=\"675\" height=\"900\" data-id=\"185\" src=\"https:\/\/mycoland.ee\/wp-content\/uploads\/2020\/10\/9-austerserviku-pakk-Erge-Jogela2.jpg\" alt=\"\" class=\"wp-image-185\" srcset=\"https:\/\/www.mycoland.ee\/wp-content\/uploads\/2020\/10\/9-austerserviku-pakk-Erge-Jogela2.jpg 675w, https:\/\/www.mycoland.ee\/wp-content\/uploads\/2020\/10\/9-austerserviku-pakk-Erge-Jogela2-225x300.jpg 225w, https:\/\/www.mycoland.ee\/wp-content\/uploads\/2020\/10\/9-austerserviku-pakk-Erge-Jogela2-600x800.jpg 600w\" sizes=\"(max-width: 675px) 100vw, 675px\" \/><figcaption>10. 4-5 aastat saaki<\/figcaption><\/figure>\n\n\n\n<figure class=\"wp-block-image size-large\"><img loading=\"lazy\" decoding=\"async\" width=\"675\" height=\"900\" data-id=\"171\" src=\"https:\/\/mycoland.ee\/wp-content\/uploads\/2020\/10\/10paneeritud_austerservikud.jpg\" alt=\"\" class=\"wp-image-171\" srcset=\"https:\/\/www.mycoland.ee\/wp-content\/uploads\/2020\/10\/10paneeritud_austerservikud.jpg 675w, https:\/\/www.mycoland.ee\/wp-content\/uploads\/2020\/10\/10paneeritud_austerservikud-225x300.jpg 225w, https:\/\/www.mycoland.ee\/wp-content\/uploads\/2020\/10\/10paneeritud_austerservikud-600x800.jpg 600w\" sizes=\"(max-width: 675px) 100vw, 675px\" \/><figcaption>11. Seeneshnitslid<\/figcaption><\/figure>\n<\/figure>\n<\/div>\n<\/div>\n","protected":false},"excerpt":{"rendered":"<p>Seenepakkude tegemine N\u00fc\u00fcd on sobiv aeg panna endale m\u00f5ned austerserviku seened l\u00e4bi kasvama, et kevadel saaks valmis seenepaku maasse kaevata ja juba kohe saaki saada. Selleks on vaja \u00fcht saega meest, \u00a0v\u00e4rsket haava puitu\u00a0ja austerserviku m\u00fctseeli ehk seeneniidistikku \ud83d\ude42 V\u00f5ta v\u00e4rskelt langetatud haab, mille koor on terve. P\u00f5him\u00f5tteliselt sobivad ka \u00f5unapuu, lepp, kask jm, aga [&hellip;]<\/p>\n","protected":false},"author":2,"featured_media":0,"parent":6002,"menu_order":0,"comment_status":"closed","ping_status":"closed","template":"","meta":{"site-sidebar-layout":"default","site-content-layout":"","ast-site-content-layout":"default","site-content-style":"default","site-sidebar-style":"default","ast-global-header-display":"","ast-banner-title-visibility":"","ast-main-header-display":"","ast-hfb-above-header-display":"","ast-hfb-below-header-display":"","ast-hfb-mobile-header-display":"","site-post-title":"","ast-breadcrumbs-content":"","ast-featured-img":"","footer-sml-layout":"","ast-disable-related-posts":"","theme-transparent-header-meta":"","adv-header-id-meta":"","stick-header-meta":"","header-above-stick-meta":"","header-main-stick-meta":"","header-below-stick-meta":"","astra-migrate-meta-layouts":"default","ast-page-background-enabled":"default","ast-page-background-meta":{"desktop":{"background-color":"","background-image":"","background-repeat":"repeat","background-position":"center center","background-size":"auto","background-attachment":"scroll","background-type":"","background-media":"","overlay-type":"","overlay-color":"","overlay-opacity":"","overlay-gradient":""},"tablet":{"background-color":"","background-image":"","background-repeat":"repeat","background-position":"center center","background-size":"auto","background-attachment":"scroll","background-type":"","background-media":"","overlay-type":"","overlay-color":"","overlay-opacity":"","overlay-gradient":""},"mobile":{"background-color":"","background-image":"","background-repeat":"repeat","background-position":"center center","background-size":"auto","background-attachment":"scroll","background-type":"","background-media":"","overlay-type":"","overlay-color":"","overlay-opacity":"","overlay-gradient":""}},"ast-content-background-meta":{"desktop":{"background-color":"var(--ast-global-color-5)","background-image":"","background-repeat":"repeat","background-position":"center center","background-size":"auto","background-attachment":"scroll","background-type":"","background-media":"","overlay-type":"","overlay-color":"","overlay-opacity":"","overlay-gradient":""},"tablet":{"background-color":"var(--ast-global-color-5)","background-image":"","background-repeat":"repeat","background-position":"center center","background-size":"auto","background-attachment":"scroll","background-type":"","background-media":"","overlay-type":"","overlay-color":"","overlay-opacity":"","overlay-gradient":""},"mobile":{"background-color":"var(--ast-global-color-5)","background-image":"","background-repeat":"repeat","background-position":"center center","background-size":"auto","background-attachment":"scroll","background-type":"","background-media":"","overlay-type":"","overlay-color":"","overlay-opacity":"","overlay-gradient":""}},"footnotes":""},"class_list":["post-6011","page","type-page","status-publish","hentry"],"yoast_head":"<!-- This site is optimized with the Yoast SEO plugin v27.1.1 - https:\/\/yoast.com\/product\/yoast-seo-wordpress\/ -->\n<title>Making mushroom offers - Mycoland<\/title>\n<meta name=\"description\" content=\"Making oyster mushroom spawn. From 1 kg of oyster mushroom mycelium, you can make 10 mushroom packs at home and harvest the mushrooms for 4-5 years.\" \/>\n<meta name=\"robots\" content=\"index, follow, max-snippet:-1, max-image-preview:large, max-video-preview:-1\" \/>\n<link rel=\"canonical\" href=\"https:\/\/mycoland.ee\/en\/about-us\/making-mushroom-offers\/\" \/>\n<meta property=\"og:locale\" content=\"en_US\" \/>\n<meta property=\"og:type\" content=\"article\" \/>\n<meta property=\"og:title\" content=\"Making mushroom offers - Mycoland\" \/>\n<meta property=\"og:description\" content=\"Making oyster mushroom spawn. From 1 kg of oyster mushroom mycelium, you can make 10 mushroom packs at home and harvest the mushrooms for 4-5 years.\" \/>\n<meta property=\"og:url\" content=\"https:\/\/mycoland.ee\/en\/about-us\/making-mushroom-offers\/\" \/>\n<meta property=\"og:site_name\" content=\"Mycoland\" \/>\n<meta property=\"article:modified_time\" content=\"2023-12-15T10:03:56+00:00\" \/>\n<meta property=\"og:image\" content=\"https:\/\/mycoland.ee\/wp-content\/uploads\/2020\/10\/1-Loika-ara-ketas-1.jpg\" \/>\n<meta name=\"twitter:card\" content=\"summary_large_image\" \/>\n<meta name=\"twitter:label1\" content=\"Est. reading time\" \/>\n\t<meta name=\"twitter:data1\" content=\"2 minutes\" \/>\n<script type=\"application\/ld+json\" class=\"yoast-schema-graph\">{\"@context\":\"https:\/\/schema.org\",\"@graph\":[{\"@type\":\"WebPage\",\"@id\":\"https:\/\/mycoland.ee\/en\/about-us\/making-mushroom-offers\/\",\"url\":\"https:\/\/mycoland.ee\/en\/about-us\/making-mushroom-offers\/\",\"name\":\"Making mushroom offers - Mycoland\",\"isPartOf\":{\"@id\":\"https:\/\/mycoland.ee\/en\/#website\"},\"primaryImageOfPage\":{\"@id\":\"https:\/\/mycoland.ee\/en\/about-us\/making-mushroom-offers\/#primaryimage\"},\"image\":{\"@id\":\"https:\/\/mycoland.ee\/en\/about-us\/making-mushroom-offers\/#primaryimage\"},\"thumbnailUrl\":\"https:\/\/mycoland.ee\/wp-content\/uploads\/2020\/10\/1-Loika-ara-ketas-1.jpg\",\"datePublished\":\"2023-12-15T10:03:55+00:00\",\"dateModified\":\"2023-12-15T10:03:56+00:00\",\"description\":\"Making oyster mushroom spawn. From 1 kg of oyster mushroom mycelium, you can make 10 mushroom packs at home and harvest the mushrooms for 4-5 years.\",\"breadcrumb\":{\"@id\":\"https:\/\/mycoland.ee\/en\/about-us\/making-mushroom-offers\/#breadcrumb\"},\"inLanguage\":\"en-US\",\"potentialAction\":[{\"@type\":\"ReadAction\",\"target\":[\"https:\/\/mycoland.ee\/en\/about-us\/making-mushroom-offers\/\"]}]},{\"@type\":\"ImageObject\",\"inLanguage\":\"en-US\",\"@id\":\"https:\/\/mycoland.ee\/en\/about-us\/making-mushroom-offers\/#primaryimage\",\"url\":\"https:\/\/mycoland.ee\/wp-content\/uploads\/2020\/10\/1-Loika-ara-ketas-1.jpg\",\"contentUrl\":\"https:\/\/mycoland.ee\/wp-content\/uploads\/2020\/10\/1-Loika-ara-ketas-1.jpg\"},{\"@type\":\"BreadcrumbList\",\"@id\":\"https:\/\/mycoland.ee\/en\/about-us\/making-mushroom-offers\/#breadcrumb\",\"itemListElement\":[{\"@type\":\"ListItem\",\"position\":1,\"name\":\"Home\",\"item\":\"https:\/\/mycoland.ee\/en\/\"},{\"@type\":\"ListItem\",\"position\":2,\"name\":\"About us\",\"item\":\"https:\/\/www.mycoland.ee\/en\/about-us\/\"},{\"@type\":\"ListItem\",\"position\":3,\"name\":\"Making mushroom offers\"}]},{\"@type\":\"WebSite\",\"@id\":\"https:\/\/mycoland.ee\/en\/#website\",\"url\":\"https:\/\/mycoland.ee\/en\/\",\"name\":\"Mycoland\",\"description\":\"Lihtne ja kasulik lahendus s\u00f6\u00f6giseente kasvatuseks!\",\"publisher\":{\"@id\":\"https:\/\/mycoland.ee\/en\/#organization\"},\"potentialAction\":[{\"@type\":\"SearchAction\",\"target\":{\"@type\":\"EntryPoint\",\"urlTemplate\":\"https:\/\/mycoland.ee\/en\/?s={search_term_string}\"},\"query-input\":{\"@type\":\"PropertyValueSpecification\",\"valueRequired\":true,\"valueName\":\"search_term_string\"}}],\"inLanguage\":\"en-US\"},{\"@type\":\"Organization\",\"@id\":\"https:\/\/mycoland.ee\/en\/#organization\",\"name\":\"Mycoland\",\"url\":\"https:\/\/mycoland.ee\/en\/\",\"logo\":{\"@type\":\"ImageObject\",\"inLanguage\":\"en-US\",\"@id\":\"https:\/\/mycoland.ee\/en\/#\/schema\/logo\/image\/\",\"url\":\"https:\/\/www.mycoland.ee\/wp-content\/uploads\/2020\/10\/Mycoland-logo-taustata-e1602578100166.png\",\"contentUrl\":\"https:\/\/www.mycoland.ee\/wp-content\/uploads\/2020\/10\/Mycoland-logo-taustata-e1602578100166.png\",\"width\":300,\"height\":128,\"caption\":\"Mycoland\"},\"image\":{\"@id\":\"https:\/\/mycoland.ee\/en\/#\/schema\/logo\/image\/\"}}]}<\/script>\n<!-- \/ Yoast SEO plugin. -->","yoast_head_json":{"title":"Making mushroom offers - Mycoland","description":"Making oyster mushroom spawn. From 1 kg of oyster mushroom mycelium, you can make 10 mushroom packs at home and harvest the mushrooms for 4-5 years.","robots":{"index":"index","follow":"follow","max-snippet":"max-snippet:-1","max-image-preview":"max-image-preview:large","max-video-preview":"max-video-preview:-1"},"canonical":"https:\/\/mycoland.ee\/en\/about-us\/making-mushroom-offers\/","og_locale":"en_US","og_type":"article","og_title":"Making mushroom offers - Mycoland","og_description":"Making oyster mushroom spawn. From 1 kg of oyster mushroom mycelium, you can make 10 mushroom packs at home and harvest the mushrooms for 4-5 years.","og_url":"https:\/\/mycoland.ee\/en\/about-us\/making-mushroom-offers\/","og_site_name":"Mycoland","article_modified_time":"2023-12-15T10:03:56+00:00","og_image":[{"url":"https:\/\/mycoland.ee\/wp-content\/uploads\/2020\/10\/1-Loika-ara-ketas-1.jpg","type":"","width":"","height":""}],"twitter_card":"summary_large_image","twitter_misc":{"Est. reading time":"2 minutes"},"schema":{"@context":"https:\/\/schema.org","@graph":[{"@type":"WebPage","@id":"https:\/\/mycoland.ee\/en\/about-us\/making-mushroom-offers\/","url":"https:\/\/mycoland.ee\/en\/about-us\/making-mushroom-offers\/","name":"Making mushroom offers - Mycoland","isPartOf":{"@id":"https:\/\/mycoland.ee\/en\/#website"},"primaryImageOfPage":{"@id":"https:\/\/mycoland.ee\/en\/about-us\/making-mushroom-offers\/#primaryimage"},"image":{"@id":"https:\/\/mycoland.ee\/en\/about-us\/making-mushroom-offers\/#primaryimage"},"thumbnailUrl":"https:\/\/mycoland.ee\/wp-content\/uploads\/2020\/10\/1-Loika-ara-ketas-1.jpg","datePublished":"2023-12-15T10:03:55+00:00","dateModified":"2023-12-15T10:03:56+00:00","description":"Making oyster mushroom spawn. From 1 kg of oyster mushroom mycelium, you can make 10 mushroom packs at home and harvest the mushrooms for 4-5 years.","breadcrumb":{"@id":"https:\/\/mycoland.ee\/en\/about-us\/making-mushroom-offers\/#breadcrumb"},"inLanguage":"en-US","potentialAction":[{"@type":"ReadAction","target":["https:\/\/mycoland.ee\/en\/about-us\/making-mushroom-offers\/"]}]},{"@type":"ImageObject","inLanguage":"en-US","@id":"https:\/\/mycoland.ee\/en\/about-us\/making-mushroom-offers\/#primaryimage","url":"https:\/\/mycoland.ee\/wp-content\/uploads\/2020\/10\/1-Loika-ara-ketas-1.jpg","contentUrl":"https:\/\/mycoland.ee\/wp-content\/uploads\/2020\/10\/1-Loika-ara-ketas-1.jpg"},{"@type":"BreadcrumbList","@id":"https:\/\/mycoland.ee\/en\/about-us\/making-mushroom-offers\/#breadcrumb","itemListElement":[{"@type":"ListItem","position":1,"name":"Home","item":"https:\/\/mycoland.ee\/en\/"},{"@type":"ListItem","position":2,"name":"About us","item":"https:\/\/www.mycoland.ee\/en\/about-us\/"},{"@type":"ListItem","position":3,"name":"Making mushroom offers"}]},{"@type":"WebSite","@id":"https:\/\/mycoland.ee\/en\/#website","url":"https:\/\/mycoland.ee\/en\/","name":"Mycoland","description":"Lihtne ja kasulik lahendus s\u00f6\u00f6giseente kasvatuseks!","publisher":{"@id":"https:\/\/mycoland.ee\/en\/#organization"},"potentialAction":[{"@type":"SearchAction","target":{"@type":"EntryPoint","urlTemplate":"https:\/\/mycoland.ee\/en\/?s={search_term_string}"},"query-input":{"@type":"PropertyValueSpecification","valueRequired":true,"valueName":"search_term_string"}}],"inLanguage":"en-US"},{"@type":"Organization","@id":"https:\/\/mycoland.ee\/en\/#organization","name":"Mycoland","url":"https:\/\/mycoland.ee\/en\/","logo":{"@type":"ImageObject","inLanguage":"en-US","@id":"https:\/\/mycoland.ee\/en\/#\/schema\/logo\/image\/","url":"https:\/\/www.mycoland.ee\/wp-content\/uploads\/2020\/10\/Mycoland-logo-taustata-e1602578100166.png","contentUrl":"https:\/\/www.mycoland.ee\/wp-content\/uploads\/2020\/10\/Mycoland-logo-taustata-e1602578100166.png","width":300,"height":128,"caption":"Mycoland"},"image":{"@id":"https:\/\/mycoland.ee\/en\/#\/schema\/logo\/image\/"}}]}},"_links":{"self":[{"href":"https:\/\/mycoland.ee\/en\/wp-json\/wp\/v2\/pages\/6011","targetHints":{"allow":["GET"]}}],"collection":[{"href":"https:\/\/mycoland.ee\/en\/wp-json\/wp\/v2\/pages"}],"about":[{"href":"https:\/\/mycoland.ee\/en\/wp-json\/wp\/v2\/types\/page"}],"author":[{"embeddable":true,"href":"https:\/\/mycoland.ee\/en\/wp-json\/wp\/v2\/users\/2"}],"replies":[{"embeddable":true,"href":"https:\/\/mycoland.ee\/en\/wp-json\/wp\/v2\/comments?post=6011"}],"version-history":[{"count":2,"href":"https:\/\/mycoland.ee\/en\/wp-json\/wp\/v2\/pages\/6011\/revisions"}],"predecessor-version":[{"id":6013,"href":"https:\/\/mycoland.ee\/en\/wp-json\/wp\/v2\/pages\/6011\/revisions\/6013"}],"up":[{"embeddable":true,"href":"https:\/\/mycoland.ee\/en\/wp-json\/wp\/v2\/pages\/6002"}],"wp:attachment":[{"href":"https:\/\/mycoland.ee\/en\/wp-json\/wp\/v2\/media?parent=6011"}],"curies":[{"name":"wp","href":"https:\/\/api.w.org\/{rel}","templated":true}]}}