{"id":6003,"date":"2023-12-15T10:03:54","date_gmt":"2023-12-15T10:03:54","guid":{"rendered":"https:\/\/mycoland.ee\/conditions-of-sale\/"},"modified":"2023-12-15T10:03:54","modified_gmt":"2023-12-15T10:03:54","slug":"conditions-of-sale","status":"publish","type":"page","link":"https:\/\/mycoland.ee\/en\/conditions-of-sale\/","title":{"rendered":"Conditions of sale"},"content":{"rendered":"\n<p>Mycoland.ee veebilehe m\u00fc\u00fcgitingimused.\u00a0Veebilehe mycoland.ee (edaspidi Veebipood) omanik on Mycoland O\u00dc (registrikood 16127346).<\/p>\n\n<p><strong>M\u00fc\u00fcgilepingu kehtivus, kauba- ja hinnainfo<\/strong><\/p>\n\n<p>M\u00fc\u00fcgitingimused kehtivad Veebipoest kaupade ostmisel.<\/p>\n\n<p>Veebipoes m\u00fc\u00fcdavate toodete hinnad on m\u00e4rgitud toodete juurde. Hinnad sisaldavad k\u00e4ibemaksu. Hinnale lisandub tasu kauba k\u00e4ttetoimetamise eest. Kauba k\u00e4ttetoimetamise tasu s\u00f5ltub ostja asukohast ning kaubast. K\u00e4ttetoimetamise tasu kuvatakse ostjale tellimuse vormistamisel.<\/p>\n\n<p>Teave kauba kohta on esitatud Veebipoes vahetult kauba juures.<\/p>\n\n<p><strong>Tellimuse vormistamine<\/strong><\/p>\n\n<p>Kauba tellimiseks tuleb lisada soovitud tooted ostukorvi. Tellimuse vormistamiseks tuleb t\u00e4ita n\u00f5utud andmev\u00e4ljad ning valida sobiv toodete kohaletoimetamise viis. Seej\u00e4rel kuvatakse ekraanile tasu suurus, mille saab tasuda pangalingi kaudu. Makseid v\u00f5etakse vastu eurodes.<\/p>\n\n<p>Ettetellimisel kaubad tuleb osta eraldi laos olevatest toodetest, kuna saadetakse v\u00e4lja eraldi. Lisandub teine postikulu. <\/p>\n\n<p>Leping j\u00f5ustub alates tasumisele kuuluva summa laekumisest Veebipoe arvelduskontole.<\/p>\n\n<p>Kui tellitud kaupa ei ole v\u00f5imalik tarnida seoses kauba l\u00f5ppemisega v\u00f5i muul p\u00f5hjusel, teavitatakse sellest ostjat esimesel v\u00f5imalusel ning tagastatakse tasutud raha v\u00f5i asendatakse teise kaubaga kokkuleppel ostjaga viivitamata, kuid mitte hiljem kui 14 p\u00e4eva jooksul teate saatmisest.<\/p>\n\n<p><strong>Kohaletoimetamine<\/strong><\/p>\n\n<p>Kaupu saadetakse j\u00e4rgmistesse riikidesse: Eesti, Soome.<\/p>\n\n<p>Kauba saatmiskulud kannab ostja ning vastav hinnainfo on kuvatud saatmisviisi juures.<\/p>\n\n<p>Saadetised pannakse teele 5 t\u00f6\u00f6p\u00e4eva jooksul alates m\u00fc\u00fcgilepingu j\u00f5ustumist. Ettetellimisel kaubad pannakse teele 7 t\u00f6\u00f6p\u00e4eva jooksul alates kauba laekumisest e-poes vastava kauba juures olevast kuup\u00e4evast.<\/p>\n\n<p><strong>Taganemis\u00f5igus<\/strong><\/p>\n\n<p>P\u00e4rast tellimuse k\u00e4ttesaamist on ostjal \u00f5igus Veebipoes s\u00f5lmitud lepingust taganeda 14 p\u00e4eva jooksul.<\/p>\n\n<p>Taganemis\u00f5igus <strong>kohaldub<\/strong>:<\/p>\n\n<ul class=\"wp-block-list\"><li>Originaalpakendis rikkumata kaubale<\/li><\/ul>\n\n<p>Taganemis\u00f5igus <strong>ei kohaldu<\/strong>:<\/p>\n\n<ul class=\"wp-block-list\"><li>seenem\u00fctseelile, kui kiiresti riknevale kaubale<\/li><li>kui ostjaks on juriidiline isik<\/li><\/ul>\n\n<p>Kauba tagastamiseks tuleb esitada kauba ostmisest taganemise vabas vormis avaldus, see e-posti aadressile info@mycoland hiljemalt 14 p\u00e4eva jooksul kauba k\u00e4ttesaamisest. Kauba tagastamise kulud kannab ostja, v\u00e4lja arvatud juhul, kui tagastamise p\u00f5hjus seisneb asjaolus, et tagastamisele kuuluv asi ei vasta tellitule (nt vale v\u00f5i defektiga asi).<\/p>\n\n<p>Ostja peab kauba tagastama avalduse esitamisele j\u00e4rgneva 14 p\u00e4eva jooksul v\u00f5i esitama t\u00f5endi, et ta on eelnimetatud perioodi jooksul kauba \u00fcle andnud kauba vedajale. Veebipood tagastab tagastatava kauba k\u00e4ttesaamisel ostjale viivitamata, kuid mitte hiljem kui 14 p\u00e4eva m\u00f6\u00f6dumisel arvates taganemisavalduse saamisest, k\u00f5ik ostjalt lepingu alusel saadud tasud.<\/p>\n\n<p><strong>Pretensiooni esitamine<\/strong><\/p>\n\n<p>Vale v\u00f5i defektiga kauba saatmisel palume pretensioon esitada 14 p\u00e4eva jooksul\u00a0info@mycoland.ee. Pretensioon kehtib koos ostuarvega.<\/p>\n\n<p><strong>Ohutus<\/strong><\/p>\n\n<p>Tarbija peab olema teadlik, et seened v\u00f5ivad m\u00f5nel juhul tekitada allergiat v\u00f5i seedimisraskusi. Seenepakul v\u00f5i m\u00fctseelil v\u00f5ivad kasvama hakata ka mittes\u00f6\u00f6davad seened. Tarbija peab olema enne seente tarbimist kindel, et tarbitakse ostetud seeneniidistikust kasvanud seeni. Tundmatute seente tarbimise eest Veebipood ei vastuta. Kahtluse korral on helistada +372 55615363 v\u00f5i kirjutada <a href=\"mailto:info@mycoland.ee\"><u>info@mycoland.ee<\/u><\/a>.<\/p>\n\n<p><strong>Otseturustus ja isikuandmete t\u00f6\u00f6tlemine<\/strong><\/p>\n\n<p>Veebipood kasutab ostja poolt sisestatud isikuandmeid (sh nimi, telefoninumber, aadress, e-maili aadress, pangarekvisiidid) ainult tellimuse t\u00f6\u00f6tlemiseks ning kauba ostjale saatmiseks. Veebipood edastab isikuandmeid veoteenust pakkuvale ettev\u00f5tetele selleks, et kohale toimetada kaupa.<\/p>\n\n<p>Veebipood saadab ostjale uudiskirju ning pakkumisi ostja e-maili aadressile ainult juhul, kui ostja on selleks avaldanud soovi sisestades veebilehel e-kirja aadressi ning andnud teada oma soovist otsepostituse teadete saamiseks.<\/p>\n\n<p>Ostjal on igal ajal v\u00f5imalik loobuda e-postile saadetavatest pakkumistest ja uudiskirjadest andes sellest meile teada e-kirja teel v\u00f5i j\u00e4rgides pakkumisi sisaldava e-kirjas toodud juhiseid.<\/p>\n\n<p><strong>Vaidluste lahendamine<\/strong><\/p>\n\n<p>Kui ostjal on Veebipoe osas pretensioone, tuleb need saata e-kirja aadressile info@mycoland.ee v\u00f5i helistada telefonil: +372 55615363.<\/p>\n\n<p>Kui ostja ja Veebipood ei suuda lahenda vaidlust kokkuleppe teel, siis on ostjal v\u00f5imalik p\u00f6\u00f6rduda Tarbijavaidluste komisjoni poole. Tarbijavaidluste komisjoni p\u00e4devuses on lahendada ostja ja Veebipoe vahel s\u00f5lmitud lepingust tulenevaid vaidlusi. Ostja kaebuse l\u00e4bivaatamine komisjonis on tasuta.<\/p>\n\n<p>Ostja v\u00f5ib p\u00f6\u00f6rduda Euroopa Liidu tarbijavaidlusi lahendava platvormi poole.<\/p>\n","protected":false},"excerpt":{"rendered":"<p>Mycoland.ee veebilehe m\u00fc\u00fcgitingimused.\u00a0Veebilehe mycoland.ee (edaspidi Veebipood) omanik on Mycoland O\u00dc (registrikood 16127346). M\u00fc\u00fcgilepingu kehtivus, kauba- ja hinnainfo M\u00fc\u00fcgitingimused kehtivad Veebipoest kaupade ostmisel. Veebipoes m\u00fc\u00fcdavate toodete hinnad on m\u00e4rgitud toodete juurde. Hinnad sisaldavad k\u00e4ibemaksu. Hinnale lisandub tasu kauba k\u00e4ttetoimetamise eest. Kauba k\u00e4ttetoimetamise tasu s\u00f5ltub ostja asukohast ning kaubast. K\u00e4ttetoimetamise tasu kuvatakse ostjale tellimuse vormistamisel. Teave kauba [&hellip;]<\/p>\n","protected":false},"author":2,"featured_media":0,"parent":0,"menu_order":0,"comment_status":"closed","ping_status":"closed","template":"","meta":{"site-sidebar-layout":"default","site-content-layout":"","ast-site-content-layout":"default","site-content-style":"default","site-sidebar-style":"default","ast-global-header-display":"","ast-banner-title-visibility":"","ast-main-header-display":"","ast-hfb-above-header-display":"","ast-hfb-below-header-display":"","ast-hfb-mobile-header-display":"","site-post-title":"","ast-breadcrumbs-content":"","ast-featured-img":"","footer-sml-layout":"","ast-disable-related-posts":"","theme-transparent-header-meta":"","adv-header-id-meta":"","stick-header-meta":"","header-above-stick-meta":"","header-main-stick-meta":"","header-below-stick-meta":"","astra-migrate-meta-layouts":"default","ast-page-background-enabled":"default","ast-page-background-meta":{"desktop":{"background-color":"","background-image":"","background-repeat":"repeat","background-position":"center center","background-size":"auto","background-attachment":"scroll","background-type":"","background-media":"","overlay-type":"","overlay-color":"","overlay-opacity":"","overlay-gradient":""},"tablet":{"background-color":"","background-image":"","background-repeat":"repeat","background-position":"center center","background-size":"auto","background-attachment":"scroll","background-type":"","background-media":"","overlay-type":"","overlay-color":"","overlay-opacity":"","overlay-gradient":""},"mobile":{"background-color":"","background-image":"","background-repeat":"repeat","background-position":"center center","background-size":"auto","background-attachment":"scroll","background-type":"","background-media":"","overlay-type":"","overlay-color":"","overlay-opacity":"","overlay-gradient":""}},"ast-content-background-meta":{"desktop":{"background-color":"var(--ast-global-color-5)","background-image":"","background-repeat":"repeat","background-position":"center center","background-size":"auto","background-attachment":"scroll","background-type":"","background-media":"","overlay-type":"","overlay-color":"","overlay-opacity":"","overlay-gradient":""},"tablet":{"background-color":"var(--ast-global-color-5)","background-image":"","background-repeat":"repeat","background-position":"center center","background-size":"auto","background-attachment":"scroll","background-type":"","background-media":"","overlay-type":"","overlay-color":"","overlay-opacity":"","overlay-gradient":""},"mobile":{"background-color":"var(--ast-global-color-5)","background-image":"","background-repeat":"repeat","background-position":"center center","background-size":"auto","background-attachment":"scroll","background-type":"","background-media":"","overlay-type":"","overlay-color":"","overlay-opacity":"","overlay-gradient":""}},"footnotes":""},"class_list":["post-6003","page","type-page","status-publish","hentry"],"yoast_head":"<!-- This site is optimized with the Yoast SEO plugin v27.1.1 - https:\/\/yoast.com\/product\/yoast-seo-wordpress\/ -->\n<title>Conditions of sale - Mycoland<\/title>\n<meta name=\"robots\" content=\"index, follow, max-snippet:-1, max-image-preview:large, max-video-preview:-1\" \/>\n<link rel=\"canonical\" href=\"https:\/\/mycoland.ee\/en\/conditions-of-sale\/\" \/>\n<meta property=\"og:locale\" content=\"en_US\" \/>\n<meta property=\"og:type\" content=\"article\" \/>\n<meta property=\"og:title\" content=\"Conditions of sale - Mycoland\" \/>\n<meta property=\"og:description\" content=\"Mycoland.ee veebilehe m\u00fc\u00fcgitingimused.\u00a0Veebilehe mycoland.ee (edaspidi Veebipood) omanik on Mycoland O\u00dc (registrikood 16127346). M\u00fc\u00fcgilepingu kehtivus, kauba- ja hinnainfo M\u00fc\u00fcgitingimused kehtivad Veebipoest kaupade ostmisel. Veebipoes m\u00fc\u00fcdavate toodete hinnad on m\u00e4rgitud toodete juurde. Hinnad sisaldavad k\u00e4ibemaksu. Hinnale lisandub tasu kauba k\u00e4ttetoimetamise eest. Kauba k\u00e4ttetoimetamise tasu s\u00f5ltub ostja asukohast ning kaubast. K\u00e4ttetoimetamise tasu kuvatakse ostjale tellimuse vormistamisel. Teave kauba [&hellip;]\" \/>\n<meta property=\"og:url\" content=\"https:\/\/mycoland.ee\/en\/conditions-of-sale\/\" \/>\n<meta property=\"og:site_name\" content=\"Mycoland\" \/>\n<meta name=\"twitter:card\" content=\"summary_large_image\" \/>\n<meta name=\"twitter:label1\" content=\"Est. reading time\" \/>\n\t<meta name=\"twitter:data1\" content=\"3 minutes\" \/>\n<script type=\"application\/ld+json\" class=\"yoast-schema-graph\">{\"@context\":\"https:\/\/schema.org\",\"@graph\":[{\"@type\":\"WebPage\",\"@id\":\"https:\/\/mycoland.ee\/en\/conditions-of-sale\/\",\"url\":\"https:\/\/mycoland.ee\/en\/conditions-of-sale\/\",\"name\":\"Conditions of sale - Mycoland\",\"isPartOf\":{\"@id\":\"https:\/\/mycoland.ee\/en\/#website\"},\"datePublished\":\"2023-12-15T10:03:54+00:00\",\"breadcrumb\":{\"@id\":\"https:\/\/mycoland.ee\/en\/conditions-of-sale\/#breadcrumb\"},\"inLanguage\":\"en-US\",\"potentialAction\":[{\"@type\":\"ReadAction\",\"target\":[\"https:\/\/mycoland.ee\/en\/conditions-of-sale\/\"]}]},{\"@type\":\"BreadcrumbList\",\"@id\":\"https:\/\/mycoland.ee\/en\/conditions-of-sale\/#breadcrumb\",\"itemListElement\":[{\"@type\":\"ListItem\",\"position\":1,\"name\":\"Home\",\"item\":\"https:\/\/mycoland.ee\/en\/\"},{\"@type\":\"ListItem\",\"position\":2,\"name\":\"Conditions of sale\"}]},{\"@type\":\"WebSite\",\"@id\":\"https:\/\/mycoland.ee\/en\/#website\",\"url\":\"https:\/\/mycoland.ee\/en\/\",\"name\":\"Mycoland\",\"description\":\"Lihtne ja kasulik lahendus s\u00f6\u00f6giseente kasvatuseks!\",\"publisher\":{\"@id\":\"https:\/\/mycoland.ee\/en\/#organization\"},\"potentialAction\":[{\"@type\":\"SearchAction\",\"target\":{\"@type\":\"EntryPoint\",\"urlTemplate\":\"https:\/\/mycoland.ee\/en\/?s={search_term_string}\"},\"query-input\":{\"@type\":\"PropertyValueSpecification\",\"valueRequired\":true,\"valueName\":\"search_term_string\"}}],\"inLanguage\":\"en-US\"},{\"@type\":\"Organization\",\"@id\":\"https:\/\/mycoland.ee\/en\/#organization\",\"name\":\"Mycoland\",\"url\":\"https:\/\/mycoland.ee\/en\/\",\"logo\":{\"@type\":\"ImageObject\",\"inLanguage\":\"en-US\",\"@id\":\"https:\/\/mycoland.ee\/en\/#\/schema\/logo\/image\/\",\"url\":\"https:\/\/www.mycoland.ee\/wp-content\/uploads\/2020\/10\/Mycoland-logo-taustata-e1602578100166.png\",\"contentUrl\":\"https:\/\/www.mycoland.ee\/wp-content\/uploads\/2020\/10\/Mycoland-logo-taustata-e1602578100166.png\",\"width\":300,\"height\":128,\"caption\":\"Mycoland\"},\"image\":{\"@id\":\"https:\/\/mycoland.ee\/en\/#\/schema\/logo\/image\/\"}}]}<\/script>\n<!-- \/ Yoast SEO plugin. -->","yoast_head_json":{"title":"Conditions of sale - Mycoland","robots":{"index":"index","follow":"follow","max-snippet":"max-snippet:-1","max-image-preview":"max-image-preview:large","max-video-preview":"max-video-preview:-1"},"canonical":"https:\/\/mycoland.ee\/en\/conditions-of-sale\/","og_locale":"en_US","og_type":"article","og_title":"Conditions of sale - Mycoland","og_description":"Mycoland.ee veebilehe m\u00fc\u00fcgitingimused.\u00a0Veebilehe mycoland.ee (edaspidi Veebipood) omanik on Mycoland O\u00dc (registrikood 16127346). M\u00fc\u00fcgilepingu kehtivus, kauba- ja hinnainfo M\u00fc\u00fcgitingimused kehtivad Veebipoest kaupade ostmisel. Veebipoes m\u00fc\u00fcdavate toodete hinnad on m\u00e4rgitud toodete juurde. Hinnad sisaldavad k\u00e4ibemaksu. Hinnale lisandub tasu kauba k\u00e4ttetoimetamise eest. Kauba k\u00e4ttetoimetamise tasu s\u00f5ltub ostja asukohast ning kaubast. K\u00e4ttetoimetamise tasu kuvatakse ostjale tellimuse vormistamisel. Teave kauba [&hellip;]","og_url":"https:\/\/mycoland.ee\/en\/conditions-of-sale\/","og_site_name":"Mycoland","twitter_card":"summary_large_image","twitter_misc":{"Est. reading time":"3 minutes"},"schema":{"@context":"https:\/\/schema.org","@graph":[{"@type":"WebPage","@id":"https:\/\/mycoland.ee\/en\/conditions-of-sale\/","url":"https:\/\/mycoland.ee\/en\/conditions-of-sale\/","name":"Conditions of sale - Mycoland","isPartOf":{"@id":"https:\/\/mycoland.ee\/en\/#website"},"datePublished":"2023-12-15T10:03:54+00:00","breadcrumb":{"@id":"https:\/\/mycoland.ee\/en\/conditions-of-sale\/#breadcrumb"},"inLanguage":"en-US","potentialAction":[{"@type":"ReadAction","target":["https:\/\/mycoland.ee\/en\/conditions-of-sale\/"]}]},{"@type":"BreadcrumbList","@id":"https:\/\/mycoland.ee\/en\/conditions-of-sale\/#breadcrumb","itemListElement":[{"@type":"ListItem","position":1,"name":"Home","item":"https:\/\/mycoland.ee\/en\/"},{"@type":"ListItem","position":2,"name":"Conditions of sale"}]},{"@type":"WebSite","@id":"https:\/\/mycoland.ee\/en\/#website","url":"https:\/\/mycoland.ee\/en\/","name":"Mycoland","description":"Lihtne ja kasulik lahendus s\u00f6\u00f6giseente kasvatuseks!","publisher":{"@id":"https:\/\/mycoland.ee\/en\/#organization"},"potentialAction":[{"@type":"SearchAction","target":{"@type":"EntryPoint","urlTemplate":"https:\/\/mycoland.ee\/en\/?s={search_term_string}"},"query-input":{"@type":"PropertyValueSpecification","valueRequired":true,"valueName":"search_term_string"}}],"inLanguage":"en-US"},{"@type":"Organization","@id":"https:\/\/mycoland.ee\/en\/#organization","name":"Mycoland","url":"https:\/\/mycoland.ee\/en\/","logo":{"@type":"ImageObject","inLanguage":"en-US","@id":"https:\/\/mycoland.ee\/en\/#\/schema\/logo\/image\/","url":"https:\/\/www.mycoland.ee\/wp-content\/uploads\/2020\/10\/Mycoland-logo-taustata-e1602578100166.png","contentUrl":"https:\/\/www.mycoland.ee\/wp-content\/uploads\/2020\/10\/Mycoland-logo-taustata-e1602578100166.png","width":300,"height":128,"caption":"Mycoland"},"image":{"@id":"https:\/\/mycoland.ee\/en\/#\/schema\/logo\/image\/"}}]}},"_links":{"self":[{"href":"https:\/\/mycoland.ee\/en\/wp-json\/wp\/v2\/pages\/6003","targetHints":{"allow":["GET"]}}],"collection":[{"href":"https:\/\/mycoland.ee\/en\/wp-json\/wp\/v2\/pages"}],"about":[{"href":"https:\/\/mycoland.ee\/en\/wp-json\/wp\/v2\/types\/page"}],"author":[{"embeddable":true,"href":"https:\/\/mycoland.ee\/en\/wp-json\/wp\/v2\/users\/2"}],"replies":[{"embeddable":true,"href":"https:\/\/mycoland.ee\/en\/wp-json\/wp\/v2\/comments?post=6003"}],"version-history":[{"count":2,"href":"https:\/\/mycoland.ee\/en\/wp-json\/wp\/v2\/pages\/6003\/revisions"}],"predecessor-version":[{"id":6007,"href":"https:\/\/mycoland.ee\/en\/wp-json\/wp\/v2\/pages\/6003\/revisions\/6007"}],"wp:attachment":[{"href":"https:\/\/mycoland.ee\/en\/wp-json\/wp\/v2\/media?parent=6003"}],"curies":[{"name":"wp","href":"https:\/\/api.w.org\/{rel}","templated":true}]}}