{"id":5988,"date":"2023-12-15T10:03:52","date_gmt":"2023-12-15T10:03:52","guid":{"rendered":"https:\/\/mycoland.ee\/privacy-policy\/"},"modified":"2023-12-15T10:03:52","modified_gmt":"2023-12-15T10:03:52","slug":"privacy-policy","status":"publish","type":"page","link":"https:\/\/mycoland.ee\/en\/privacy-policy\/","title":{"rendered":"Privacy policy"},"content":{"rendered":"\n<p>Dot and Spot O\u00dc koduleht mycoland.ee kaitseb Teie privaatsust ja arendab tehnoloogiat, mis v\u00f5imaldab Teile kvaliteetse ja turvalise interneti kogemuse. See privaatsusdeklaratsioon kehtib meie\u00a0\u00a0veebisaidi ning ettev\u00f5ttele esitatud tellimuste kohta ning reguleerib andmete kasutamist ja kogumist. Meie veebisaiti k\u00fclastades v\u00f5i tellimust esitades n\u00f5ustute deklaratsioonis kirjeldatud andmekasutusega.<\/p>\n\n<p><strong>Teie isikuandmete kogumine<\/strong><\/p>\n\n<p>Kogume isikuandmeid, nagu n\u00e4iteks Teie nimi, e-posti aadress, telefoninumber, t\u00f6\u00f6koht (juriidilkise isiku esindaja puhul), kodune v\u00f5i t\u00f6\u00f6koha aadress. Kogume ka anon\u00fc\u00fcmset demograafilist teavet, mis ei ole Teie jaoks unikaalne, nagu n\u00e4iteks Teie vanus, sugu, postiindeks, eelistused, huvid. Samuti kogume automaatselt teavet Teie arvuti riist- ja tarkvara kohta. Selle teabe hulka v\u00f5ib kuuluda: Teie IP-aadress, domeeninimed, brauseri t\u00fc\u00fcp, p\u00f6\u00f6rdusajad, asukohale viitavad veebisaidi aadressid. Kasutame seda teavet teenuse osutamiseks, \u00fcldise statistika esitamiseks ja teenuse kvaliteedi tagamiseks k\u00fclastatava veebisaidi kasutamise kohta.<\/p>\n\n<p>Palun v\u00f5tke teadmiseks, et kui te avaldate isikuandmeid v\u00f5i delikaatseid isikuandmeid otse meie avalike suhtluskanalite kaudu, v\u00f5ivad teised inimesed seda teavet koguda ja kasutada. M\u00e4rkus: Me ei loe Teie mis tahes privaatsuhtlust.<\/p>\n\n<p>Palume teil kontrollida meie kodulehelt lingitud veebisaitide privaatsusdeklaratsioone, et teil oleks v\u00f5imalus aru saada, kuidas need veebisaidid koguvad, kasutavad ja jagavad teid puudutavat teavet. Me ei vastuta privaatsusdeklaratsioonide ega muude veebisaitide sisu eest v\u00e4ljaspool meie ettev\u00f5tte veebisaitide kogumit.<\/p>\n\n<p><strong>Teie isikuandmete kasutamine<\/strong><\/p>\n\n<p>Kogume ja kasutame Teie isikuandmeid meie veebisaidi toimimiseks ja Teie n\u00f5utud teenuste osutamiseks. Samuti kasutame Teie isikuandmeid selleks, et teavitada teid meie enda ja meie edasim\u00fc\u00fcjate juures saadaolevatest teistest toodetest ja teenustest. Me v\u00f5ime ka Teiega ise \u00fchendust v\u00f5tta uuringute kaudu, et v\u00e4lja selgitada Teie arvamust praeguste teenuste v\u00f5i v\u00f5imalike uute pakutavate teenuste kohta.<\/p>\n\n<p>Me ei m\u00fc\u00fc, rendi ega jaga oma klientide nimekirju kolmandatele isikutele. V\u00f5ime aeg-ajalt Teiega v\u00e4liste \u00e4ripartnerite nimel \u00fchendust v\u00f5tta seoses konkreetse teid huvitava pakkumisega. Nendel juhtudel ei edastata Teie unikaalset isiku tuvastamist v\u00f5imaldatavat teavet (nimi, telefoninumber, e-post, aadress,) kolmandale osapoolele. Lisaks v\u00f5ime jagada andmeid usaldusv\u00e4\u00e4rsete partneritega, et teha kogutud andmetest statistilist anal\u00fc\u00fcsi, saata Teile e-posti v\u00f5i tavaposti, pakkuda kliendituge v\u00f5i korraldada tellitud kaupade tarneid. K\u00f5ikidel kolmandatel osapooltel on keelatud Teie isikuandmeid kasutada, v\u00e4lja arvatud juhul, kui nad osutavad teenust \u00a0-le ja on kohustatud s\u00e4ilitama Teie isikuandmete konfidentsiaalsuse.<\/p>\n\n<p>Me ei kasuta ega avalda ilma Teie selges\u00f5nalise n\u00f5usolekuta delikaatseid isikuandmeid nagu Teie rassiline, religioosne v\u00f5i poliitiline kuuluvus.<\/p>\n\n<p>Me j\u00e4lgime ettev\u00f5tte veebisaitide ja lehtede k\u00fclastatavust, et kindlaks teha, millised meie teenused on k\u00f5ige populaarsemad. Saadud andmeid kasutatakse kohandatud sisu ja reklaami pakkumiseks klientidele, kelle k\u00e4itumine n\u00e4itab konkreetset huvi teatud valdkonna vastu.<\/p>\n\n<p>Meie veebisaidid avalikustavad Teie isikuandmed ette teatamata ainult siis, kui see on seadusega n\u00f5utud v\u00f5i ollakse heauskselt veendunud, et selline teguviis on vajalik, et: (a) j\u00e4rgida seadusest tulenevaid s\u00e4tteid v\u00f5i veebisaidi \u00f5igustoiminguid; (b) kaitsta ettev\u00f5tte \u00f5iguseid ja vara; ning (c) tegutseda kriitilistes tingimustes, et kaitsta k\u00f5ikide\u00a0\u00a0kasutajate isiklikku turvalisust v\u00f5i avalikkuse huve.<\/p>\n\n<p><strong>K\u00fcpsiste kasutamine<\/strong><\/p>\n\n<p>Meie veebisait kasutab nn \u201ek\u00fcpsiseid\u201c, mis aitavad Teie internetikogemuse isikup\u00e4rastada. K\u00fcpsis on tekstifail, mille veebilehe server Teie k\u00f5vakettale paigutab. K\u00fcpsiseid ei saa kasutada programmide k\u00e4ivitamiseks v\u00f5i Teie arvutisse viiruse paigaldamiseks. K\u00fcpsised on ainult Teile m\u00e4\u00e4ratud ja neid saab lugeda vaid veebiserver domeenis, mis on Teile selle k\u00fcpsise saatnud.<\/p>\n\n<p>K\u00fcpsiste peamine eesm\u00e4rk on pakkuda Teile mugavat ajas\u00e4\u00e4stmist. K\u00fcpsise eesm\u00e4rk on veebiserverile teada anda, et olete teatud lehele tagasi p\u00f6\u00f6rdunud. N\u00e4iteks, kui te isikup\u00e4rastate meie lehti v\u00f5i registreerite end veebisaidiga v\u00f5i meie teenustega, aitab k\u00fcpsis meil Teie j\u00e4rgnevate k\u00fclastuste k\u00e4igus teid ja Teie salvestatud andmeid meeles pidada. See lihtsustab Teie isikuandmete registreerimise protsessi, nagu n\u00e4iteks arveaadressid, tarneaadressid jne. Kui p\u00f6\u00f6rdute tagasi samale veebisaidile, on v\u00f5imalik varem esitatud info \u00fcles leida ning saate kohandatud funktsioone h\u00f5lpsalt kasutada.<\/p>\n\n<p>Teil on v\u00f5imalik k\u00fcpsistega n\u00f5ustuda v\u00f5i neist keelduda. Enamik veebibrausereid n\u00f5ustub k\u00fcpsistega automaatselt, kuid tavaliselt saab soovi korral brauseri seadistusi muuta k\u00fcpsiseid mitte vastu v\u00f5tma. Kui otsustate k\u00fcpsistest keelduda, ei pruugi te t\u00e4ielikult osa saada meie teenuste v\u00f5i veebisaitide poolt pakutavatest k\u00f5ikidest interaktiivsetest funktsioonidest.<\/p>\n\n<p><strong>Teie isikuandmete turvalisus<\/strong><\/p>\n\n<p>Kaitseme Teie isikuandmeid volitamatu juurdep\u00e4\u00e4su, kasutamise v\u00f5i avalikustamise eest. Me tagame, et Teie isikuandmete edastamine serverites toimub kontrollitud ja turvalises keskkonnas, mis on kaitstud kolmandate osapoolte volitamata juurdep\u00e4\u00e4su, kasutamise v\u00f5i avalikustamise eest. Kui isikuandmed (n\u00e4iteks krediitkaardi number) edastatakse teistele veebisaitidele, on see kr\u00fcpteerimise abil kaitstud, n\u00e4iteks turvasoklite kihi (SSL) turbeprotokolli kasutades.<\/p>\n\n<p><strong>Muudatused selles deklaratsioonis<\/strong><\/p>\n\n<p>Uuendame korrap\u00e4raselt seda privaatsusdeklaratsiooni, et kajastada ettev\u00f5tte ja klientide tagasisidet. \u00dchtlasi palume k\u00e4esolev deklaratsioon aeg-ajalt \u00fcle vaadata, et teaksite, kuidas Teie personaalset teavet kaitstakse.<\/p>\n\n<p><strong>Kontaktinfo<\/strong><\/p>\n\n<p>Palume teil julgesti seda privaatsusdeklaratsiooni kommenteerida. Kui arvate, et Dot and Spot O\u00dc ei ole k\u00e4esolevat deklaratsiooni j\u00e4rginud, v\u00f5tke palun \u00fchendust\u00a0info@mycoland.ee. Teeme majanduslikult m\u00f5istlikke j\u00f5upingutusi, et probleemi kiiresti tuvastada ja k\u00f5rvaldada.<\/p>\n","protected":false},"excerpt":{"rendered":"<p>Dot and Spot O\u00dc koduleht mycoland.ee kaitseb Teie privaatsust ja arendab tehnoloogiat, mis v\u00f5imaldab Teile kvaliteetse ja turvalise interneti kogemuse. See privaatsusdeklaratsioon kehtib meie\u00a0\u00a0veebisaidi ning ettev\u00f5ttele esitatud tellimuste kohta ning reguleerib andmete kasutamist ja kogumist. Meie veebisaiti k\u00fclastades v\u00f5i tellimust esitades n\u00f5ustute deklaratsioonis kirjeldatud andmekasutusega. Teie isikuandmete kogumine Kogume isikuandmeid, nagu n\u00e4iteks Teie nimi, e-posti [&hellip;]<\/p>\n","protected":false},"author":2,"featured_media":0,"parent":0,"menu_order":0,"comment_status":"closed","ping_status":"closed","template":"","meta":{"site-sidebar-layout":"default","site-content-layout":"","ast-site-content-layout":"default","site-content-style":"default","site-sidebar-style":"default","ast-global-header-display":"","ast-banner-title-visibility":"","ast-main-header-display":"","ast-hfb-above-header-display":"","ast-hfb-below-header-display":"","ast-hfb-mobile-header-display":"","site-post-title":"","ast-breadcrumbs-content":"","ast-featured-img":"","footer-sml-layout":"","ast-disable-related-posts":"","theme-transparent-header-meta":"","adv-header-id-meta":"","stick-header-meta":"","header-above-stick-meta":"","header-main-stick-meta":"","header-below-stick-meta":"","astra-migrate-meta-layouts":"default","ast-page-background-enabled":"default","ast-page-background-meta":{"desktop":{"background-color":"","background-image":"","background-repeat":"repeat","background-position":"center center","background-size":"auto","background-attachment":"scroll","background-type":"","background-media":"","overlay-type":"","overlay-color":"","overlay-opacity":"","overlay-gradient":""},"tablet":{"background-color":"","background-image":"","background-repeat":"repeat","background-position":"center center","background-size":"auto","background-attachment":"scroll","background-type":"","background-media":"","overlay-type":"","overlay-color":"","overlay-opacity":"","overlay-gradient":""},"mobile":{"background-color":"","background-image":"","background-repeat":"repeat","background-position":"center center","background-size":"auto","background-attachment":"scroll","background-type":"","background-media":"","overlay-type":"","overlay-color":"","overlay-opacity":"","overlay-gradient":""}},"ast-content-background-meta":{"desktop":{"background-color":"var(--ast-global-color-5)","background-image":"","background-repeat":"repeat","background-position":"center center","background-size":"auto","background-attachment":"scroll","background-type":"","background-media":"","overlay-type":"","overlay-color":"","overlay-opacity":"","overlay-gradient":""},"tablet":{"background-color":"var(--ast-global-color-5)","background-image":"","background-repeat":"repeat","background-position":"center center","background-size":"auto","background-attachment":"scroll","background-type":"","background-media":"","overlay-type":"","overlay-color":"","overlay-opacity":"","overlay-gradient":""},"mobile":{"background-color":"var(--ast-global-color-5)","background-image":"","background-repeat":"repeat","background-position":"center center","background-size":"auto","background-attachment":"scroll","background-type":"","background-media":"","overlay-type":"","overlay-color":"","overlay-opacity":"","overlay-gradient":""}},"footnotes":""},"class_list":["post-5988","page","type-page","status-publish","hentry"],"yoast_head":"<!-- This site is optimized with the Yoast SEO plugin v27.1.1 - https:\/\/yoast.com\/product\/yoast-seo-wordpress\/ -->\n<title>Privacy policy - Mycoland<\/title>\n<meta name=\"robots\" content=\"index, follow, max-snippet:-1, max-image-preview:large, max-video-preview:-1\" \/>\n<link rel=\"canonical\" href=\"https:\/\/mycoland.ee\/en\/privacy-policy\/\" \/>\n<meta property=\"og:locale\" content=\"en_US\" \/>\n<meta property=\"og:type\" content=\"article\" \/>\n<meta property=\"og:title\" content=\"Privacy policy - Mycoland\" \/>\n<meta property=\"og:description\" content=\"Dot and Spot O\u00dc koduleht mycoland.ee kaitseb Teie privaatsust ja arendab tehnoloogiat, mis v\u00f5imaldab Teile kvaliteetse ja turvalise interneti kogemuse. See privaatsusdeklaratsioon kehtib meie\u00a0\u00a0veebisaidi ning ettev\u00f5ttele esitatud tellimuste kohta ning reguleerib andmete kasutamist ja kogumist. Meie veebisaiti k\u00fclastades v\u00f5i tellimust esitades n\u00f5ustute deklaratsioonis kirjeldatud andmekasutusega. Teie isikuandmete kogumine Kogume isikuandmeid, nagu n\u00e4iteks Teie nimi, e-posti [&hellip;]\" \/>\n<meta property=\"og:url\" content=\"https:\/\/mycoland.ee\/en\/privacy-policy\/\" \/>\n<meta property=\"og:site_name\" content=\"Mycoland\" \/>\n<meta name=\"twitter:card\" content=\"summary_large_image\" \/>\n<meta name=\"twitter:label1\" content=\"Est. reading time\" \/>\n\t<meta name=\"twitter:data1\" content=\"4 minutes\" \/>\n<script type=\"application\/ld+json\" class=\"yoast-schema-graph\">{\"@context\":\"https:\/\/schema.org\",\"@graph\":[{\"@type\":\"WebPage\",\"@id\":\"https:\/\/mycoland.ee\/en\/privacy-policy\/\",\"url\":\"https:\/\/mycoland.ee\/en\/privacy-policy\/\",\"name\":\"Privacy policy - Mycoland\",\"isPartOf\":{\"@id\":\"https:\/\/mycoland.ee\/#website\"},\"datePublished\":\"2023-12-15T10:03:52+00:00\",\"breadcrumb\":{\"@id\":\"https:\/\/mycoland.ee\/en\/privacy-policy\/#breadcrumb\"},\"inLanguage\":\"en-US\",\"potentialAction\":[{\"@type\":\"ReadAction\",\"target\":[\"https:\/\/mycoland.ee\/en\/privacy-policy\/\"]}]},{\"@type\":\"BreadcrumbList\",\"@id\":\"https:\/\/mycoland.ee\/en\/privacy-policy\/#breadcrumb\",\"itemListElement\":[{\"@type\":\"ListItem\",\"position\":1,\"name\":\"Home\",\"item\":\"https:\/\/www.mycoland.ee\/en\/\"},{\"@type\":\"ListItem\",\"position\":2,\"name\":\"Privacy policy\"}]},{\"@type\":\"WebSite\",\"@id\":\"https:\/\/mycoland.ee\/#website\",\"url\":\"https:\/\/mycoland.ee\/\",\"name\":\"Mycoland\",\"description\":\"Lihtne ja kasulik lahendus s\u00f6\u00f6giseente kasvatuseks!\",\"publisher\":{\"@id\":\"https:\/\/mycoland.ee\/#organization\"},\"potentialAction\":[{\"@type\":\"SearchAction\",\"target\":{\"@type\":\"EntryPoint\",\"urlTemplate\":\"https:\/\/mycoland.ee\/?s={search_term_string}\"},\"query-input\":{\"@type\":\"PropertyValueSpecification\",\"valueRequired\":true,\"valueName\":\"search_term_string\"}}],\"inLanguage\":\"en-US\"},{\"@type\":\"Organization\",\"@id\":\"https:\/\/mycoland.ee\/#organization\",\"name\":\"Mycoland\",\"url\":\"https:\/\/mycoland.ee\/\",\"logo\":{\"@type\":\"ImageObject\",\"inLanguage\":\"en-US\",\"@id\":\"https:\/\/mycoland.ee\/#\/schema\/logo\/image\/\",\"url\":\"https:\/\/mycoland.ee\/wp-content\/uploads\/2020\/10\/Mycoland-logo-taustata-e1602578100166.png\",\"contentUrl\":\"https:\/\/mycoland.ee\/wp-content\/uploads\/2020\/10\/Mycoland-logo-taustata-e1602578100166.png\",\"width\":300,\"height\":128,\"caption\":\"Mycoland\"},\"image\":{\"@id\":\"https:\/\/mycoland.ee\/#\/schema\/logo\/image\/\"}}]}<\/script>\n<!-- \/ Yoast SEO plugin. -->","yoast_head_json":{"title":"Privacy policy - Mycoland","robots":{"index":"index","follow":"follow","max-snippet":"max-snippet:-1","max-image-preview":"max-image-preview:large","max-video-preview":"max-video-preview:-1"},"canonical":"https:\/\/mycoland.ee\/en\/privacy-policy\/","og_locale":"en_US","og_type":"article","og_title":"Privacy policy - Mycoland","og_description":"Dot and Spot O\u00dc koduleht mycoland.ee kaitseb Teie privaatsust ja arendab tehnoloogiat, mis v\u00f5imaldab Teile kvaliteetse ja turvalise interneti kogemuse. See privaatsusdeklaratsioon kehtib meie\u00a0\u00a0veebisaidi ning ettev\u00f5ttele esitatud tellimuste kohta ning reguleerib andmete kasutamist ja kogumist. Meie veebisaiti k\u00fclastades v\u00f5i tellimust esitades n\u00f5ustute deklaratsioonis kirjeldatud andmekasutusega. Teie isikuandmete kogumine Kogume isikuandmeid, nagu n\u00e4iteks Teie nimi, e-posti [&hellip;]","og_url":"https:\/\/mycoland.ee\/en\/privacy-policy\/","og_site_name":"Mycoland","twitter_card":"summary_large_image","twitter_misc":{"Est. reading time":"4 minutes"},"schema":{"@context":"https:\/\/schema.org","@graph":[{"@type":"WebPage","@id":"https:\/\/mycoland.ee\/en\/privacy-policy\/","url":"https:\/\/mycoland.ee\/en\/privacy-policy\/","name":"Privacy policy - Mycoland","isPartOf":{"@id":"https:\/\/mycoland.ee\/#website"},"datePublished":"2023-12-15T10:03:52+00:00","breadcrumb":{"@id":"https:\/\/mycoland.ee\/en\/privacy-policy\/#breadcrumb"},"inLanguage":"en-US","potentialAction":[{"@type":"ReadAction","target":["https:\/\/mycoland.ee\/en\/privacy-policy\/"]}]},{"@type":"BreadcrumbList","@id":"https:\/\/mycoland.ee\/en\/privacy-policy\/#breadcrumb","itemListElement":[{"@type":"ListItem","position":1,"name":"Home","item":"https:\/\/www.mycoland.ee\/en\/"},{"@type":"ListItem","position":2,"name":"Privacy policy"}]},{"@type":"WebSite","@id":"https:\/\/mycoland.ee\/#website","url":"https:\/\/mycoland.ee\/","name":"Mycoland","description":"Lihtne ja kasulik lahendus s\u00f6\u00f6giseente kasvatuseks!","publisher":{"@id":"https:\/\/mycoland.ee\/#organization"},"potentialAction":[{"@type":"SearchAction","target":{"@type":"EntryPoint","urlTemplate":"https:\/\/mycoland.ee\/?s={search_term_string}"},"query-input":{"@type":"PropertyValueSpecification","valueRequired":true,"valueName":"search_term_string"}}],"inLanguage":"en-US"},{"@type":"Organization","@id":"https:\/\/mycoland.ee\/#organization","name":"Mycoland","url":"https:\/\/mycoland.ee\/","logo":{"@type":"ImageObject","inLanguage":"en-US","@id":"https:\/\/mycoland.ee\/#\/schema\/logo\/image\/","url":"https:\/\/mycoland.ee\/wp-content\/uploads\/2020\/10\/Mycoland-logo-taustata-e1602578100166.png","contentUrl":"https:\/\/mycoland.ee\/wp-content\/uploads\/2020\/10\/Mycoland-logo-taustata-e1602578100166.png","width":300,"height":128,"caption":"Mycoland"},"image":{"@id":"https:\/\/mycoland.ee\/#\/schema\/logo\/image\/"}}]}},"_links":{"self":[{"href":"https:\/\/mycoland.ee\/en\/wp-json\/wp\/v2\/pages\/5988","targetHints":{"allow":["GET"]}}],"collection":[{"href":"https:\/\/mycoland.ee\/en\/wp-json\/wp\/v2\/pages"}],"about":[{"href":"https:\/\/mycoland.ee\/en\/wp-json\/wp\/v2\/types\/page"}],"author":[{"embeddable":true,"href":"https:\/\/mycoland.ee\/en\/wp-json\/wp\/v2\/users\/2"}],"replies":[{"embeddable":true,"href":"https:\/\/mycoland.ee\/en\/wp-json\/wp\/v2\/comments?post=5988"}],"version-history":[{"count":2,"href":"https:\/\/mycoland.ee\/en\/wp-json\/wp\/v2\/pages\/5988\/revisions"}],"predecessor-version":[{"id":5995,"href":"https:\/\/mycoland.ee\/en\/wp-json\/wp\/v2\/pages\/5988\/revisions\/5995"}],"wp:attachment":[{"href":"https:\/\/mycoland.ee\/en\/wp-json\/wp\/v2\/media?parent=5988"}],"curies":[{"name":"wp","href":"https:\/\/api.w.org\/{rel}","templated":true}]}}